{"id":3214,"date":"2021-11-05T19:30:57","date_gmt":"2021-11-05T16:30:57","guid":{"rendered":"https:\/\/yourwoodenmap.com\/?page_id=3214"},"modified":"2024-02-23T15:18:20","modified_gmt":"2024-02-23T12:18:20","slug":"privacy-policy","status":"publish","type":"page","link":"https:\/\/yourwoodenmap.com\/et\/privacy-policy\/","title":{"rendered":"Privaatsuspoliitika"},"content":{"rendered":"<div data-elementor-type=\"wp-post\" data-elementor-id=\"3214\" class=\"elementor elementor-3214\">\n\t\t\t\t\t\t<section class=\"elementor-section elementor-top-section elementor-element elementor-element-4850fc6 elementor-section-content-middle elementor-section-boxed elementor-section-height-default elementor-section-height-default\" data-id=\"4850fc6\" data-element_type=\"section\" data-settings=\"{&quot;background_background&quot;:&quot;gradient&quot;}\">\n\t\t\t\t\t\t\t<div class=\"elementor-background-overlay\"><\/div>\n\t\t\t\t\t\t\t<div class=\"elementor-container elementor-column-gap-default\">\n\t\t\t\t\t<div class=\"elementor-column elementor-col-100 elementor-top-column elementor-element elementor-element-0eb4899\" data-id=\"0eb4899\" data-element_type=\"column\">\n\t\t\t<div class=\"elementor-widget-wrap elementor-element-populated\">\n\t\t\t\t\t\t<div class=\"elementor-element elementor-element-112010a elementor-widget elementor-widget-heading\" data-id=\"112010a\" data-element_type=\"widget\" data-widget_type=\"heading.default\">\n\t\t\t\t<div class=\"elementor-widget-container\">\n\t\t\t\t\t<h1 class=\"elementor-heading-title elementor-size-default\">Privaatsuspoliitika<\/h1>\t\t\t\t<\/div>\n\t\t\t\t<\/div>\n\t\t\t\t\t<\/div>\n\t\t<\/div>\n\t\t\t\t\t<\/div>\n\t\t<\/section>\n\t\t\t\t<section class=\"elementor-section elementor-top-section elementor-element elementor-element-80ece1f elementor-section-boxed elementor-section-height-default elementor-section-height-default\" data-id=\"80ece1f\" data-element_type=\"section\">\n\t\t\t\t\t\t<div class=\"elementor-container elementor-column-gap-default\">\n\t\t\t\t\t<div class=\"elementor-column elementor-col-100 elementor-top-column elementor-element elementor-element-04d6479\" data-id=\"04d6479\" data-element_type=\"column\">\n\t\t\t<div class=\"elementor-widget-wrap elementor-element-populated\">\n\t\t\t\t\t\t<div class=\"elementor-element elementor-element-e92b72d elementor-widget elementor-widget-spacer\" data-id=\"e92b72d\" data-element_type=\"widget\" data-widget_type=\"spacer.default\">\n\t\t\t\t<div class=\"elementor-widget-container\">\n\t\t\t\t\t\t\t<div class=\"elementor-spacer\">\n\t\t\t<div class=\"elementor-spacer-inner\"><\/div>\n\t\t<\/div>\n\t\t\t\t\t\t<\/div>\n\t\t\t\t<\/div>\n\t\t\t\t\t<\/div>\n\t\t<\/div>\n\t\t\t\t\t<\/div>\n\t\t<\/section>\n\t\t\t\t<section class=\"elementor-section elementor-top-section elementor-element elementor-element-55543e5 elementor-section-boxed elementor-section-height-default elementor-section-height-default\" data-id=\"55543e5\" data-element_type=\"section\">\n\t\t\t\t\t\t<div class=\"elementor-container elementor-column-gap-default\">\n\t\t\t\t\t<div class=\"elementor-column elementor-col-100 elementor-top-column elementor-element elementor-element-5f2cf34\" data-id=\"5f2cf34\" data-element_type=\"column\">\n\t\t\t<div class=\"elementor-widget-wrap elementor-element-populated\">\n\t\t\t\t\t\t<div class=\"elementor-element elementor-element-645bf0d elementor-widget elementor-widget-text-editor\" data-id=\"645bf0d\" data-element_type=\"widget\" data-widget_type=\"text-editor.default\">\n\t\t\t\t<div class=\"elementor-widget-container\">\n\t\t\t\t\t\t\t\t\t<p>Viimati uuendatud 2021-11-05<\/p><p>M\u00d5ISTED<\/p><p>Andmete vastutav t\u00f6\u00f6tleja ja veebisaidi operaator <a href=\"https:\/\/yourwoodenmap.com\/et\/\">https:\/\/yourwoodenmap.com\/<\/a> (edaspidi \"vastutav t\u00f6\u00f6tleja\") on MB \"Domo lazeriai\", registrikood 305344823, e-posti aadress <a href=\"mailto:info@yourwoodenmap.com\">info@yourwoodenmap.com<\/a>.<\/p><p>Domo lazeriai, MB<\/p><p>Ettev\u00f5tte ID: 305344823<\/p><p>U\u017eugriovio g. 5, U\u017eugriovis, LT-14256 Vilniaus r.<\/p><p>+37060991045<\/p><p>info@yourwoodenmap.com<\/p><p>1.2. Ostja - f\u00fc\u00fcsiline v\u00f5i juriidiline isik, kes on ostnud kaupu e-poest. <a href=\"https:\/\/yourwoodenmap.com\/et\/\">https:\/\/yourwoodenmap.com\/<\/a><\/p><p>1.3. Isikuandmete t\u00f6\u00f6tlemise eeskirjad (edaspidi \"eeskirjad\") reguleerivad isikuandmete kogumise, t\u00f6\u00f6tlemise ja s\u00e4ilitamise p\u00f5hiprintsiibid, mida vastutav t\u00f6\u00f6tleja kasutab Ostja isikuandmete t\u00f6\u00f6tlemise alusena.<\/p><p>\u00dcLDS\u00c4TTED<\/p><p>2.1. K\u00e4esolev privaatsuspoliitika reguleerib elektroonilise kaupluse isikuandmete kogumise, t\u00f6\u00f6tlemise ja s\u00e4ilitamise p\u00f5hiprintsiibid ja menetlused. <a href=\"https:\/\/yourwoodenmap.com\/et\/\">https:\/\/yourwoodenmap.com\/<\/a> (edaspidi \"vastutav t\u00f6\u00f6tleja\") ja andmekaitseinspektor (edaspidi \"vastutav t\u00f6\u00f6tleja\") ning <a href=\"https:\/\/yourwoodenmap.com\/et\/\">https:\/\/yourwoodenmap.com\/<\/a> klient (edaspidi \"ostja\").<\/p><p>2.2. Ostja isikuandmete kogumine, t\u00f6\u00f6tlemine ja s\u00e4ilitamine on reguleeritud k\u00e4esoleva privaatsuspoliitikaga, Leedu Vabariigi isikuandmete kaitse seadusega ja muude \u00f5igusaktidega.<\/p><p>2.3. Andmete esitamisega e-poes n\u00f5ustute, et vastutav t\u00f6\u00f6tleja haldab ja t\u00f6\u00f6tleb teie isikuandmeid k\u00e4esolevas privaatsuspoliitikas ja \u00f5igusaktides s\u00e4testatud eesm\u00e4rkidel, vahenditega ja korras.<\/p><p>2.4. Vastutav t\u00f6\u00f6tleja kohustub m\u00fc\u00fcma kaupu f\u00fc\u00fcsilistele isikutele, kes ei ole nooremad kui 16 aastat. Kui ostja on alla 16-aastane, v\u00f5ib ostja osta ainult vanemate v\u00f5i eestkostja n\u00f5usolekul.<\/p><p>ISIKUANDMETE KOGUMINE, T\u00d6\u00d6TLEMINE JA S\u00c4ILITAMINE<\/p><p>3.1. Vastutav t\u00f6\u00f6tleja j\u00e4rgib j\u00e4rgmisi isikuandmete t\u00f6\u00f6tlemise alusp\u00f5him\u00f5tteid:<br \/>3.1.1. Isikuandmeid kogutakse kindlaksm\u00e4\u00e4ratud ja seaduslikel eesm\u00e4rkidel.<br \/>3.1.2. Isikuandmeid t\u00f6\u00f6deldakse t\u00e4pselt ja \u00f5iglaselt.<br \/>3.1.3. Isikuandmeid ajakohastatakse pidevalt.<br \/>3.1.4. Isikuandmeid ei s\u00e4ilitata kauem, kui see on vajalik andmete t\u00f6\u00f6tlemise eesm\u00e4rkide saavutamiseks.<br \/>3.1.5. Isikuandmeid t\u00f6\u00f6tlevad ainult need t\u00f6\u00f6tajad, kellele on antud selline \u00f5igus.<br \/>3.1.6. Kogu teave t\u00f6\u00f6deldavate isikuandmete kohta on konfidentsiaalne.<\/p><p>3.2. Ostja n\u00f5ustub, et tema poolt tellimuse esitamisel vabatahtlikult esitatud isikuandmeid t\u00f6\u00f6deldakse vastavalt j\u00e4rgmistele reeglitele:<\/p><p>3.2.1. Ostjal on \u00f5igus tutvuda oma isikuandmetega, tal on \u00f5igus teada, milliseid tema isikuandmeid me oleme kogunud, tal on \u00f5igus teada saada, millistele andmesaajatele on tema isikuandmed edastatud ja millised on edastatud viimase 1 aasta jooksul, tal on \u00f5igus n\u00f5uda eba\u00f5igete, ebat\u00e4ielike ja ebat\u00e4psete isikuandmete parandamist, tal on \u00f5igus n\u00f5uda enda kohta kogutud andmete kustutamist ja tal on \u00f5igus n\u00f5uda kogutud isikuandmete t\u00f6\u00f6tlemise l\u00f5petamist, kusjuures k\u00f5ike seda saab taotleda, kirjutades e-kirja aadressil <a href=\"mailto:info@yourwoodenmap.com\">info@yourwoodenmap.com<\/a>. Sellisel juhul peab m\u00fc\u00fcja viivitamatult (1-2 p\u00e4eva jooksul) t\u00e4itma Ostja soovi ja kustutama v\u00f5i usaldusv\u00e4\u00e4rselt depersonaliseerima Ostja andmed. Kui m\u00fc\u00fcja n\u00e4eb ohtu isikuandmetele, on tal \u00f5igus n\u00f5uda isikut t\u00f5endava dokumendi kinnitamist, mis v\u00f5imaldab Ostjat \u00f5igesti tuvastada.<\/p><p>3.3. Vastutav t\u00f6\u00f6tleja tunnustab ja austab iga Ostja \u00f5igust eraelu puutumatusele, kes teeb tellimuse veebipoes. <a href=\"https:\/\/yourwoodenmap.com\/et\/\">https:\/\/yourwoodenmap.com\/<\/a>. Vastutav t\u00f6\u00f6tleja kogub ja kasutab Ostja isikuandmeid (nimi v\u00f5i isikunimi, aadress, telefoninumber, e-posti aadress ja muud veebipoes tellimisel m\u00e4\u00e4ratud andmed) kaupade v\u00f5i teenuste tellimuste t\u00f6\u00f6tlemiseks v\u00f5i muude v\u00f5etud lepinguliste kohustuste t\u00e4itmiseks.  Tellimuse tegemisel v\u00f5ib Klient v\u00e4ljendada oma n\u00f5usolekut\/mitten\u00f5ustumist oma isikuandmete kasutamisega otseturunduse eesm\u00e4rgil. Ta teeb seda, m\u00e4rgistades (n\u00f5ustun oma isikuandmete kasutamisega otseturunduse eesm\u00e4rgil) v\u00f5i mitte m\u00e4rgistades (ei n\u00f5ustu). Me saadame igan\u00e4dalased uudiskirjad kliendi poolt m\u00e4\u00e4ratud e-posti aadressile ja anname v\u00f5imaluse uudiskirjast loobuda (uudiskirja l\u00f5pus on valik: \"loobu tellimusest\" - p\u00e4rast selle lingi vajutamist klient uudiskirja enam ei saa).<\/p><p>ISIKUANDMETE EDASTAMINE KOLMANDATELE ISIKUTELE<\/p><p>4.1. Vastutav t\u00f6\u00f6tleja kohustub mitte avaldama Ostja isikuandmeid kolmandatele isikutele, v\u00e4lja arvatud vastutava t\u00f6\u00f6tleja partneritele, kes osutavad kaupade tarnimist v\u00f5i muid teenuseid, mis on seotud Ostja tellimuse n\u00f5uetekohase t\u00e4itmisega. K\u00f5igil muudel juhtudel v\u00f5ib Ostja isikuandmeid kolmandatele isikutele avaldada ainult Leedu Vabariigi \u00f5igusaktides s\u00e4testatud korras.<\/p><p>REGISTREERIMISE ESITAMISE EESKIRJAD<\/p><p>5.1. Ostja peab registreerimisvormil esitama enda kohta t\u00e4ieliku, t\u00e4ieliku ja \u00f5ige teabe. Kui ostja esitas registreerimisvormis ebat\u00e4pseid, valesid v\u00f5i eksitavaid andmeid, on vastutaval t\u00f6\u00f6tlejal \u00f5igus t\u00fchistada ostja registreerimine ja kustutada andmed v\u00f5i piirata ostja v\u00f5imalust e-poodi kasutada.<\/p><p>5.2. Ostjal on \u00f5igus igal ajal muuta ja\/v\u00f5i ajakohastada registreerimisvormil esitatud andmeid.<\/p><p>REEGLITE MUUTMINE<\/p><p>6.1. Vastutaval t\u00f6\u00f6tlejal on \u00f5igus muuta reegleid tervikuna v\u00f5i osaliselt p\u00e4rast seda, kui ta on teavitanud k\u00f5iki, kes on <a href=\"https:\/\/yourwoodenmap.com\/et\/\">https:\/\/yourwoodenmap.com\/<\/a> veebipood.<\/p><p>6.2. Reeglite t\u00e4iendused v\u00f5i muudatused j\u00f5ustuvad nende avaldamise kuup\u00e4evast, st kuup\u00e4evast, mil need ilmuvad veebipoes. <a href=\"https:\/\/yourwoodenmap.com\/et\/\">https:\/\/yourwoodenmap.com\/<\/a>.<\/p><p>6.3. Kui ostja ei n\u00f5ustu reeglite uue versiooniga, on tal \u00f5igus neist kirjalikult keelduda.<\/p><p>6.4. Kui p\u00e4rast reeglite t\u00e4iendamist v\u00f5i muutmist j\u00e4tkab Ostja e-poe (e-poe) teenuste kasutamist, loetakse, et Ostja n\u00f5ustub reeglite uue versiooniga.<\/p><p>TEABE ESITAMINE JA S\u00c4ILITAMINE<\/p><p>7.1. K\u00f5ik isikuandmete t\u00f6\u00f6tlemisega seotud teated edastatakse vastutavale t\u00f6\u00f6tlejale e-posti teel. <a href=\"mailto:info@yourwoodenmap.com\">info@yourwoodenmap.com<\/a><\/p><p>7.2. Vastutav t\u00f6\u00f6tleja esitab vastuse samas vormis, nagu teade v\u00f5i n\u00f5ue saadi.<\/p><p>Kui teil on k\u00fcsimusi ja ettepanekuid, palun saatke meile e-kiri aadressil <a href=\"mailto:info@yourwoodenmap.com\">info@yourwoodenmap.com<\/a><\/p><p>Ettev\u00f5tte andmed:<\/p><ul><li>Domo lazeriai, MB<\/li><li>Ettev\u00f5tte ID: 305344823<\/li><li>U\u017eugriovio g. 5, U\u017eugriovis, LT-14256 Vilniaus r.<\/li><li>+37060991045<\/li><li>info@yourwoodenmap.com<\/li><\/ul><div id=\"simple-translate\"><div><div class=\"simple-translate-button isShow\" style=\"background-image: url('chrome-extension:\/\/ibplnjkanclpjokhdolnendpplpjiace\/icons\/512.png'); height: 22px; width: 22px; top: 176px; left: 191px;\">\u00a0<\/div><div class=\"simple-translate-panel\" style=\"width: 300px; height: 200px; top: 0px; left: 0px; font-size: 13px; background-color: #ffffff;\"><div class=\"simple-translate-result-wrapper\" style=\"overflow: hidden;\"><div class=\"simple-translate-move\" draggable=\"true\">\u00a0<\/div><div class=\"simple-translate-result-contents\"><p class=\"simple-translate-result\" dir=\"auto\" style=\"color: #000000;\">\u00a0<\/p><p class=\"simple-translate-candidate\" dir=\"auto\" style=\"color: #737373;\">\u00a0<\/p><\/div><\/div><\/div><\/div><\/div>\t\t\t\t\t\t\t\t<\/div>\n\t\t\t\t<\/div>\n\t\t\t\t\t<\/div>\n\t\t<\/div>\n\t\t\t\t\t<\/div>\n\t\t<\/section>\n\t\t\t\t<\/div>","protected":false},"excerpt":{"rendered":"<p>Privaatsuspoliitika Viimati uuendatud 2021-11-05 M\u00d5ISTED Vastutav t\u00f6\u00f6tleja ja veebilehe https:\/\/yourwoodenmap.com\/ operaator (edaspidi \"vastutav t\u00f6\u00f6tleja\") on MB \"Domo lazeriai\", registrikood 305344823, e-posti aadress info@yourwoodenmap.com. Domo lazeriai, MB Ettev\u00f5tte ID: 305344823 U\u017eugriovio g. 5, U\u017eugriovis, LT-14256 Vilniaus r. +37060991045 info@yourwoodenmap.com 1.2. Ostja - f\u00fc\u00fcsiline v\u00f5i juriidiline [...]<\/p>","protected":false},"author":1,"featured_media":0,"parent":0,"menu_order":0,"comment_status":"closed","ping_status":"closed","template":"","meta":{"_seopress_robots_primary_cat":"","_seopress_titles_title":"Protecting Your Information: Explore YourWoodenMap&#039;s Privacy Policy","_seopress_titles_desc":"Understand your data rights and how we protect your privacy when using YourWoodenMap. Read our comprehensive Privacy Policy now. ","_seopress_robots_index":"","_monsterinsights_skip_tracking":false,"_monsterinsights_sitenote_active":false,"_monsterinsights_sitenote_note":"","_monsterinsights_sitenote_category":0,"site-sidebar-layout":"no-sidebar","site-content-layout":"page-builder","ast-site-content-layout":"full-width-container","site-content-style":"unboxed","site-sidebar-style":"unboxed","ast-global-header-display":"","ast-banner-title-visibility":"","ast-main-header-display":"","ast-hfb-above-header-display":"","ast-hfb-below-header-display":"","ast-hfb-mobile-header-display":"","site-post-title":"disabled","ast-breadcrumbs-content":"","ast-featured-img":"disabled","footer-sml-layout":"","theme-transparent-header-meta":"enabled","adv-header-id-meta":"","stick-header-meta":"","header-above-stick-meta":"","header-main-stick-meta":"","header-below-stick-meta":"","astra-migrate-meta-layouts":"set","ast-page-background-enabled":"default","ast-page-background-meta":{"desktop":{"background-color":"","background-image":"","background-repeat":"repeat","background-position":"center center","background-size":"auto","background-attachment":"scroll","background-type":"","background-media":"","overlay-type":"","overlay-color":"","overlay-opacity":"","overlay-gradient":""},"tablet":{"background-color":"","background-image":"","background-repeat":"repeat","background-position":"center center","background-size":"auto","background-attachment":"scroll","background-type":"","background-media":"","overlay-type":"","overlay-color":"","overlay-opacity":"","overlay-gradient":""},"mobile":{"background-color":"","background-image":"","background-repeat":"repeat","background-position":"center center","background-size":"auto","background-attachment":"scroll","background-type":"","background-media":"","overlay-type":"","overlay-color":"","overlay-opacity":"","overlay-gradient":""}},"ast-content-background-meta":{"desktop":{"background-color":"var(--ast-global-color-5)","background-image":"","background-repeat":"repeat","background-position":"center center","background-size":"auto","background-attachment":"scroll","background-type":"","background-media":"","overlay-type":"","overlay-color":"","overlay-opacity":"","overlay-gradient":""},"tablet":{"background-color":"var(--ast-global-color-5)","background-image":"","background-repeat":"repeat","background-position":"center center","background-size":"auto","background-attachment":"scroll","background-type":"","background-media":"","overlay-type":"","overlay-color":"","overlay-opacity":"","overlay-gradient":""},"mobile":{"background-color":"var(--ast-global-color-5)","background-image":"","background-repeat":"repeat","background-position":"center center","background-size":"auto","background-attachment":"scroll","background-type":"","background-media":"","overlay-type":"","overlay-color":"","overlay-opacity":"","overlay-gradient":""}},"footnotes":""},"class_list":["post-3214","page","type-page","status-publish","hentry"],"_links":{"self":[{"href":"https:\/\/yourwoodenmap.com\/et\/wp-json\/wp\/v2\/pages\/3214","targetHints":{"allow":["GET"]}}],"collection":[{"href":"https:\/\/yourwoodenmap.com\/et\/wp-json\/wp\/v2\/pages"}],"about":[{"href":"https:\/\/yourwoodenmap.com\/et\/wp-json\/wp\/v2\/types\/page"}],"author":[{"embeddable":true,"href":"https:\/\/yourwoodenmap.com\/et\/wp-json\/wp\/v2\/users\/1"}],"replies":[{"embeddable":true,"href":"https:\/\/yourwoodenmap.com\/et\/wp-json\/wp\/v2\/comments?post=3214"}],"version-history":[{"count":2,"href":"https:\/\/yourwoodenmap.com\/et\/wp-json\/wp\/v2\/pages\/3214\/revisions"}],"predecessor-version":[{"id":4753,"href":"https:\/\/yourwoodenmap.com\/et\/wp-json\/wp\/v2\/pages\/3214\/revisions\/4753"}],"wp:attachment":[{"href":"https:\/\/yourwoodenmap.com\/et\/wp-json\/wp\/v2\/media?parent=3214"}],"curies":[{"name":"wp","href":"https:\/\/api.w.org\/{rel}","templated":true}]}}