{"id":3225,"date":"2021-11-05T19:36:49","date_gmt":"2021-11-05T16:36:49","guid":{"rendered":"https:\/\/yourwoodenmap.com\/?page_id=3225"},"modified":"2024-02-23T15:05:54","modified_gmt":"2024-02-23T12:05:54","slug":"shipping-and-returns","status":"publish","type":"page","link":"https:\/\/yourwoodenmap.com\/et\/shipping-and-returns\/","title":{"rendered":"Kohaletoimetamine ja tagastamine"},"content":{"rendered":"<div data-elementor-type=\"wp-post\" data-elementor-id=\"3225\" class=\"elementor elementor-3225\">\n\t\t\t\t\t\t<section class=\"elementor-section elementor-top-section elementor-element elementor-element-4850fc6 elementor-section-content-middle elementor-section-boxed elementor-section-height-default elementor-section-height-default\" data-id=\"4850fc6\" data-element_type=\"section\" data-settings=\"{&quot;background_background&quot;:&quot;gradient&quot;}\">\n\t\t\t\t\t\t\t<div class=\"elementor-background-overlay\"><\/div>\n\t\t\t\t\t\t\t<div class=\"elementor-container elementor-column-gap-default\">\n\t\t\t\t\t<div class=\"elementor-column elementor-col-100 elementor-top-column elementor-element elementor-element-0eb4899\" data-id=\"0eb4899\" data-element_type=\"column\">\n\t\t\t<div class=\"elementor-widget-wrap elementor-element-populated\">\n\t\t\t\t\t\t<div class=\"elementor-element elementor-element-112010a elementor-widget elementor-widget-heading\" data-id=\"112010a\" data-element_type=\"widget\" data-widget_type=\"heading.default\">\n\t\t\t\t<div class=\"elementor-widget-container\">\n\t\t\t\t\t<h1 class=\"elementor-heading-title elementor-size-default\">Kohaletoimetamine ja tagastamine<\/h1>\t\t\t\t<\/div>\n\t\t\t\t<\/div>\n\t\t\t\t\t<\/div>\n\t\t<\/div>\n\t\t\t\t\t<\/div>\n\t\t<\/section>\n\t\t\t\t<section class=\"elementor-section elementor-top-section elementor-element elementor-element-80ece1f elementor-section-boxed elementor-section-height-default elementor-section-height-default\" data-id=\"80ece1f\" data-element_type=\"section\">\n\t\t\t\t\t\t<div class=\"elementor-container elementor-column-gap-default\">\n\t\t\t\t\t<div class=\"elementor-column elementor-col-100 elementor-top-column elementor-element elementor-element-04d6479\" data-id=\"04d6479\" data-element_type=\"column\">\n\t\t\t<div class=\"elementor-widget-wrap elementor-element-populated\">\n\t\t\t\t\t\t<div class=\"elementor-element elementor-element-e92b72d elementor-widget elementor-widget-spacer\" data-id=\"e92b72d\" data-element_type=\"widget\" data-widget_type=\"spacer.default\">\n\t\t\t\t<div class=\"elementor-widget-container\">\n\t\t\t\t\t\t\t<div class=\"elementor-spacer\">\n\t\t\t<div class=\"elementor-spacer-inner\"><\/div>\n\t\t<\/div>\n\t\t\t\t\t\t<\/div>\n\t\t\t\t<\/div>\n\t\t\t\t\t<\/div>\n\t\t<\/div>\n\t\t\t\t\t<\/div>\n\t\t<\/section>\n\t\t\t\t<section class=\"elementor-section elementor-top-section elementor-element elementor-element-8853c1b elementor-section-boxed elementor-section-height-default elementor-section-height-default\" data-id=\"8853c1b\" data-element_type=\"section\">\n\t\t\t\t\t\t<div class=\"elementor-container elementor-column-gap-default\">\n\t\t\t\t\t<div class=\"elementor-column elementor-col-100 elementor-top-column elementor-element elementor-element-3499a99\" data-id=\"3499a99\" data-element_type=\"column\">\n\t\t\t<div class=\"elementor-widget-wrap elementor-element-populated\">\n\t\t\t\t\t\t<div class=\"elementor-element elementor-element-9f362e4 elementor-widget elementor-widget-text-editor\" data-id=\"9f362e4\" data-element_type=\"widget\" data-widget_type=\"text-editor.default\">\n\t\t\t\t<div class=\"elementor-widget-container\">\n\t\t\t\t\t\t\t\t\t<p>TAGASIMAKSE POLIITIKA<\/p><p>Oleme nii veendunud, et meie teenused meeldivad teile absoluutselt, et oleme valmis pakkuma 30-p\u00e4evast riskivaba raha tagasi garantiid. Kui te ei ole teenusega mingil p\u00f5hjusel rahul, saate 30 p\u00e4eva jooksul p\u00e4rast ostu sooritamist raha tagasi. Palun pidage meeles, et kuigi me pakume t\u00e4ielikku raha tagasi garantiid, tagastame raha ainult kasutamata kauba eest.<\/p><p>V\u00f5tke meiega \u00fchendust<\/p><p>Kui soovite meiega \u00fchendust v\u00f5tta seoses mis tahes k\u00fcsimusega, mis on seotud k\u00e4esoleva tagasimaksepoliitikaga, v\u00f5ite saata e-kirja aadressil <a href=\"mailto:info@yourwoodenmap.com\">info@yourwoodenmap.com<\/a><\/p><p>Tagastamise tingimused:<\/p><p>Vigane kaup tagastatakse vastavalt majandusministri 29. juuni 2001. aasta m\u00e4\u00e4rusega nr 217 \"Tagastamise ja vahetamise eeskirjade kinnitamise kohta\" kinnitatud kauba tagastamise ja vahetamise eeskirjadele.<\/p><p>Kvaliteetsete kaupade tagastamisel peavad olema t\u00e4idetud j\u00e4rgmised tingimused:<\/p><p>Ostja teavitab M\u00fc\u00fcjat kauba tagastamisest vastavalt kauba tagastamiseks kehtestatud t\u00e4htaegadele - 14 p\u00e4eva alates kauba k\u00e4ttesaamise kuup\u00e4evast.<\/p><p>Ostja ei tohi toodet kahjustada\/rikkuda.<\/p><p>Tagastatav toode peab olema korralikus originaalpakendis, kasutamata (ei ole testitud), ei tohi kaotada oma kaubandusliku v\u00e4limuse (kahjustamata sildid, koorimata kaitsekiled jne) (see punkt ei kehti defektse toote tagastamise korral).<\/p><p>Tagastatav toode peab olema sama komplektiga, nagu see saadi.<\/p><p>Kauba tagastamisel tuleb esitada saadud arve v\u00f5i muu ostu t\u00f5endav dokument.<\/p><p>Kui toode ei ole t\u00e4ielik, kahjustatud, ebakorrektne v\u00f5i ebakorrektselt pakitud, on m\u00fc\u00fcjal \u00f5igus toodet mitte vastu v\u00f5tta, keelduda selle vahetamisest ja mitte tagastada Ostja poolt toote eest makstud raha.<\/p><p>Kaupade tagastamine:<\/p><p>Kaup tuleb tagastada m\u00fc\u00fcjale j\u00e4rgmisel aadressil: Uzugriovio g. 5,<br \/>Uzugriovis, LT-14256 Vilniaus r., saates kauba mis tahes standardsel viisil, mis on ostjale vastuv\u00f5etav (Leedu Post, posti, kullerteenused).<\/p><p>Kvaliteetsete kaupade tagastamise kulud kannab ostja.<\/p><p>Vigane kaup tagastatakse v\u00f5i asendatakse m\u00fc\u00fcja kulul. Kauba tagastamisel v\u00f5i vahetamisel on vaja esitada ostuarve ja p\u00e4rast maksmist saadud kviitung\/arve tagasisaatmise teenuse eest.<\/p><p>Raha tagasi tingimused<\/p><p>P\u00e4rast kauba k\u00e4ttesaamist ja selle seisukorra hindamist tagastatakse kauba eest makstud summa 30 p\u00e4eva jooksul alates kauba tagastamise kuup\u00e4evast Ostja poolt m\u00e4\u00e4ratud pangakontole.<\/p><p>Kvaliteetsete kaupade tagastamisel tagastatakse ainult ostetud kauba v\u00e4\u00e4rtus (saatekulud kannab ostja).<\/p><p>Defektse kauba tagastamisel tagastatakse ostjale kogu kauba v\u00e4\u00e4rtuse ja transpordikulude summa.<\/p><p>Kui Ostja soovib defektse kauba vahetada kvaliteetse kauba (esemete) vastu, tasub M\u00fc\u00fcja ainult Ostja poolt kantud transpordikulud ja tarnib kvaliteetse kauba Ostjale omal kulul.<\/p><p>Mida teha, kui mul on toote kohta kaebusi?<\/p><p>Kui teil on probleeme meie toodetega, v\u00f5tke meiega \u00fchendust aadressil <a href=\"mailto:info@yourwoodenmap.com\">info@yourwoodenmap.com<\/a> v\u00f5i telefoni teel: <a href=\"tel: 37060991045\">+370 609 91045<\/a><\/p><p>Laevandus<\/p><p>\u00dcldine Allj\u00e4rgnev kehtib j\u00e4rgmiste veebilehtede kohta <a href=\"https:\/\/yourwoodenmap.com\/et\/\">https:\/\/yourwoodenmap.com\/<\/a><\/p><p>Selle veebilehe kasutamisega n\u00f5ustute vastutuse v\u00f5tmise kohustusega.<\/p><p>EL S\u00d5BRALIK (v\u00e4lja arvatud K\u00fcpros, Malta, \u0160veits, Norra) - tellige kaart ELi ja \u00e4rge makske tollimaksu (alates 5. augustist 2020).<\/p><p>\u00dclej\u00e4\u00e4nud riikide puhul palume t\u00e4hele panna, et paki suurte m\u00f5\u00f5tmete t\u00f5ttu peate maksma tolli- ja impordimakse.<\/p><p>Maksude suurus s\u00f5ltub teie riigi seadustest. Me ei vastuta nende eest.<\/p>\t\t\t\t\t\t\t\t<\/div>\n\t\t\t\t<\/div>\n\t\t\t\t\t<\/div>\n\t\t<\/div>\n\t\t\t\t\t<\/div>\n\t\t<\/section>\n\t\t\t\t<\/div>","protected":false},"excerpt":{"rendered":"<p>Kohaletoimetamine ja tagastamine TAGASIMAKSE POLIITIKA Oleme nii veendunud, et meie teenused meeldivad teile absoluutselt, et oleme valmis pakkuma 30-p\u00e4evast riskivaba raha tagasi garantiid. Kui te ei ole teenusega mingil p\u00f5hjusel rahul, saate 30 p\u00e4eva jooksul p\u00e4rast ostu sooritamist raha tagasi. Palun pidage meeles, et kuigi [...]<\/p>","protected":false},"author":1,"featured_media":0,"parent":0,"menu_order":0,"comment_status":"closed","ping_status":"closed","template":"","meta":{"_seopress_robots_primary_cat":"","_seopress_titles_title":"Know Before You Buy: Shipping &amp; Returns Info for Your Wooden Map","_seopress_titles_desc":"Get all the info you need before buying! Explore transparent shipping costs, estimated delivery times, &amp; our return policy for your wooden map.","_seopress_robots_index":"","_monsterinsights_skip_tracking":false,"_monsterinsights_sitenote_active":false,"_monsterinsights_sitenote_note":"","_monsterinsights_sitenote_category":0,"site-sidebar-layout":"no-sidebar","site-content-layout":"page-builder","ast-site-content-layout":"full-width-container","site-content-style":"unboxed","site-sidebar-style":"unboxed","ast-global-header-display":"","ast-banner-title-visibility":"","ast-main-header-display":"","ast-hfb-above-header-display":"","ast-hfb-below-header-display":"","ast-hfb-mobile-header-display":"","site-post-title":"disabled","ast-breadcrumbs-content":"","ast-featured-img":"disabled","footer-sml-layout":"","theme-transparent-header-meta":"enabled","adv-header-id-meta":"","stick-header-meta":"","header-above-stick-meta":"","header-main-stick-meta":"","header-below-stick-meta":"","astra-migrate-meta-layouts":"set","ast-page-background-enabled":"default","ast-page-background-meta":{"desktop":{"background-color":"","background-image":"","background-repeat":"repeat","background-position":"center center","background-size":"auto","background-attachment":"scroll","background-type":"","background-media":"","overlay-type":"","overlay-color":"","overlay-opacity":"","overlay-gradient":""},"tablet":{"background-color":"","background-image":"","background-repeat":"repeat","background-position":"center center","background-size":"auto","background-attachment":"scroll","background-type":"","background-media":"","overlay-type":"","overlay-color":"","overlay-opacity":"","overlay-gradient":""},"mobile":{"background-color":"","background-image":"","background-repeat":"repeat","background-position":"center center","background-size":"auto","background-attachment":"scroll","background-type":"","background-media":"","overlay-type":"","overlay-color":"","overlay-opacity":"","overlay-gradient":""}},"ast-content-background-meta":{"desktop":{"background-color":"var(--ast-global-color-5)","background-image":"","background-repeat":"repeat","background-position":"center center","background-size":"auto","background-attachment":"scroll","background-type":"","background-media":"","overlay-type":"","overlay-color":"","overlay-opacity":"","overlay-gradient":""},"tablet":{"background-color":"var(--ast-global-color-5)","background-image":"","background-repeat":"repeat","background-position":"center center","background-size":"auto","background-attachment":"scroll","background-type":"","background-media":"","overlay-type":"","overlay-color":"","overlay-opacity":"","overlay-gradient":""},"mobile":{"background-color":"var(--ast-global-color-5)","background-image":"","background-repeat":"repeat","background-position":"center center","background-size":"auto","background-attachment":"scroll","background-type":"","background-media":"","overlay-type":"","overlay-color":"","overlay-opacity":"","overlay-gradient":""}},"footnotes":""},"class_list":["post-3225","page","type-page","status-publish","hentry"],"_links":{"self":[{"href":"https:\/\/yourwoodenmap.com\/et\/wp-json\/wp\/v2\/pages\/3225","targetHints":{"allow":["GET"]}}],"collection":[{"href":"https:\/\/yourwoodenmap.com\/et\/wp-json\/wp\/v2\/pages"}],"about":[{"href":"https:\/\/yourwoodenmap.com\/et\/wp-json\/wp\/v2\/types\/page"}],"author":[{"embeddable":true,"href":"https:\/\/yourwoodenmap.com\/et\/wp-json\/wp\/v2\/users\/1"}],"replies":[{"embeddable":true,"href":"https:\/\/yourwoodenmap.com\/et\/wp-json\/wp\/v2\/comments?post=3225"}],"version-history":[{"count":1,"href":"https:\/\/yourwoodenmap.com\/et\/wp-json\/wp\/v2\/pages\/3225\/revisions"}],"predecessor-version":[{"id":4749,"href":"https:\/\/yourwoodenmap.com\/et\/wp-json\/wp\/v2\/pages\/3225\/revisions\/4749"}],"wp:attachment":[{"href":"https:\/\/yourwoodenmap.com\/et\/wp-json\/wp\/v2\/media?parent=3225"}],"curies":[{"name":"wp","href":"https:\/\/api.w.org\/{rel}","templated":true}]}}