{"id":4172,"date":"2023-08-24T17:21:30","date_gmt":"2023-08-24T14:21:30","guid":{"rendered":"https:\/\/yourwoodenmap.com\/?post_type=product&#038;p=4172"},"modified":"2024-07-01T09:56:09","modified_gmt":"2024-07-01T06:56:09","slug":"wooden-map-of-lithuania","status":"publish","type":"product","link":"https:\/\/yourwoodenmap.com\/et\/toode\/wooden-map-of-lithuania\/","title":{"rendered":"Leedu puidust kaart"},"content":{"rendered":"<p>Avastage eriline puidust Leedu kaart, mis n\u00e4itab teie armastust Leedu vastu ja teie kirge uurida.<\/p>\n<p>- See on valmistatud kvaliteetsest kasepuust ja iga kaart on t\u00e4nu looduslikule puidumassiivile ainulaadne.<\/p>\n<p>- See puidust kaart n\u00e4itab kaunilt Leedu geograafiat ja peegeldab teie sidet selle riigiga. See ei n\u00e4e mitte ainult h\u00e4sti v\u00e4lja, vaid on ka keskkonnas\u00f5bralik, mis sobib teie v\u00e4\u00e4rtustega.<\/p>\n<p>- Selle paigaldamine on lihtne, mis v\u00f5imaldab teil lisada oma ruumi t\u00f5elise kunstiteose. Teil on valikuv\u00f5imalusi! Nende jaoks, kes naudivad m\u00f5istatuste lahendamist, on olemas \u00fcksikasjalik puidust m\u00f5istekaart ning lisatooniks saate ka terve puidust kaardi koos magnetitega v\u00f5i ilma.<\/p>\n<p>Pakutakse erinevaid suurusi, et sobida teie ruumi ja teie soovidega. Olenemata sellest, kas valite magnetilise versiooni v\u00f5i puzzle-stiili, puidust Leedu kaart k\u00f6idab teie t\u00e4helepanu ja \u00e4ratab teie kujutlusv\u00f5ime.<\/p>\n<p>&nbsp;<\/p>\n<p><img fetchpriority=\"high\" decoding=\"async\" class=\"\" src=\"https:\/\/yourwoodenmap.com\/wp-content\/uploads\/2023\/08\/Size-guide-Country-map-2000-x-1650-px-w.png\" alt=\"\" width=\"601\" height=\"496\" \/><\/p>\n<p><img decoding=\"async\" class=\"alignnone wp-image-4476\" src=\"https:\/\/yourwoodenmap.com\/wp-content\/uploads\/2021\/10\/The-shipping-cost-for-2D3D-world-maps-3.png\" alt=\"\" width=\"600\" height=\"338\" srcset=\"https:\/\/yourwoodenmap.com\/wp-content\/uploads\/2021\/10\/The-shipping-cost-for-2D3D-world-maps-3.png 1920w, https:\/\/yourwoodenmap.com\/wp-content\/uploads\/2021\/10\/The-shipping-cost-for-2D3D-world-maps-3-300x169.png 300w, https:\/\/yourwoodenmap.com\/wp-content\/uploads\/2021\/10\/The-shipping-cost-for-2D3D-world-maps-3-1024x576.png 1024w, https:\/\/yourwoodenmap.com\/wp-content\/uploads\/2021\/10\/The-shipping-cost-for-2D3D-world-maps-3-768x432.png 768w, https:\/\/yourwoodenmap.com\/wp-content\/uploads\/2021\/10\/The-shipping-cost-for-2D3D-world-maps-3-1536x864.png 1536w, https:\/\/yourwoodenmap.com\/wp-content\/uploads\/2021\/10\/The-shipping-cost-for-2D3D-world-maps-3-18x10.png 18w, https:\/\/yourwoodenmap.com\/wp-content\/uploads\/2021\/10\/The-shipping-cost-for-2D3D-world-maps-3-600x338.png 600w\" sizes=\"(max-width: 600px) 100vw, 600px\" \/><\/p>","protected":false},"excerpt":{"rendered":"<p>Avastage eriline puidust kaart <span style=\"font-size: 16px; font-style: normal; font-weight: 400;\">Leedu<\/span> mis n\u00e4itab teie armastust Leedu vastu ja teie kirge uurida.<\/p>\n<h5><strong><a href=\"https:\/\/youtu.be\/UmCn2fof6EU?si=SfgqkNk2Qxp4lefh\" target=\"_blank\" rel=\"noopener\"><span style=\"color: #b97a35;\">VIDEO<\/span><\/a><\/strong><\/h5>","protected":false},"featured_media":4319,"template":"","meta":{"_seopress_robots_primary_cat":"none","_seopress_titles_title":"Wooden Map of Lithuania: Handcrafted Wall Art for Your Home","_seopress_titles_desc":"Discover the beauty of Lithuania with our laser-cut wooden map. Intricate detail & eco-friendly materials. Explore now & find your perfect size!","_seopress_robots_index":"","_monsterinsights_skip_tracking":false,"_monsterinsights_sitenote_active":false,"_monsterinsights_sitenote_note":"","_monsterinsights_sitenote_category":0,"site-sidebar-layout":"default","site-content-layout":"","ast-site-content-layout":"default","site-content-style":"default","site-sidebar-style":"default","ast-global-header-display":"","ast-banner-title-visibility":"","ast-main-header-display":"","ast-hfb-above-header-display":"","ast-hfb-below-header-display":"","ast-hfb-mobile-header-display":"","site-post-title":"","ast-breadcrumbs-content":"","ast-featured-img":"","footer-sml-layout":"","theme-transparent-header-meta":"default","adv-header-id-meta":"","stick-header-meta":"","header-above-stick-meta":"","header-main-stick-meta":"","header-below-stick-meta":"","astra-migrate-meta-layouts":"set","ast-page-background-enabled":"default","ast-page-background-meta":{"desktop":{"background-color":"","background-image":"","background-repeat":"repeat","background-position":"center center","background-size":"auto","background-attachment":"scroll","background-type":"","background-media":"","overlay-type":"","overlay-color":"","overlay-opacity":"","overlay-gradient":""},"tablet":{"background-color":"","background-image":"","background-repeat":"repeat","background-position":"center center","background-size":"auto","background-attachment":"scroll","background-type":"","background-media":"","overlay-type":"","overlay-color":"","overlay-opacity":"","overlay-gradient":""},"mobile":{"background-color":"","background-image":"","background-repeat":"repeat","background-position":"center center","background-size":"auto","background-attachment":"scroll","background-type":"","background-media":"","overlay-type":"","overlay-color":"","overlay-opacity":"","overlay-gradient":""}},"ast-content-background-meta":{"desktop":{"background-color":"var(--ast-global-color-5)","background-image":"","background-repeat":"repeat","background-position":"center center","background-size":"auto","background-attachment":"scroll","background-type":"","background-media":"","overlay-type":"","overlay-color":"","overlay-opacity":"","overlay-gradient":""},"tablet":{"background-color":"var(--ast-global-color-5)","background-image":"","background-repeat":"repeat","background-position":"center center","background-size":"auto","background-attachment":"scroll","background-type":"","background-media":"","overlay-type":"","overlay-color":"","overlay-opacity":"","overlay-gradient":""},"mobile":{"background-color":"var(--ast-global-color-5)","background-image":"","background-repeat":"repeat","background-position":"center center","background-size":"auto","background-attachment":"scroll","background-type":"","background-media":"","overlay-type":"","overlay-color":"","overlay-opacity":"","overlay-gradient":""}}},"product_brand":[],"product_cat":[72],"product_tag":[],"class_list":{"0":"post-4172","1":"product","2":"type-product","3":"status-publish","4":"has-post-thumbnail","6":"product_cat-country-maps","7":"pa_color-black","8":"pa_color-dark-walnut","9":"pa_color-grey","10":"pa_color-light","11":"pa_color-light-walnut","12":"pa_color-palisander","13":"pa_color-white","14":"pa_size-l","15":"pa_size-m","16":"pa_size-s","17":"pa_size-xl","18":"pa_size-xxl","19":"pa_style-magnetic-map","20":"pa_style-magnetic-puzzle-map","21":"pa_style-puzzle-map","22":"pa_style-simple-map","23":"desktop-align-left","24":"tablet-align-left","25":"mobile-align-left","27":"first","28":"instock","29":"shipping-taxable","30":"purchasable","31":"product-type-variable"},"_links":{"self":[{"href":"https:\/\/yourwoodenmap.com\/et\/wp-json\/wp\/v2\/product\/4172","targetHints":{"allow":["GET"]}}],"collection":[{"href":"https:\/\/yourwoodenmap.com\/et\/wp-json\/wp\/v2\/product"}],"about":[{"href":"https:\/\/yourwoodenmap.com\/et\/wp-json\/wp\/v2\/types\/product"}],"wp:featuredmedia":[{"embeddable":true,"href":"https:\/\/yourwoodenmap.com\/et\/wp-json\/wp\/v2\/media\/4319"}],"wp:attachment":[{"href":"https:\/\/yourwoodenmap.com\/et\/wp-json\/wp\/v2\/media?parent=4172"}],"wp:term":[{"taxonomy":"product_brand","embeddable":true,"href":"https:\/\/yourwoodenmap.com\/et\/wp-json\/wp\/v2\/product_brand?post=4172"},{"taxonomy":"product_cat","embeddable":true,"href":"https:\/\/yourwoodenmap.com\/et\/wp-json\/wp\/v2\/product_cat?post=4172"},{"taxonomy":"product_tag","embeddable":true,"href":"https:\/\/yourwoodenmap.com\/et\/wp-json\/wp\/v2\/product_tag?post=4172"}],"curies":[{"name":"wp","href":"https:\/\/api.w.org\/{rel}","templated":true}]}}