{"id":3214,"date":"2021-11-05T19:30:57","date_gmt":"2021-11-05T16:30:57","guid":{"rendered":"https:\/\/yourwoodenmap.com\/?page_id=3214"},"modified":"2024-02-23T15:18:20","modified_gmt":"2024-02-23T12:18:20","slug":"privacy-policy","status":"publish","type":"page","link":"https:\/\/yourwoodenmap.com\/fi\/privacy-policy\/","title":{"rendered":"Tietosuojak\u00e4yt\u00e4nt\u00f6"},"content":{"rendered":"<div data-elementor-type=\"wp-post\" data-elementor-id=\"3214\" class=\"elementor elementor-3214\">\n\t\t\t\t\t\t<section class=\"elementor-section elementor-top-section elementor-element elementor-element-4850fc6 elementor-section-content-middle elementor-section-boxed elementor-section-height-default elementor-section-height-default\" data-id=\"4850fc6\" data-element_type=\"section\" data-settings=\"{&quot;background_background&quot;:&quot;gradient&quot;}\">\n\t\t\t\t\t\t\t<div class=\"elementor-background-overlay\"><\/div>\n\t\t\t\t\t\t\t<div class=\"elementor-container elementor-column-gap-default\">\n\t\t\t\t\t<div class=\"elementor-column elementor-col-100 elementor-top-column elementor-element elementor-element-0eb4899\" data-id=\"0eb4899\" data-element_type=\"column\">\n\t\t\t<div class=\"elementor-widget-wrap elementor-element-populated\">\n\t\t\t\t\t\t<div class=\"elementor-element elementor-element-112010a elementor-widget elementor-widget-heading\" data-id=\"112010a\" data-element_type=\"widget\" data-widget_type=\"heading.default\">\n\t\t\t\t<div class=\"elementor-widget-container\">\n\t\t\t\t\t<h1 class=\"elementor-heading-title elementor-size-default\">Tietosuojak\u00e4yt\u00e4nt\u00f6<\/h1>\t\t\t\t<\/div>\n\t\t\t\t<\/div>\n\t\t\t\t\t<\/div>\n\t\t<\/div>\n\t\t\t\t\t<\/div>\n\t\t<\/section>\n\t\t\t\t<section class=\"elementor-section elementor-top-section elementor-element elementor-element-80ece1f elementor-section-boxed elementor-section-height-default elementor-section-height-default\" data-id=\"80ece1f\" data-element_type=\"section\">\n\t\t\t\t\t\t<div class=\"elementor-container elementor-column-gap-default\">\n\t\t\t\t\t<div class=\"elementor-column elementor-col-100 elementor-top-column elementor-element elementor-element-04d6479\" data-id=\"04d6479\" data-element_type=\"column\">\n\t\t\t<div class=\"elementor-widget-wrap elementor-element-populated\">\n\t\t\t\t\t\t<div class=\"elementor-element elementor-element-e92b72d elementor-widget elementor-widget-spacer\" data-id=\"e92b72d\" data-element_type=\"widget\" data-widget_type=\"spacer.default\">\n\t\t\t\t<div class=\"elementor-widget-container\">\n\t\t\t\t\t\t\t<div class=\"elementor-spacer\">\n\t\t\t<div class=\"elementor-spacer-inner\"><\/div>\n\t\t<\/div>\n\t\t\t\t\t\t<\/div>\n\t\t\t\t<\/div>\n\t\t\t\t\t<\/div>\n\t\t<\/div>\n\t\t\t\t\t<\/div>\n\t\t<\/section>\n\t\t\t\t<section class=\"elementor-section elementor-top-section elementor-element elementor-element-55543e5 elementor-section-boxed elementor-section-height-default elementor-section-height-default\" data-id=\"55543e5\" data-element_type=\"section\">\n\t\t\t\t\t\t<div class=\"elementor-container elementor-column-gap-default\">\n\t\t\t\t\t<div class=\"elementor-column elementor-col-100 elementor-top-column elementor-element elementor-element-5f2cf34\" data-id=\"5f2cf34\" data-element_type=\"column\">\n\t\t\t<div class=\"elementor-widget-wrap elementor-element-populated\">\n\t\t\t\t\t\t<div class=\"elementor-element elementor-element-645bf0d elementor-widget elementor-widget-text-editor\" data-id=\"645bf0d\" data-element_type=\"widget\" data-widget_type=\"text-editor.default\">\n\t\t\t\t<div class=\"elementor-widget-container\">\n\t\t\t\t\t\t\t\t\t<p>Viimeksi p\u00e4ivitetty 2021-11-05<\/p><p>M\u00c4\u00c4RITELM\u00c4T<\/p><p>Rekisterinpit\u00e4j\u00e4 ja verkkosivuston yll\u00e4pit\u00e4j\u00e4 <a href=\"https:\/\/yourwoodenmap.com\/fi\/\">https:\/\/yourwoodenmap.com\/<\/a> (j\u00e4ljemp\u00e4n\u00e4 'rekisterinpit\u00e4j\u00e4') ovat MB \"Domo lazeriai\", rekister\u00f6intitunnus 305344823, s\u00e4hk\u00f6postiosoite <a href=\"mailto:info@yourwoodenmap.com\">info@yourwoodenmap.com<\/a>.<\/p><p>Domo lazeriai, MB<\/p><p>Yrityksen tunnus: 305344823<\/p><p>U\u017eugriovio g. 5, U\u017eugriovis, LT-14256 Vilniaus r.<\/p><p>+37060991045<\/p><p>info@yourwoodenmap.com<\/p><p>1.2. Ostaja - luonnollinen tai oikeushenkil\u00f6, joka on hankkinut tavaroita verkkokaupasta. <a href=\"https:\/\/yourwoodenmap.com\/fi\/\">https:\/\/yourwoodenmap.com\/<\/a><\/p><p>1.3. Henkil\u00f6tietojen k\u00e4sittely\u00e4 koskevat s\u00e4\u00e4nn\u00f6t (j\u00e4ljemp\u00e4n\u00e4 \"s\u00e4\u00e4nn\u00f6t\") s\u00e4\u00e4telev\u00e4t henkil\u00f6tietojen ker\u00e4\u00e4misen, k\u00e4sittelyn ja s\u00e4ilytt\u00e4misen perusperiaatteita, joita rekisterinpit\u00e4j\u00e4 k\u00e4ytt\u00e4\u00e4 ostajan henkil\u00f6tietojen k\u00e4sittelyn perustana.<\/p><p>YLEISET S\u00c4\u00c4NN\u00d6KSET<\/p><p>2.1. T\u00e4ss\u00e4 tietosuojak\u00e4yt\u00e4nn\u00f6ss\u00e4 s\u00e4\u00e4det\u00e4\u00e4n s\u00e4hk\u00f6isen myym\u00e4l\u00e4n henkil\u00f6tietojen ker\u00e4\u00e4misen, k\u00e4sittelyn ja s\u00e4ilytt\u00e4misen perusperiaatteista ja -menettelyist\u00e4. <a href=\"https:\/\/yourwoodenmap.com\/fi\/\">https:\/\/yourwoodenmap.com\/<\/a> (j\u00e4ljemp\u00e4n\u00e4 'rekisterinpit\u00e4j\u00e4') ja Euroopan unionin virallinen lehti <a href=\"https:\/\/yourwoodenmap.com\/fi\/\">https:\/\/yourwoodenmap.com\/<\/a> asiakas (j\u00e4ljemp\u00e4n\u00e4 'ostaja').<\/p><p>2.2. Ostajan henkil\u00f6tietojen ker\u00e4\u00e4mist\u00e4, k\u00e4sittely\u00e4 ja tallentamista s\u00e4\u00e4telev\u00e4t t\u00e4m\u00e4 tietosuojak\u00e4yt\u00e4nt\u00f6, Liettuan tasavallan laki henkil\u00f6tietojen oikeudellisesta suojasta ja muut s\u00e4\u00e4d\u00f6kset.<\/p><p>2.3. Ilmoittamalla henkil\u00f6tietosi verkkokaupassa hyv\u00e4ksyt, ett\u00e4 rekisterinpit\u00e4j\u00e4 hallinnoi ja k\u00e4sittelee niit\u00e4 t\u00e4ss\u00e4 tietosuojak\u00e4yt\u00e4nn\u00f6ss\u00e4 ja lains\u00e4\u00e4d\u00e4nn\u00f6ss\u00e4 s\u00e4\u00e4dettyjen tarkoitusten, keinojen ja menettelyjen mukaisesti.<\/p><p>2.4. Rekisterinpit\u00e4j\u00e4 sitoutuu myym\u00e4\u00e4n tavaroita luonnollisille henkil\u00f6ille, jotka eiv\u00e4t ole alle 16-vuotiaita. Jos ostaja on alle 16-vuotias, ostaja voi ostaa vain vanhempien tai huoltajien suostumuksella.<\/p><p>HENKIL\u00d6TIETOJEN KER\u00c4\u00c4MINEN, K\u00c4SITTELY JA TALLENTAMINEN<\/p><p>3.1. Rekisterinpit\u00e4j\u00e4 noudattaa seuraavia henkil\u00f6tietojen k\u00e4sittelyn perusperiaatteita:<br \/>3.1.1. Henkil\u00f6tietoja ker\u00e4t\u00e4\u00e4n m\u00e4\u00e4riteltyj\u00e4 ja laillisia tarkoituksia varten.<br \/>3.1.2. Henkil\u00f6tietoja on k\u00e4sitelt\u00e4v\u00e4 tarkasti ja oikeudenmukaisesti.<br \/>3.1.3. Henkil\u00f6tietoja p\u00e4ivitet\u00e4\u00e4n jatkuvasti.<br \/>3.1.4. Henkil\u00f6tietoja ei saa s\u00e4ilytt\u00e4\u00e4 pidemp\u00e4\u00e4n kuin tietojenk\u00e4sittelyn vahvistetut tarkoitukset edellytt\u00e4v\u00e4t.<br \/>3.1.5. Henkil\u00f6tietoja saavat k\u00e4sitell\u00e4 vain ne ty\u00f6ntekij\u00e4t, joille on my\u00f6nnetty t\u00e4llainen oikeus.<br \/>3.1.6. Kaikki k\u00e4siteltyj\u00e4 henkil\u00f6tietoja koskevat tiedot ovat luottamuksellisia.<\/p><p>3.2. Ostaja hyv\u00e4ksyy, ett\u00e4 h\u00e4nen tilauksen yhteydess\u00e4 vapaaehtoisesti luovuttamiaan henkil\u00f6tietoja k\u00e4sitell\u00e4\u00e4n seuraavien s\u00e4\u00e4nt\u00f6jen mukaisesti:<\/p><p>3.2.1. Ostajalla on oikeus saada p\u00e4\u00e4sy henkil\u00f6tietoihinsa, oikeus tiet\u00e4\u00e4, millaisia henkil\u00f6tietoja h\u00e4nest\u00e4 on kertynyt, oikeus saada tiet\u00e4\u00e4, mille vastaanottajille h\u00e4nen henkil\u00f6tietojaan on toimitettu viimeisen yhden vuoden aikana, oikeus vaatia virheellisten, puutteellisten tai ep\u00e4tarkkojen henkil\u00f6tietojen korjaamista, oikeus pyyt\u00e4\u00e4 h\u00e4nt\u00e4 koskevien kertyneiden tietojen poistamista ja oikeus pyyt\u00e4\u00e4 kertyneiden henkil\u00f6tietojen k\u00e4sittelyn lopettamista. <a href=\"mailto:info@yourwoodenmap.com\">info@yourwoodenmap.com<\/a>. T\u00e4ss\u00e4 tapauksessa myyj\u00e4n on v\u00e4litt\u00f6m\u00e4sti (1-2 p\u00e4iv\u00e4n kuluessa) toteutettava ostajan pyynt\u00f6 ja poistettava tai poistettava luotettavasti ostajan tiedot. Jos myyj\u00e4 n\u00e4kee henkil\u00f6tietoihin kohdistuvan uhan, h\u00e4nell\u00e4 on oikeus pyyt\u00e4\u00e4 vahvistusta henkil\u00f6llisyystodistuksesta, jonka avulla ostaja voidaan tunnistaa oikein.<\/p><p>3.3. Rekisterinpit\u00e4j\u00e4 tunnustaa ja kunnioittaa jokaisen verkkokaupassa tilauksen tekev\u00e4n ostajan oikeutta yksityisyyteen. <a href=\"https:\/\/yourwoodenmap.com\/fi\/\">https:\/\/yourwoodenmap.com\/<\/a>. Rekisterinpit\u00e4j\u00e4 ker\u00e4\u00e4 ja k\u00e4ytt\u00e4\u00e4 Ostajan henkil\u00f6tietoja (nimi tai henkil\u00f6n nimi, osoite, puhelinnumero, s\u00e4hk\u00f6postiosoite ja muut verkkokaupassa tilauksen yhteydess\u00e4 ilmoitetut tiedot) tavaroiden tai palveluiden tilausten k\u00e4sittely\u00e4 tai muiden sopimusvelvoitteiden t\u00e4ytt\u00e4mist\u00e4 varten.  Tilausta tehdess\u00e4\u00e4n Asiakas voi ilmaista suostumuksensa\/vastustuksensa henkil\u00f6tietojensa k\u00e4ytt\u00e4miseen suoramarkkinointitarkoituksiin. H\u00e4n tekee t\u00e4m\u00e4n merkitsem\u00e4ll\u00e4 rastin (hyv\u00e4ksyn henkil\u00f6tietojensa k\u00e4yt\u00f6n suoramarkkinointitarkoituksiin) tai j\u00e4tt\u00e4m\u00e4ll\u00e4 rastin merkitsem\u00e4tt\u00e4 (ei hyv\u00e4ksy). L\u00e4het\u00e4mme viikoittaisia uutiskirjeit\u00e4 asiakkaan ilmoittamaan s\u00e4hk\u00f6postiosoitteeseen ja tarjoamme mahdollisuuden peruuttaa uutiskirjeen tilaus (uutiskirjeen lopussa on valinta: \"unsubscribe\" - klikattuaan t\u00e4t\u00e4 linkki\u00e4 asiakas ei en\u00e4\u00e4 saa uutiskirjett\u00e4).<\/p><p>HENKIL\u00d6TIETOJEN SIIRTO KOLMANSILLE OSAPUOLILLE<\/p><p>4.1. Rekisterinpit\u00e4j\u00e4 sitoutuu olemaan luovuttamatta ostajan henkil\u00f6tietoja kolmansille osapuolille, lukuun ottamatta rekisterinpit\u00e4j\u00e4n yhteisty\u00f6kumppaneita, jotka toimittavat tavaroita tai muita ostajan tilauksen asianmukaiseen toteuttamiseen liittyvi\u00e4 palveluja. Kaikissa muissa tapauksissa ostajan henkil\u00f6tietoja voidaan luovuttaa kolmansille osapuolille ainoastaan Liettuan tasavallan lains\u00e4\u00e4d\u00e4nn\u00f6ss\u00e4 s\u00e4\u00e4detyn menettelyn mukaisesti.<\/p><p>REKISTER\u00d6INTI\u00c4 KOSKEVAT S\u00c4\u00c4NN\u00d6T<\/p><p>5.1. Ostajan on annettava rekister\u00f6intilomakkeessa t\u00e4ydelliset, t\u00e4ydelliset ja oikeat tiedot itsest\u00e4\u00e4n. Jos ostaja on antanut rekister\u00f6intilomakkeessa ep\u00e4tarkkoja, v\u00e4\u00e4ri\u00e4 tai harhaanjohtavia tietoja, rekisterinpit\u00e4j\u00e4ll\u00e4 on oikeus peruuttaa ostajan rekister\u00f6inti ja poistaa tiedot tai rajoittaa ostajan mahdollisuutta k\u00e4ytt\u00e4\u00e4 verkkokauppaa.<\/p><p>5.2. Ostajalla on oikeus muuttaa ja\/tai p\u00e4ivitt\u00e4\u00e4 rekister\u00f6intilomakkeessa annettuja tietoja milloin tahansa.<\/p><p>S\u00c4\u00c4NT\u00d6MUUTOS<\/p><p>6.1. Rekisterinpit\u00e4j\u00e4ll\u00e4 on oikeus muuttaa s\u00e4\u00e4nt\u00f6j\u00e4 kokonaan tai osittain ilmoitettuaan siit\u00e4 kaikille, jotka ovat osoitteessa <a href=\"https:\/\/yourwoodenmap.com\/fi\/\">https:\/\/yourwoodenmap.com\/<\/a> verkkokauppa.<\/p><p>6.2. S\u00e4\u00e4nt\u00f6jen lis\u00e4ykset tai muutokset tulevat voimaan niiden julkaisup\u00e4iv\u00e4st\u00e4 eli siit\u00e4 p\u00e4iv\u00e4st\u00e4, jona ne ilmestyv\u00e4t verkkokauppaan. <a href=\"https:\/\/yourwoodenmap.com\/fi\/\">https:\/\/yourwoodenmap.com\/<\/a>.<\/p><p>6.3. Jos ostaja ei hyv\u00e4ksy s\u00e4\u00e4nt\u00f6jen uutta versiota, h\u00e4nell\u00e4 on oikeus kielt\u00e4yty\u00e4 niist\u00e4 kirjallisesti.<\/p><p>6.4. Jos ostaja jatkaa s\u00e4\u00e4nt\u00f6jen t\u00e4ydent\u00e4misen tai muuttamisen j\u00e4lkeen verkkokaupan (verkkokaupan) tarjoamien palveluiden k\u00e4ytt\u00f6\u00e4, katsotaan, ett\u00e4 ostaja hyv\u00e4ksyy s\u00e4\u00e4nt\u00f6jen uuden version.<\/p><p>TIETOJEN ESITT\u00c4MINEN JA TALLENTAMINEN<\/p><p>7.1. Kaikki henkil\u00f6tietojen k\u00e4sittelyyn liittyv\u00e4t ilmoitukset toimitetaan rekisterinpit\u00e4j\u00e4lle s\u00e4hk\u00f6postitse osoitteeseen <a href=\"mailto:info@yourwoodenmap.com\">info@yourwoodenmap.com<\/a><\/p><p>7.2. Rekisterinpit\u00e4j\u00e4 toimittaa vastauksen samassa muodossa kuin ilmoitus tai vaatimus on vastaanotettu.<\/p><p>Jos sinulla on kysytt\u00e4v\u00e4\u00e4 tai ehdotuksia, l\u00e4het\u00e4 meille s\u00e4hk\u00f6postia osoitteeseen <a href=\"mailto:info@yourwoodenmap.com\">info@yourwoodenmap.com<\/a><\/p><p>Yrityksen tiedot:<\/p><ul><li>Domo lazeriai, MB<\/li><li>Yrityksen tunnus: 305344823<\/li><li>U\u017eugriovio g. 5, U\u017eugriovis, LT-14256 Vilniaus r.<\/li><li>+37060991045<\/li><li>info@yourwoodenmap.com<\/li><\/ul><div id=\"simple-translate\"><div><div class=\"simple-translate-button isShow\" style=\"background-image: url('chrome-extension:\/\/ibplnjkanclpjokhdolnendpplpjiace\/icons\/512.png'); height: 22px; width: 22px; top: 176px; left: 191px;\">\u00a0<\/div><div class=\"simple-translate-panel\" style=\"width: 300px; height: 200px; top: 0px; left: 0px; font-size: 13px; background-color: #ffffff;\"><div class=\"simple-translate-result-wrapper\" style=\"overflow: hidden;\"><div class=\"simple-translate-move\" draggable=\"true\">\u00a0<\/div><div class=\"simple-translate-result-contents\"><p class=\"simple-translate-result\" dir=\"auto\" style=\"color: #000000;\">\u00a0<\/p><p class=\"simple-translate-candidate\" dir=\"auto\" style=\"color: #737373;\">\u00a0<\/p><\/div><\/div><\/div><\/div><\/div>\t\t\t\t\t\t\t\t<\/div>\n\t\t\t\t<\/div>\n\t\t\t\t\t<\/div>\n\t\t<\/div>\n\t\t\t\t\t<\/div>\n\t\t<\/section>\n\t\t\t\t<\/div>","protected":false},"excerpt":{"rendered":"<p>Tietosuojak\u00e4yt\u00e4nt\u00f6 P\u00e4ivitetty viimeksi 2021-11-05 M\u00c4\u00c4RITELM\u00c4T Rekisterinpit\u00e4j\u00e4 ja verkkosivuston https:\/\/yourwoodenmap.com\/ yll\u00e4pit\u00e4j\u00e4 (j\u00e4ljemp\u00e4n\u00e4 \"rekisterinpit\u00e4j\u00e4\") ovat MB \"Domo lazeriai\", rekister\u00f6intikoodi 305344823, s\u00e4hk\u00f6postiosoite info@yourwoodenmap.com. Domo lazeriai, MB Y-tunnus: 305344823 U\u017eugriovio g. 5, U\u017eugriovis, LT-14256 Vilniaus r. +37060991045 info@yourwoodenmap.com 1.2. Rekisterinpit\u00e4j\u00e4: Domo lazeriai. Ostaja - luonnollinen henkil\u00f6 tai oikeushenkil\u00f6 [...]<\/p>","protected":false},"author":1,"featured_media":0,"parent":0,"menu_order":0,"comment_status":"closed","ping_status":"closed","template":"","meta":{"_seopress_robots_primary_cat":"","_seopress_titles_title":"Protecting Your Information: Explore YourWoodenMap&#039;s Privacy Policy","_seopress_titles_desc":"Understand your data rights and how we protect your privacy when using YourWoodenMap. Read our comprehensive Privacy Policy now. ","_seopress_robots_index":"","_monsterinsights_skip_tracking":false,"_monsterinsights_sitenote_active":false,"_monsterinsights_sitenote_note":"","_monsterinsights_sitenote_category":0,"site-sidebar-layout":"no-sidebar","site-content-layout":"page-builder","ast-site-content-layout":"full-width-container","site-content-style":"unboxed","site-sidebar-style":"unboxed","ast-global-header-display":"","ast-banner-title-visibility":"","ast-main-header-display":"","ast-hfb-above-header-display":"","ast-hfb-below-header-display":"","ast-hfb-mobile-header-display":"","site-post-title":"disabled","ast-breadcrumbs-content":"","ast-featured-img":"disabled","footer-sml-layout":"","theme-transparent-header-meta":"enabled","adv-header-id-meta":"","stick-header-meta":"","header-above-stick-meta":"","header-main-stick-meta":"","header-below-stick-meta":"","astra-migrate-meta-layouts":"set","ast-page-background-enabled":"default","ast-page-background-meta":{"desktop":{"background-color":"","background-image":"","background-repeat":"repeat","background-position":"center center","background-size":"auto","background-attachment":"scroll","background-type":"","background-media":"","overlay-type":"","overlay-color":"","overlay-opacity":"","overlay-gradient":""},"tablet":{"background-color":"","background-image":"","background-repeat":"repeat","background-position":"center center","background-size":"auto","background-attachment":"scroll","background-type":"","background-media":"","overlay-type":"","overlay-color":"","overlay-opacity":"","overlay-gradient":""},"mobile":{"background-color":"","background-image":"","background-repeat":"repeat","background-position":"center center","background-size":"auto","background-attachment":"scroll","background-type":"","background-media":"","overlay-type":"","overlay-color":"","overlay-opacity":"","overlay-gradient":""}},"ast-content-background-meta":{"desktop":{"background-color":"var(--ast-global-color-5)","background-image":"","background-repeat":"repeat","background-position":"center center","background-size":"auto","background-attachment":"scroll","background-type":"","background-media":"","overlay-type":"","overlay-color":"","overlay-opacity":"","overlay-gradient":""},"tablet":{"background-color":"var(--ast-global-color-5)","background-image":"","background-repeat":"repeat","background-position":"center center","background-size":"auto","background-attachment":"scroll","background-type":"","background-media":"","overlay-type":"","overlay-color":"","overlay-opacity":"","overlay-gradient":""},"mobile":{"background-color":"var(--ast-global-color-5)","background-image":"","background-repeat":"repeat","background-position":"center center","background-size":"auto","background-attachment":"scroll","background-type":"","background-media":"","overlay-type":"","overlay-color":"","overlay-opacity":"","overlay-gradient":""}},"footnotes":""},"class_list":["post-3214","page","type-page","status-publish","hentry"],"_links":{"self":[{"href":"https:\/\/yourwoodenmap.com\/fi\/wp-json\/wp\/v2\/pages\/3214","targetHints":{"allow":["GET"]}}],"collection":[{"href":"https:\/\/yourwoodenmap.com\/fi\/wp-json\/wp\/v2\/pages"}],"about":[{"href":"https:\/\/yourwoodenmap.com\/fi\/wp-json\/wp\/v2\/types\/page"}],"author":[{"embeddable":true,"href":"https:\/\/yourwoodenmap.com\/fi\/wp-json\/wp\/v2\/users\/1"}],"replies":[{"embeddable":true,"href":"https:\/\/yourwoodenmap.com\/fi\/wp-json\/wp\/v2\/comments?post=3214"}],"version-history":[{"count":2,"href":"https:\/\/yourwoodenmap.com\/fi\/wp-json\/wp\/v2\/pages\/3214\/revisions"}],"predecessor-version":[{"id":4753,"href":"https:\/\/yourwoodenmap.com\/fi\/wp-json\/wp\/v2\/pages\/3214\/revisions\/4753"}],"wp:attachment":[{"href":"https:\/\/yourwoodenmap.com\/fi\/wp-json\/wp\/v2\/media?parent=3214"}],"curies":[{"name":"wp","href":"https:\/\/api.w.org\/{rel}","templated":true}]}}