{"id":3225,"date":"2021-11-05T19:36:49","date_gmt":"2021-11-05T16:36:49","guid":{"rendered":"https:\/\/yourwoodenmap.com\/?page_id=3225"},"modified":"2024-02-23T15:05:54","modified_gmt":"2024-02-23T12:05:54","slug":"shipping-and-returns","status":"publish","type":"page","link":"https:\/\/yourwoodenmap.com\/fi\/shipping-and-returns\/","title":{"rendered":"Toimitus ja palautukset"},"content":{"rendered":"<div data-elementor-type=\"wp-post\" data-elementor-id=\"3225\" class=\"elementor elementor-3225\">\n\t\t\t\t\t\t<section class=\"elementor-section elementor-top-section elementor-element elementor-element-4850fc6 elementor-section-content-middle elementor-section-boxed elementor-section-height-default elementor-section-height-default\" data-id=\"4850fc6\" data-element_type=\"section\" data-settings=\"{&quot;background_background&quot;:&quot;gradient&quot;}\">\n\t\t\t\t\t\t\t<div class=\"elementor-background-overlay\"><\/div>\n\t\t\t\t\t\t\t<div class=\"elementor-container elementor-column-gap-default\">\n\t\t\t\t\t<div class=\"elementor-column elementor-col-100 elementor-top-column elementor-element elementor-element-0eb4899\" data-id=\"0eb4899\" data-element_type=\"column\">\n\t\t\t<div class=\"elementor-widget-wrap elementor-element-populated\">\n\t\t\t\t\t\t<div class=\"elementor-element elementor-element-112010a elementor-widget elementor-widget-heading\" data-id=\"112010a\" data-element_type=\"widget\" data-widget_type=\"heading.default\">\n\t\t\t\t<div class=\"elementor-widget-container\">\n\t\t\t\t\t<h1 class=\"elementor-heading-title elementor-size-default\">Toimitus ja palautukset<\/h1>\t\t\t\t<\/div>\n\t\t\t\t<\/div>\n\t\t\t\t\t<\/div>\n\t\t<\/div>\n\t\t\t\t\t<\/div>\n\t\t<\/section>\n\t\t\t\t<section class=\"elementor-section elementor-top-section elementor-element elementor-element-80ece1f elementor-section-boxed elementor-section-height-default elementor-section-height-default\" data-id=\"80ece1f\" data-element_type=\"section\">\n\t\t\t\t\t\t<div class=\"elementor-container elementor-column-gap-default\">\n\t\t\t\t\t<div class=\"elementor-column elementor-col-100 elementor-top-column elementor-element elementor-element-04d6479\" data-id=\"04d6479\" data-element_type=\"column\">\n\t\t\t<div class=\"elementor-widget-wrap elementor-element-populated\">\n\t\t\t\t\t\t<div class=\"elementor-element elementor-element-e92b72d elementor-widget elementor-widget-spacer\" data-id=\"e92b72d\" data-element_type=\"widget\" data-widget_type=\"spacer.default\">\n\t\t\t\t<div class=\"elementor-widget-container\">\n\t\t\t\t\t\t\t<div class=\"elementor-spacer\">\n\t\t\t<div class=\"elementor-spacer-inner\"><\/div>\n\t\t<\/div>\n\t\t\t\t\t\t<\/div>\n\t\t\t\t<\/div>\n\t\t\t\t\t<\/div>\n\t\t<\/div>\n\t\t\t\t\t<\/div>\n\t\t<\/section>\n\t\t\t\t<section class=\"elementor-section elementor-top-section elementor-element elementor-element-8853c1b elementor-section-boxed elementor-section-height-default elementor-section-height-default\" data-id=\"8853c1b\" data-element_type=\"section\">\n\t\t\t\t\t\t<div class=\"elementor-container elementor-column-gap-default\">\n\t\t\t\t\t<div class=\"elementor-column elementor-col-100 elementor-top-column elementor-element elementor-element-3499a99\" data-id=\"3499a99\" data-element_type=\"column\">\n\t\t\t<div class=\"elementor-widget-wrap elementor-element-populated\">\n\t\t\t\t\t\t<div class=\"elementor-element elementor-element-9f362e4 elementor-widget elementor-widget-text-editor\" data-id=\"9f362e4\" data-element_type=\"widget\" data-widget_type=\"text-editor.default\">\n\t\t\t\t<div class=\"elementor-widget-container\">\n\t\t\t\t\t\t\t\t\t<p>PALAUTUSK\u00c4YT\u00c4NT\u00d6<\/p><p>Olemme niin vakuuttuneita siit\u00e4, ett\u00e4 tulet rakastamaan palveluitamme, ett\u00e4 olemme valmiita tarjoamaan 30 p\u00e4iv\u00e4n riskitt\u00f6m\u00e4n rahat takaisin -takuun. Jos et jostain syyst\u00e4 ole tyytyv\u00e4inen palveluun, voit saada rahasi takaisin 30 p\u00e4iv\u00e4n kuluessa ostoksen tekemisest\u00e4. Muistathan, ett\u00e4 vaikka tarjoamme t\u00e4yden rahanpalautustakuun, palautamme vain k\u00e4ytt\u00e4m\u00e4tt\u00f6m\u00e4t tavarat.<\/p><p>Yhteydenotto meihin<\/p><p>Jos haluat ottaa meihin yhteytt\u00e4 mihin tahansa t\u00e4h\u00e4n palautusk\u00e4yt\u00e4nt\u00f6\u00f6n liittyv\u00e4ss\u00e4 asiassa, voit l\u00e4hett\u00e4\u00e4 s\u00e4hk\u00f6postia osoitteeseen <a href=\"mailto:info@yourwoodenmap.com\">info@yourwoodenmap.com<\/a><\/p><p>Palautusehdot:<\/p><p>Vialliset tavarat palautetaan 29. kes\u00e4kuuta 2001 annetulla talousministerin asetuksella nro 217 \"Tavaroiden palautusta ja vaihtoa koskevien s\u00e4\u00e4nt\u00f6jen hyv\u00e4ksymisest\u00e4\" hyv\u00e4ksyttyjen palautus- ja vaihtos\u00e4\u00e4nt\u00f6jen mukaisesti.<\/p><p>Laadukkaita tuotteita palautettaessa on t\u00e4ytett\u00e4v\u00e4 seuraavat ehdot:<\/p><p>Ostajan on ilmoitettava myyj\u00e4lle tavaran palauttamisesta tavaran palauttamiselle asetettujen ehtojen mukaisesti - 14 p\u00e4iv\u00e4\u00e4 tavaran vastaanottop\u00e4iv\u00e4st\u00e4.<\/p><p>Ostaja ei saa vahingoittaa tai rikkoa tuotetta.<\/p><p>Palautettavan tuotteen on oltava alkuper\u00e4isess\u00e4, asianmukaisessa pakkauksessa, k\u00e4ytt\u00e4m\u00e4t\u00f6n (ei testattu), ei saa menett\u00e4\u00e4 kaupallista ulkon\u00e4k\u00f6\u00e4\u00e4n (vahingoittumattomat etiketit, kuorimattomat suojakalvot jne.) (t\u00e4m\u00e4 kohta ei koske viallisen tuotteen palauttamista).<\/p><p>Palautettavan tuotteen on oltava samaa sarjaa kuin se on vastaanotettu.<\/p><p>Tavaroita palautettaessa on toimitettava vastaanotettu lasku tai muu asiakirja, joka todistaa oston.<\/p><p>Jos tuote ei ole t\u00e4ydellinen, vahingoittunut, ep\u00e4siisti tai ei ole asianmukaisesti pakattu, Myyj\u00e4ll\u00e4 on oikeus olla hyv\u00e4ksym\u00e4tt\u00e4 tuotetta, kielt\u00e4yty\u00e4 vaihtamasta sit\u00e4 ja olla palauttamatta Ostajan tuotteesta maksamia rahoja.<\/p><p>Tavaroiden palauttaminen:<\/p><p>Tavarat on palautettava myyj\u00e4lle seuraavaan osoitteeseen: Uzugriovio g. 5,<br \/>Uzugriovis, LT-14256 Vilniaus r., l\u00e4hett\u00e4m\u00e4ll\u00e4 tavarat mill\u00e4 tahansa ostajan hyv\u00e4ksym\u00e4ll\u00e4 tavanomaisella tavalla (Liettuan posti, postimaksu, kuriiripalvelut).<\/p><p>Laadukkaiden tavaroiden palautuskustannukset maksaa ostaja.<\/p><p>Vialliset tavarat palautetaan tai korvataan myyj\u00e4n kustannuksella. Tavaroita palautettaessa tai vaihdettaessa on esitett\u00e4v\u00e4 ostolasku ja kuitti\/lasku, joka on saatu maksun j\u00e4lkeen palautuksen l\u00e4hett\u00e4misest\u00e4.<\/p><p>Rahat takaisin -ehdot<\/p><p>Kun tavarat on vastaanotettu ja niiden kunto arvioitu, tavaroista maksettu summa palautetaan 30 p\u00e4iv\u00e4n kuluessa tavaroiden palautusp\u00e4iv\u00e4st\u00e4 ostajan ilmoittamalle pankkitilille.<\/p><p>Jos laadukas tavara palautetaan, palautetaan vain ostetun tavaran arvo (ostajan on vastattava kuljetuskustannuksista).<\/p><p>Jos viallinen tavara palautetaan, ostajalle palautetaan kaikkien tavaroiden arvo ja h\u00e4nelle aiheutuneet kuljetuskustannukset.<\/p><p>Jos ostaja haluaa vaihtaa viallisen tavaran laatutavaraan, myyj\u00e4 maksaa ainoastaan ostajalle aiheutuneet toimituskulut ja toimittaa laatutavaran ostajalle t\u00e4m\u00e4n omalla kustannuksella.<\/p><p>Mit\u00e4 teen, jos minulla on valituksia tuotteesta?<\/p><p>Jos sinulla on ongelmia tuotteidemme kanssa, ota meihin yhteytt\u00e4 osoitteessa <a href=\"mailto:info@yourwoodenmap.com\">info@yourwoodenmap.com<\/a> tai puhelimitse: <a href=\"tel: 37060991045\">+370 609 91045<\/a><\/p><p>Toimitus<\/p><p>Yleist\u00e4 J\u00e4ljemp\u00e4n\u00e4 olevaa sovelletaan seuraaviin verkkosivuihin <a href=\"https:\/\/yourwoodenmap.com\/fi\/\">https:\/\/yourwoodenmap.com\/<\/a><\/p><p>K\u00e4ytt\u00e4m\u00e4ll\u00e4 t\u00e4t\u00e4 verkkosivua hyv\u00e4ksyt vastuuvapauslausekkeen.<\/p><p>EU FRIENDLY (paitsi Kypros, Malta, Sveitsi, Norja) - tilaa kartta EU: lle ja \u00e4l\u00e4 maksa tullimaksuja (5. elokuuta 2020 l\u00e4htien).<\/p><p>Muiden maiden osalta HUOMAA, ett\u00e4 paketin suurten mittojen vuoksi maksat tulli- ja tuontiveroja.<\/p><p>Verojen m\u00e4\u00e4r\u00e4 riippuu maasi lains\u00e4\u00e4d\u00e4nn\u00f6st\u00e4. Emme ole vastuussa niist\u00e4.<\/p>\t\t\t\t\t\t\t\t<\/div>\n\t\t\t\t<\/div>\n\t\t\t\t\t<\/div>\n\t\t<\/div>\n\t\t\t\t\t<\/div>\n\t\t<\/section>\n\t\t\t\t<\/div>","protected":false},"excerpt":{"rendered":"<p>Toimitus ja palautukset PALAUTUSK\u00c4YT\u00c4NT\u00d6 Olemme niin vakuuttuneita siit\u00e4, ett\u00e4 tulet rakastamaan palveluitamme, ett\u00e4 olemme valmiita tarjoamaan 30 p\u00e4iv\u00e4n riskitt\u00f6m\u00e4n rahat takaisin -takuun. Jos et ole tyytyv\u00e4inen palveluun jostain syyst\u00e4, voit saada hyvityksen 30 p\u00e4iv\u00e4n kuluessa ostoksen tekemisest\u00e4. Muistathan, ett\u00e4 vaikka [...]<\/p>","protected":false},"author":1,"featured_media":0,"parent":0,"menu_order":0,"comment_status":"closed","ping_status":"closed","template":"","meta":{"_seopress_robots_primary_cat":"","_seopress_titles_title":"Know Before You Buy: Shipping &amp; Returns Info for Your Wooden Map","_seopress_titles_desc":"Get all the info you need before buying! Explore transparent shipping costs, estimated delivery times, &amp; our return policy for your wooden map.","_seopress_robots_index":"","_monsterinsights_skip_tracking":false,"_monsterinsights_sitenote_active":false,"_monsterinsights_sitenote_note":"","_monsterinsights_sitenote_category":0,"site-sidebar-layout":"no-sidebar","site-content-layout":"page-builder","ast-site-content-layout":"full-width-container","site-content-style":"unboxed","site-sidebar-style":"unboxed","ast-global-header-display":"","ast-banner-title-visibility":"","ast-main-header-display":"","ast-hfb-above-header-display":"","ast-hfb-below-header-display":"","ast-hfb-mobile-header-display":"","site-post-title":"disabled","ast-breadcrumbs-content":"","ast-featured-img":"disabled","footer-sml-layout":"","theme-transparent-header-meta":"enabled","adv-header-id-meta":"","stick-header-meta":"","header-above-stick-meta":"","header-main-stick-meta":"","header-below-stick-meta":"","astra-migrate-meta-layouts":"set","ast-page-background-enabled":"default","ast-page-background-meta":{"desktop":{"background-color":"","background-image":"","background-repeat":"repeat","background-position":"center center","background-size":"auto","background-attachment":"scroll","background-type":"","background-media":"","overlay-type":"","overlay-color":"","overlay-opacity":"","overlay-gradient":""},"tablet":{"background-color":"","background-image":"","background-repeat":"repeat","background-position":"center center","background-size":"auto","background-attachment":"scroll","background-type":"","background-media":"","overlay-type":"","overlay-color":"","overlay-opacity":"","overlay-gradient":""},"mobile":{"background-color":"","background-image":"","background-repeat":"repeat","background-position":"center center","background-size":"auto","background-attachment":"scroll","background-type":"","background-media":"","overlay-type":"","overlay-color":"","overlay-opacity":"","overlay-gradient":""}},"ast-content-background-meta":{"desktop":{"background-color":"var(--ast-global-color-5)","background-image":"","background-repeat":"repeat","background-position":"center center","background-size":"auto","background-attachment":"scroll","background-type":"","background-media":"","overlay-type":"","overlay-color":"","overlay-opacity":"","overlay-gradient":""},"tablet":{"background-color":"var(--ast-global-color-5)","background-image":"","background-repeat":"repeat","background-position":"center center","background-size":"auto","background-attachment":"scroll","background-type":"","background-media":"","overlay-type":"","overlay-color":"","overlay-opacity":"","overlay-gradient":""},"mobile":{"background-color":"var(--ast-global-color-5)","background-image":"","background-repeat":"repeat","background-position":"center center","background-size":"auto","background-attachment":"scroll","background-type":"","background-media":"","overlay-type":"","overlay-color":"","overlay-opacity":"","overlay-gradient":""}},"footnotes":""},"class_list":["post-3225","page","type-page","status-publish","hentry"],"_links":{"self":[{"href":"https:\/\/yourwoodenmap.com\/fi\/wp-json\/wp\/v2\/pages\/3225","targetHints":{"allow":["GET"]}}],"collection":[{"href":"https:\/\/yourwoodenmap.com\/fi\/wp-json\/wp\/v2\/pages"}],"about":[{"href":"https:\/\/yourwoodenmap.com\/fi\/wp-json\/wp\/v2\/types\/page"}],"author":[{"embeddable":true,"href":"https:\/\/yourwoodenmap.com\/fi\/wp-json\/wp\/v2\/users\/1"}],"replies":[{"embeddable":true,"href":"https:\/\/yourwoodenmap.com\/fi\/wp-json\/wp\/v2\/comments?post=3225"}],"version-history":[{"count":1,"href":"https:\/\/yourwoodenmap.com\/fi\/wp-json\/wp\/v2\/pages\/3225\/revisions"}],"predecessor-version":[{"id":4749,"href":"https:\/\/yourwoodenmap.com\/fi\/wp-json\/wp\/v2\/pages\/3225\/revisions\/4749"}],"wp:attachment":[{"href":"https:\/\/yourwoodenmap.com\/fi\/wp-json\/wp\/v2\/media?parent=3225"}],"curies":[{"name":"wp","href":"https:\/\/api.w.org\/{rel}","templated":true}]}}