{"id":3214,"date":"2021-11-05T19:30:57","date_gmt":"2021-11-05T16:30:57","guid":{"rendered":"https:\/\/yourwoodenmap.com\/?page_id=3214"},"modified":"2024-02-23T15:18:20","modified_gmt":"2024-02-23T12:18:20","slug":"privacy-policy","status":"publish","type":"page","link":"https:\/\/yourwoodenmap.com\/lt\/privacy-policy\/","title":{"rendered":"Privatumo politika"},"content":{"rendered":"<div data-elementor-type=\"wp-post\" data-elementor-id=\"3214\" class=\"elementor elementor-3214\">\n\t\t\t\t\t\t<section class=\"elementor-section elementor-top-section elementor-element elementor-element-4850fc6 elementor-section-content-middle elementor-section-boxed elementor-section-height-default elementor-section-height-default\" data-id=\"4850fc6\" data-element_type=\"section\" data-settings=\"{&quot;background_background&quot;:&quot;gradient&quot;}\">\n\t\t\t\t\t\t\t<div class=\"elementor-background-overlay\"><\/div>\n\t\t\t\t\t\t\t<div class=\"elementor-container elementor-column-gap-default\">\n\t\t\t\t\t<div class=\"elementor-column elementor-col-100 elementor-top-column elementor-element elementor-element-0eb4899\" data-id=\"0eb4899\" data-element_type=\"column\">\n\t\t\t<div class=\"elementor-widget-wrap elementor-element-populated\">\n\t\t\t\t\t\t<div class=\"elementor-element elementor-element-112010a elementor-widget elementor-widget-heading\" data-id=\"112010a\" data-element_type=\"widget\" data-widget_type=\"heading.default\">\n\t\t\t\t<div class=\"elementor-widget-container\">\n\t\t\t\t\t<h1 class=\"elementor-heading-title elementor-size-default\">Privatumo politika<\/h1>\t\t\t\t<\/div>\n\t\t\t\t<\/div>\n\t\t\t\t\t<\/div>\n\t\t<\/div>\n\t\t\t\t\t<\/div>\n\t\t<\/section>\n\t\t\t\t<section class=\"elementor-section elementor-top-section elementor-element elementor-element-80ece1f elementor-section-boxed elementor-section-height-default elementor-section-height-default\" data-id=\"80ece1f\" data-element_type=\"section\">\n\t\t\t\t\t\t<div class=\"elementor-container elementor-column-gap-default\">\n\t\t\t\t\t<div class=\"elementor-column elementor-col-100 elementor-top-column elementor-element elementor-element-04d6479\" data-id=\"04d6479\" data-element_type=\"column\">\n\t\t\t<div class=\"elementor-widget-wrap elementor-element-populated\">\n\t\t\t\t\t\t<div class=\"elementor-element elementor-element-e92b72d elementor-widget elementor-widget-spacer\" data-id=\"e92b72d\" data-element_type=\"widget\" data-widget_type=\"spacer.default\">\n\t\t\t\t<div class=\"elementor-widget-container\">\n\t\t\t\t\t\t\t<div class=\"elementor-spacer\">\n\t\t\t<div class=\"elementor-spacer-inner\"><\/div>\n\t\t<\/div>\n\t\t\t\t\t\t<\/div>\n\t\t\t\t<\/div>\n\t\t\t\t\t<\/div>\n\t\t<\/div>\n\t\t\t\t\t<\/div>\n\t\t<\/section>\n\t\t\t\t<section class=\"elementor-section elementor-top-section elementor-element elementor-element-55543e5 elementor-section-boxed elementor-section-height-default elementor-section-height-default\" data-id=\"55543e5\" data-element_type=\"section\">\n\t\t\t\t\t\t<div class=\"elementor-container elementor-column-gap-default\">\n\t\t\t\t\t<div class=\"elementor-column elementor-col-100 elementor-top-column elementor-element elementor-element-5f2cf34\" data-id=\"5f2cf34\" data-element_type=\"column\">\n\t\t\t<div class=\"elementor-widget-wrap elementor-element-populated\">\n\t\t\t\t\t\t<div class=\"elementor-element elementor-element-645bf0d elementor-widget elementor-widget-text-editor\" data-id=\"645bf0d\" data-element_type=\"widget\" data-widget_type=\"text-editor.default\">\n\t\t\t\t<div class=\"elementor-widget-container\">\n\t\t\t\t\t\t\t\t\t<p>Paskutin\u012f kart\u0105 atnaujinta 2021-11-05<\/p><p>S\u0104VOKOS<\/p><p>Duomen\u0173 valdytojas ir svetain\u0117s operatorius <a href=\"https:\/\/yourwoodenmap.com\/lt\/\">https:\/\/yourwoodenmap.com\/<\/a> (toliau - duomen\u0173 valdytojas) yra MB \"Domo lazeriai\", registracijos kodas 305344823, el. pa\u0161to adresas <a href=\"mailto:info@yourwoodenmap.com\">info@yourwoodenmap.com<\/a>.<\/p><p>Domo lazeriai, MB<\/p><p>\u012emon\u0117s kodas: 305344823<\/p><p>U\u017eugriovio g. 5, U\u017eugriovis, LT-14256 Vilniaus r.<\/p><p>+37060991045<\/p><p>info@yourwoodenmap.com<\/p><p>1.2. Pirk\u0117jas - fizinis ar juridinis asmuo, \u012fsigij\u0119s preki\u0173 internetin\u0117je parduotuv\u0117je. <a href=\"https:\/\/yourwoodenmap.com\/lt\/\">https:\/\/yourwoodenmap.com\/<\/a><\/p><p>1.3. Asmens duomen\u0173 tvarkymo taisykl\u0117s (toliau - Taisykl\u0117s) reglamentuoja pagrindinius asmens duomen\u0173 rinkimo, tvarkymo ir saugojimo principus, kuriais Duomen\u0173 valdytojas remiasi tvarkydamas Pirk\u0117jo asmens duomenis.<\/p><p>BENDROSIOS NUOSTATOS<\/p><p>2.1. \u0160i privatumo politika reglamentuoja pagrindinius elektronin\u0117s parduotuv\u0117s asmens duomen\u0173 rinkimo, tvarkymo ir saugojimo principus ir tvark\u0105. <a href=\"https:\/\/yourwoodenmap.com\/lt\/\">https:\/\/yourwoodenmap.com\/<\/a> (toliau - \"Duomen\u0173 valdytojas\") ir <a href=\"https:\/\/yourwoodenmap.com\/lt\/\">https:\/\/yourwoodenmap.com\/<\/a> klientas (toliau vadinamas \"Pirk\u0117ju\").<\/p><p>2.2. Pirk\u0117jo asmens duomen\u0173 rinkim\u0105, tvarkym\u0105 ir saugojim\u0105 reglamentuoja \u0161i Privatumo politika, Lietuvos Respublikos asmens duomen\u0173 teisin\u0117s apsaugos \u012fstatymas ir kiti teis\u0117s aktai.<\/p><p>2.3. Nurodydami savo asmens duomenis elektronin\u0117je parduotuv\u0117je, sutinkate, kad duomen\u0173 valdytojas juos valdyt\u0173 ir tvarkyt\u0173 \u0161ioje privatumo politikoje ir teis\u0117s aktuose numatytais tikslais, priemon\u0117mis ir tvarka.<\/p><p>2.4. Duomen\u0173 valdytojas \u012fsipareigoja parduoti prekes ne jaunesniems kaip 16 met\u0173 fiziniams asmenims. Jei Pirk\u0117jas yra jaunesnis nei 16 met\u0173, Pirk\u0117jas gali pirkti tik su t\u0117v\u0173 arba glob\u0117j\u0173 sutikimu.<\/p><p>ASMENS DUOMEN\u0172 RINKIMAS, TVARKYMAS IR SAUGOJIMAS<\/p><p>3.1. Duomen\u0173 valdytojas laikosi \u0161i\u0173 pagrindini\u0173 asmens duomen\u0173 tvarkymo princip\u0173:<br \/>3.1.1. Asmens duomenys renkami apibr\u0117\u017etais ir teis\u0117tais tikslais.<br \/>3.1.2. Asmens duomenys tvarkomi tiksliai ir s\u0105\u017einingai.<br \/>3.1.3. Asmens duomenys nuolat atnaujinami.<br \/>3.1.4. Asmens duomenys saugomi ne ilgiau, nei to reikalauja nustatyti duomen\u0173 tvarkymo tikslai.<br \/>3.1.5. Asmens duomenis tvarko tik tie darbuotojai, kuriems suteikta tokia teis\u0117.<br \/>3.1.6. Visa informacija apie tvarkomus asmens duomenis yra konfidenciali.<\/p><p>3.2. Pirk\u0117jas sutinka, kad asmens duomenys, kuriuos jis savanori\u0161kai pateikia u\u017esakymo metu, bus tvarkomi pagal \u0161ias taisykles:<\/p><p>3.2.1. Pirk\u0117jas turi teis\u0119 susipa\u017einti su savo asmens duomenimis, turi teis\u0119 \u017einoti, kokius jo asmens duomenis esame sukaup\u0119, turi teis\u0119 su\u017einoti, kokiems duomen\u0173 gav\u0117jams yra teikiami jo asmens duomenys ir buvo teikiami per pastaruosius 1 metus, turi teis\u0119 reikalauti i\u0161taisyti neteisingus, nei\u0161samius, netikslius asmens duomenis, turi teis\u0119 pra\u0161yti i\u0161trinti sukauptus duomenis apie save ir turi teis\u0119 pra\u0161yti nutraukti sukaupt\u0173 asmens duomen\u0173 tvarkym\u0105, o visa tai pra\u0161oma padaryti para\u0161ant elektronin\u012f lai\u0161k\u0105 adresu <a href=\"mailto:info@yourwoodenmap.com\">info@yourwoodenmap.com<\/a>Tokiu atveju pardav\u0117jas privalo nedelsdamas (per 1-2 dienas) \u012fvykdyti Pirk\u0117jo pra\u0161ym\u0105 ir i\u0161trinti arba patikimai nuasmeninti Pirk\u0117jo duomenis. Jei Pardav\u0117jas mato gr\u0117sm\u0119 asmens duomenims, jis turi teis\u0119 pra\u0161yti patvirtinti asmens tapatyb\u0117s dokument\u0105, leid\u017eiant\u012f teisingai identifikuoti Pirk\u0117j\u0105.<\/p><p>3.3. Duomen\u0173 valdytojas pripa\u017e\u012fsta ir gerbia kiekvieno Pirk\u0117jo, kuris pateikia u\u017esakym\u0105 internetin\u0117je parduotuv\u0117je, teis\u0119 \u012f privatum\u0105. <a href=\"https:\/\/yourwoodenmap.com\/lt\/\">https:\/\/yourwoodenmap.com\/<\/a>Duomen\u0173 valdytojas renka ir naudoja Pirk\u0117jo asmens duomenis (vard\u0105 ir pavard\u0119 arba asmens pavadinim\u0105, adres\u0105, telefono numer\u012f, el. pa\u0161to adres\u0105 ir kit\u0105 informacij\u0105, nurodyt\u0105 internetin\u0117je parduotuv\u0117je u\u017esakymo metu) preki\u0173 ar paslaug\u0173 u\u017esakymams apdoroti arba kitiems prisiimtiems sutartiniams \u012fsipareigojimams vykdyti.\u00a0 Pateikdamas u\u017esakym\u0105 Pirk\u0117jas gali i\u0161reik\u0161ti savo sutikim\u0105 \/ nesutikim\u0105 d\u0117l jo asmens duomen\u0173 naudojimo tiesiogin\u0117s rinkodaros tikslais. Tai jis padaro pa\u017eym\u0117damas (sutinku, kad jo asmens duomenys b\u016bt\u0173 naudojami tiesiogin\u0117s rinkodaros tikslais) arba nepa\u017eym\u0117damas (nesutinku). Savaitinius naujienlai\u0161kius siun\u010diame kliento nurodytu el. pa\u0161tu ir suteikiame galimyb\u0119 atsisakyti naujienlai\u0161kio prenumeratos (naujienlai\u0161kio pabaigoje yra pasirinkimas: \"atsisakyti prenumeratos\" - paspaud\u0119s \u0161i\u0105 nuorod\u0105 klientas nebegaus naujienlai\u0161kio).<\/p><p>ASMENS DUOMEN\u0172 PERDAVIMAS TRE\u010cIOSIOMS \u0160ALIMS.<\/p><p>4.1. Duomen\u0173 valdytojas \u012fsipareigoja neatskleisti Pirk\u0117jo asmens duomen\u0173 tretiesiems asmenims, i\u0161skyrus Duomen\u0173 valdytojo partnerius, kurie teikia preki\u0173 pristatymo ar kitas paslaugas, susijusias su tinkamu Pirk\u0117jo u\u017esakymo \u012fvykdymu. Visais kitais atvejais Pirk\u0117jo asmens duomenys tretiesiems asmenims gali b\u016bti atskleisti tik Lietuvos Respublikos teis\u0117s akt\u0173 nustatyta tvarka.<\/p><p>REGISTRACIJOS PARAI\u0160KOS PATEIKIMO TAISYKL\u0116S<\/p><p>5.1. Pirk\u0117jas registracijos formoje privalo pateikti vis\u0105, i\u0161sami\u0105 ir teising\u0105 informacij\u0105 apie save. Jei Pirk\u0117jas registracijos formoje pateik\u0117 netikslius, neteisingus ar klaidinan\u010dius duomenis, Duomen\u0173 valdytojas turi teis\u0119 at\u0161aukti Pirk\u0117jo registracij\u0105 ir i\u0161trinti duomenis arba apriboti Pirk\u0117jo galimyb\u0119 naudotis el. parduotuve.<\/p><p>5.2. Pirk\u0117jas turi teis\u0119 bet kuriuo metu pakeisti ir (arba) atnaujinti registracijos formoje pateikt\u0105 informacij\u0105.<\/p><p>TAISYKLI\u0172 KEITIMAS<\/p><p>6.1. Duomen\u0173 valdytojas turi teis\u0119 visi\u0161kai ar i\u0161 dalies pakeisti Taisykles, prane\u0161\u0119s apie tai visiems <a href=\"https:\/\/yourwoodenmap.com\/lt\/\">https:\/\/yourwoodenmap.com\/<\/a> elektronin\u0117je parduotuv\u0117je.<\/p><p>6.2. Taisykli\u0173 papildymai ar pakeitimai \u012fsigalioja nuo j\u0173 paskelbimo dienos, t. y. nuo j\u0173 pasirodymo internetin\u0117je parduotuv\u0117je dienos. <a href=\"https:\/\/yourwoodenmap.com\/lt\/\">https:\/\/yourwoodenmap.com\/<\/a>.<\/p><p>6.3. Jei Pirk\u0117jas nesutinka su nauja Taisykli\u0173 redakcija, jis turi teis\u0119 ra\u0161tu j\u0173 atsisakyti.<\/p><p>6.4. Jei po Taisykli\u0173 papildymo ar pakeitimo Pirk\u0117jas toliau naudojasi internetin\u0117s parduotuv\u0117s (el. parduotuv\u0117s) teikiamomis paslaugomis, laikoma, kad Pirk\u0117jas sutinka su nauja Taisykli\u0173 redakcija.<\/p><p>INFORMACIJOS PATEIKIMAS IR SAUGOJIMAS<\/p><p>7.1. Visi prane\u0161imai, susij\u0119 su asmens duomen\u0173 tvarkymu, duomen\u0173 valdytojui pateikiami el. pa\u0161tu <a href=\"mailto:info@yourwoodenmap.com\">info@yourwoodenmap.com<\/a><\/p><p>7.2. Duomen\u0173 valdytojas pateikia atsakym\u0105 tokia pa\u010dia forma, kokia buvo gautas prane\u0161imas ar pretenzija.<\/p><p>Jei turite klausim\u0173 ir pasi\u016blym\u0173, ra\u0161ykite mums el. pa\u0161tu <a href=\"mailto:info@yourwoodenmap.com\">info@yourwoodenmap.com<\/a><\/p><p>Informacija apie \u012fmon\u0119:<\/p><ul><li>Domo lazeriai, MB<\/li><li>\u012emon\u0117s kodas: 305344823<\/li><li>U\u017eugriovio g. 5, U\u017eugriovis, LT-14256 Vilniaus r.<\/li><li>+37060991045<\/li><li>info@yourwoodenmap.com<\/li><\/ul><div id=\"simple-translate\"><div><div class=\"simple-translate-button isShow\" style=\"background-image: url('chrome-extension:\/\/ibplnjkanclpjokhdolnendpplpjiace\/icons\/512.png'); height: 22px; width: 22px; top: 176px; left: 191px;\">\u00a0<\/div><div class=\"simple-translate-panel\" style=\"width: 300px; height: 200px; top: 0px; left: 0px; font-size: 13px; background-color: #ffffff;\"><div class=\"simple-translate-result-wrapper\" style=\"overflow: hidden;\"><div class=\"simple-translate-move\" draggable=\"true\">\u00a0<\/div><div class=\"simple-translate-result-contents\"><p class=\"simple-translate-result\" dir=\"auto\" style=\"color: #000000;\">\u00a0<\/p><p class=\"simple-translate-candidate\" dir=\"auto\" style=\"color: #737373;\">\u00a0<\/p><\/div><\/div><\/div><\/div><\/div>\t\t\t\t\t\t\t\t<\/div>\n\t\t\t\t<\/div>\n\t\t\t\t\t<\/div>\n\t\t<\/div>\n\t\t\t\t\t<\/div>\n\t\t<\/section>\n\t\t\t\t<\/div>","protected":false},"excerpt":{"rendered":"<p>Privatumo politika Paskutin\u012f kart\u0105 atnaujinta 2021-11-05 APIBR\u0116\u017dIMAI Duomen\u0173 valdytojas ir svetain\u0117s https:\/\/yourwoodenmap.com\/ operatorius (toliau - duomen\u0173 valdytojas) yra MB \"Domo lazeriai\", registracijos kodas 305344823, el. pa\u0161to adresas info@yourwoodenmap.com. MB \"Domo lazeriai\", \u012fmon\u0117s kodas: 305344823 U\u017eugriovio g. 5, U\u017eugriovis, LT-14256 Vilniaus r. +37060991045 info@yourwoodenmap.com 1.2. Pirk\u0117jas - fizinis arba juridinis [...]<\/p>","protected":false},"author":1,"featured_media":0,"parent":0,"menu_order":0,"comment_status":"closed","ping_status":"closed","template":"","meta":{"_seopress_robots_primary_cat":"","_seopress_titles_title":"Protecting Your Information: Explore YourWoodenMap&#039;s Privacy Policy","_seopress_titles_desc":"Understand your data rights and how we protect your privacy when using YourWoodenMap. Read our comprehensive Privacy Policy now. ","_seopress_robots_index":"","_monsterinsights_skip_tracking":false,"_monsterinsights_sitenote_active":false,"_monsterinsights_sitenote_note":"","_monsterinsights_sitenote_category":0,"site-sidebar-layout":"no-sidebar","site-content-layout":"page-builder","ast-site-content-layout":"full-width-container","site-content-style":"unboxed","site-sidebar-style":"unboxed","ast-global-header-display":"","ast-banner-title-visibility":"","ast-main-header-display":"","ast-hfb-above-header-display":"","ast-hfb-below-header-display":"","ast-hfb-mobile-header-display":"","site-post-title":"disabled","ast-breadcrumbs-content":"","ast-featured-img":"disabled","footer-sml-layout":"","theme-transparent-header-meta":"enabled","adv-header-id-meta":"","stick-header-meta":"","header-above-stick-meta":"","header-main-stick-meta":"","header-below-stick-meta":"","astra-migrate-meta-layouts":"set","ast-page-background-enabled":"default","ast-page-background-meta":{"desktop":{"background-color":"","background-image":"","background-repeat":"repeat","background-position":"center center","background-size":"auto","background-attachment":"scroll","background-type":"","background-media":"","overlay-type":"","overlay-color":"","overlay-opacity":"","overlay-gradient":""},"tablet":{"background-color":"","background-image":"","background-repeat":"repeat","background-position":"center center","background-size":"auto","background-attachment":"scroll","background-type":"","background-media":"","overlay-type":"","overlay-color":"","overlay-opacity":"","overlay-gradient":""},"mobile":{"background-color":"","background-image":"","background-repeat":"repeat","background-position":"center center","background-size":"auto","background-attachment":"scroll","background-type":"","background-media":"","overlay-type":"","overlay-color":"","overlay-opacity":"","overlay-gradient":""}},"ast-content-background-meta":{"desktop":{"background-color":"var(--ast-global-color-5)","background-image":"","background-repeat":"repeat","background-position":"center center","background-size":"auto","background-attachment":"scroll","background-type":"","background-media":"","overlay-type":"","overlay-color":"","overlay-opacity":"","overlay-gradient":""},"tablet":{"background-color":"var(--ast-global-color-5)","background-image":"","background-repeat":"repeat","background-position":"center center","background-size":"auto","background-attachment":"scroll","background-type":"","background-media":"","overlay-type":"","overlay-color":"","overlay-opacity":"","overlay-gradient":""},"mobile":{"background-color":"var(--ast-global-color-5)","background-image":"","background-repeat":"repeat","background-position":"center center","background-size":"auto","background-attachment":"scroll","background-type":"","background-media":"","overlay-type":"","overlay-color":"","overlay-opacity":"","overlay-gradient":""}},"footnotes":""},"class_list":["post-3214","page","type-page","status-publish","hentry"],"_links":{"self":[{"href":"https:\/\/yourwoodenmap.com\/lt\/wp-json\/wp\/v2\/pages\/3214","targetHints":{"allow":["GET"]}}],"collection":[{"href":"https:\/\/yourwoodenmap.com\/lt\/wp-json\/wp\/v2\/pages"}],"about":[{"href":"https:\/\/yourwoodenmap.com\/lt\/wp-json\/wp\/v2\/types\/page"}],"author":[{"embeddable":true,"href":"https:\/\/yourwoodenmap.com\/lt\/wp-json\/wp\/v2\/users\/1"}],"replies":[{"embeddable":true,"href":"https:\/\/yourwoodenmap.com\/lt\/wp-json\/wp\/v2\/comments?post=3214"}],"version-history":[{"count":2,"href":"https:\/\/yourwoodenmap.com\/lt\/wp-json\/wp\/v2\/pages\/3214\/revisions"}],"predecessor-version":[{"id":4753,"href":"https:\/\/yourwoodenmap.com\/lt\/wp-json\/wp\/v2\/pages\/3214\/revisions\/4753"}],"wp:attachment":[{"href":"https:\/\/yourwoodenmap.com\/lt\/wp-json\/wp\/v2\/media?parent=3214"}],"curies":[{"name":"wp","href":"https:\/\/api.w.org\/{rel}","templated":true}]}}