{"id":3225,"date":"2021-11-05T19:36:49","date_gmt":"2021-11-05T16:36:49","guid":{"rendered":"https:\/\/yourwoodenmap.com\/?page_id=3225"},"modified":"2024-02-23T15:05:54","modified_gmt":"2024-02-23T12:05:54","slug":"shipping-and-returns","status":"publish","type":"page","link":"https:\/\/yourwoodenmap.com\/lt\/shipping-and-returns\/","title":{"rendered":"Siuntimas ir gr\u0105\u017einimas"},"content":{"rendered":"<div data-elementor-type=\"wp-post\" data-elementor-id=\"3225\" class=\"elementor elementor-3225\">\n\t\t\t\t\t\t<section class=\"elementor-section elementor-top-section elementor-element elementor-element-4850fc6 elementor-section-content-middle elementor-section-boxed elementor-section-height-default elementor-section-height-default\" data-id=\"4850fc6\" data-element_type=\"section\" data-settings=\"{&quot;background_background&quot;:&quot;gradient&quot;}\">\n\t\t\t\t\t\t\t<div class=\"elementor-background-overlay\"><\/div>\n\t\t\t\t\t\t\t<div class=\"elementor-container elementor-column-gap-default\">\n\t\t\t\t\t<div class=\"elementor-column elementor-col-100 elementor-top-column elementor-element elementor-element-0eb4899\" data-id=\"0eb4899\" data-element_type=\"column\">\n\t\t\t<div class=\"elementor-widget-wrap elementor-element-populated\">\n\t\t\t\t\t\t<div class=\"elementor-element elementor-element-112010a elementor-widget elementor-widget-heading\" data-id=\"112010a\" data-element_type=\"widget\" data-widget_type=\"heading.default\">\n\t\t\t\t<div class=\"elementor-widget-container\">\n\t\t\t\t\t<h1 class=\"elementor-heading-title elementor-size-default\">Siuntimas ir gr\u0105\u017einimas<\/h1>\t\t\t\t<\/div>\n\t\t\t\t<\/div>\n\t\t\t\t\t<\/div>\n\t\t<\/div>\n\t\t\t\t\t<\/div>\n\t\t<\/section>\n\t\t\t\t<section class=\"elementor-section elementor-top-section elementor-element elementor-element-80ece1f elementor-section-boxed elementor-section-height-default elementor-section-height-default\" data-id=\"80ece1f\" data-element_type=\"section\">\n\t\t\t\t\t\t<div class=\"elementor-container elementor-column-gap-default\">\n\t\t\t\t\t<div class=\"elementor-column elementor-col-100 elementor-top-column elementor-element elementor-element-04d6479\" data-id=\"04d6479\" data-element_type=\"column\">\n\t\t\t<div class=\"elementor-widget-wrap elementor-element-populated\">\n\t\t\t\t\t\t<div class=\"elementor-element elementor-element-e92b72d elementor-widget elementor-widget-spacer\" data-id=\"e92b72d\" data-element_type=\"widget\" data-widget_type=\"spacer.default\">\n\t\t\t\t<div class=\"elementor-widget-container\">\n\t\t\t\t\t\t\t<div class=\"elementor-spacer\">\n\t\t\t<div class=\"elementor-spacer-inner\"><\/div>\n\t\t<\/div>\n\t\t\t\t\t\t<\/div>\n\t\t\t\t<\/div>\n\t\t\t\t\t<\/div>\n\t\t<\/div>\n\t\t\t\t\t<\/div>\n\t\t<\/section>\n\t\t\t\t<section class=\"elementor-section elementor-top-section elementor-element elementor-element-8853c1b elementor-section-boxed elementor-section-height-default elementor-section-height-default\" data-id=\"8853c1b\" data-element_type=\"section\">\n\t\t\t\t\t\t<div class=\"elementor-container elementor-column-gap-default\">\n\t\t\t\t\t<div class=\"elementor-column elementor-col-100 elementor-top-column elementor-element elementor-element-3499a99\" data-id=\"3499a99\" data-element_type=\"column\">\n\t\t\t<div class=\"elementor-widget-wrap elementor-element-populated\">\n\t\t\t\t\t\t<div class=\"elementor-element elementor-element-9f362e4 elementor-widget elementor-widget-text-editor\" data-id=\"9f362e4\" data-element_type=\"widget\" data-widget_type=\"text-editor.default\">\n\t\t\t\t<div class=\"elementor-widget-container\">\n\t\t\t\t\t\t\t\t\t<p>Gr\u0105\u017einimo taisykl\u0117s<\/p><p>Esame taip \u012fsitikin\u0119, kad jums visi\u0161kai patiks m\u016bs\u0173 paslaugos, kad norime pasi\u016blyti 30 dien\u0173 pinig\u0173 gr\u0105\u017einimo garantij\u0105. Jei d\u0117l koki\u0173 nors prie\u017eas\u010di\u0173 nesate patenkinti paslaugomis, galite susigr\u0105\u017einti pinigus per 30 dien\u0173 nuo pirkimo. Atminkite, kad nors ir si\u016blome visi\u0161k\u0105 pinig\u0173 gr\u0105\u017einimo garantij\u0105, pinigus gr\u0105\u017einsime tik u\u017e nenaudotas prekes.<\/p><p>Kaip su mumis susisiekti<\/p><p>Jei norite susisiekti su mumis bet kokiu klausimu, susijusiu su \u0161ia Gr\u0105\u017einimo politika, galite si\u0173sti el. lai\u0161k\u0105 adresu <a href=\"mailto:info@yourwoodenmap.com\">info@yourwoodenmap.com<\/a><\/p><p>Gr\u0105\u017einimo s\u0105lygos:<\/p><p>Nekokybi\u0161kos prek\u0117s gr\u0105\u017einamos vadovaujantis Daikt\u0173 gr\u0105\u017einimo ir keitimo taisykl\u0117mis, patvirtintomis \u016bkio ministro 2001 m. bir\u017eelio 29 d. \u012fsakymu Nr. 217 \"D\u0117l daikt\u0173 gr\u0105\u017einimo ir keitimo taisykli\u0173 patvirtinimo\".<\/p><p>Gr\u0105\u017einant kokybi\u0161kas prekes turi b\u016bti laikomasi \u0161i\u0173 s\u0105lyg\u0173:<\/p><p>Pirk\u0117jo prane\u0161imas Pardav\u0117jui apie preki\u0173 gr\u0105\u017einim\u0105 pateikiamas laikantis preki\u0173 gr\u0105\u017einimui nustatyt\u0173 termin\u0173 - 14 dien\u0173 nuo preki\u0173 gavimo dienos.<\/p><p>Prek\u0117 negali b\u016bti sugadinta\/sulau\u017eyta pirk\u0117jo.<\/p><p>Gr\u0105\u017einama prek\u0117 turi b\u016bti originalioje tvarkingoje pakuot\u0117je, nenaudota (nei\u0161bandyta), nepraradusi prekin\u0117s i\u0161vaizdos (nepa\u017eeistos etiket\u0117s, nenupl\u0117\u0161tos apsaugin\u0117s pl\u0117vel\u0117s ir t. t.) (\u0161is punktas netaikomas gr\u0105\u017einant nekokybi\u0161k\u0105 prek\u0119).<\/p><p>Gr\u0105\u017einama prek\u0117 turi b\u016bti tokios pat komplektacijos, kokia buvo gauta.<\/p><p>Gr\u0105\u017einant prekes b\u016btina pateikti gaut\u0105 s\u0105skait\u0105 fakt\u016br\u0105 arba kit\u0105 pirkim\u0105 patvirtinant\u012f dokument\u0105.<\/p><p>Jei prek\u0117 yra nekomplektin\u0117, sugadinta, netvarkinga ar netinkamai supakuota, Pardav\u0117jas turi teis\u0119 nepriimti prek\u0117s, atsisakyti j\u0105 keisti ir negr\u0105\u017einti Pirk\u0117jui u\u017e prek\u0119 sumok\u0117t\u0173 pinig\u0173.<\/p><p>Preki\u0173 gr\u0105\u017einimas:<\/p><p>Prek\u0117s turi b\u016bti gr\u0105\u017eintos pardav\u0117jui \u0161iuo adresu: U\u017eugriovio g. 5,<br \/>U\u017eugriovis, LT-14256 Vilniaus r., prekes si\u0173sti galima bet kokiu pirk\u0117jui tinkamu b\u016bdu (Lietuvos pa\u0161tu, pa\u0161tu ar kurjeriu).<\/p><p>Kokybi\u0161k\u0173 preki\u0173 gr\u0105\u017einimo i\u0161laidas apmoka pirk\u0117jas.<\/p><p>Nekokybi\u0161kos prek\u0117s gr\u0105\u017einamos arba pakei\u010diamos pardav\u0117jo s\u0105skaita. Gr\u0105\u017einant ar kei\u010diant prekes b\u016btina pateikti pirkimo s\u0105skait\u0105 fakt\u016br\u0105 ir kvit\u0105\/s\u0105skait\u0105, gaut\u0105 po apmok\u0117jimo u\u017e gr\u0105\u017einimo siuntimo paslaugas.<\/p><p>Pinig\u0173 gr\u0105\u017einimo s\u0105lygos<\/p><p>Gavus prekes ir \u012fvertinus j\u0173 b\u016bkl\u0119, u\u017e prekes sumok\u0117ta suma gr\u0105\u017einama per 30 dien\u0173 nuo preki\u0173 gr\u0105\u017einimo dienos \u012f Pirk\u0117jo nurodyt\u0105 banko s\u0105skait\u0105.<\/p><p>Jei gr\u0105\u017einamos kokybi\u0161kos prek\u0117s, gr\u0105\u017einama tik \u012fsigyt\u0173 preki\u0173 vert\u0117 (siuntimo i\u0161laidas apmoka Pirk\u0117jas).<\/p><p>Jei gr\u0105\u017einamos nekokybi\u0161kos prek\u0117s, gr\u0105\u017einama vis\u0173 preki\u0173 vert\u0117s ir Pirk\u0117jo patirt\u0173 siuntimo i\u0161laid\u0173 suma.<\/p><p>Jei Pirk\u0117jas pageidauja nekokybi\u0161kas prekes pakeisti kokybi\u0161komis, Pardav\u0117jas apmoka tik Pirk\u0117jo patirtas siuntimo i\u0161laidas ir savo s\u0105skaita pristato kokybi\u0161kas prekes Pirk\u0117jui.<\/p><p>K\u0105 daryti, jei turiu nusiskundim\u0173 d\u0117l gaminio?<\/p><p>Jei turite koki\u0173 nors problem\u0173 su m\u016bs\u0173 produktais, susisiekite su elektroniniu pa\u0161tu <a href=\"mailto:info@yourwoodenmap.com\">info@yourwoodenmap.com<\/a> arba telefonu: <a href=\"tel: 37060991045\">+370 609 91045<\/a><\/p><p>Siuntimas<\/p><p>Bendrosios nuostatos Toliau i\u0161d\u0117stytos nuostatos taikomos interneto svetainei <a href=\"https:\/\/yourwoodenmap.com\/lt\/\">https:\/\/yourwoodenmap.com\/<\/a><\/p><p>Naudodamiesi \u0161iuo tinklalapiu sutinkate su atsakomyb\u0117s atsisakymu<\/p><p>EU FRIENDLY (i\u0161skyrus Kipr\u0105, Malt\u0105, \u0160veicarij\u0105, Norvegij\u0105) - u\u017esisakykite \u017eem\u0117lap\u012f \u012f ES ir nemok\u0117kite muito mokes\u010di\u0173 (nuo 2020 m. rugpj\u016b\u010dio 5 d.).<\/p><p>Likusiose \u0161alyse atkreipkite d\u0117mes\u012f, kad d\u0117l dideli\u0173 pakuot\u0117s matmen\u0173 teks mok\u0117ti muito ir importo mokes\u010dius.<\/p><p>Mokes\u010di\u0173 dydis priklauso nuo j\u016bs\u0173 \u0161alies \u012fstatym\u0173. Mes u\u017e juos neatsakome.<\/p>\t\t\t\t\t\t\t\t<\/div>\n\t\t\t\t<\/div>\n\t\t\t\t\t<\/div>\n\t\t<\/div>\n\t\t\t\t\t<\/div>\n\t\t<\/section>\n\t\t\t\t<\/div>","protected":false},"excerpt":{"rendered":"<p>Pristatymas ir gr\u0105\u017einimas Gr\u0105\u017einimo politika Esame taip \u012fsitikin\u0119, kad jums visi\u0161kai patiks m\u016bs\u0173 paslaugos, kad norime pasi\u016blyti 30 dien\u0173 neriziking\u0105 pinig\u0173 gr\u0105\u017einimo garantij\u0105. Jei d\u0117l koki\u0173 nors prie\u017eas\u010di\u0173 nesate patenkinti paslaugomis, galite susigr\u0105\u017einti pinigus per 30 dien\u0173 nuo pirkimo. Nepamir\u0161kite, kad nors [...]<\/p>","protected":false},"author":1,"featured_media":0,"parent":0,"menu_order":0,"comment_status":"closed","ping_status":"closed","template":"","meta":{"_seopress_robots_primary_cat":"","_seopress_titles_title":"Know Before You Buy: Shipping &amp; Returns Info for Your Wooden Map","_seopress_titles_desc":"Get all the info you need before buying! Explore transparent shipping costs, estimated delivery times, &amp; our return policy for your wooden map.","_seopress_robots_index":"","_monsterinsights_skip_tracking":false,"_monsterinsights_sitenote_active":false,"_monsterinsights_sitenote_note":"","_monsterinsights_sitenote_category":0,"site-sidebar-layout":"no-sidebar","site-content-layout":"page-builder","ast-site-content-layout":"full-width-container","site-content-style":"unboxed","site-sidebar-style":"unboxed","ast-global-header-display":"","ast-banner-title-visibility":"","ast-main-header-display":"","ast-hfb-above-header-display":"","ast-hfb-below-header-display":"","ast-hfb-mobile-header-display":"","site-post-title":"disabled","ast-breadcrumbs-content":"","ast-featured-img":"disabled","footer-sml-layout":"","theme-transparent-header-meta":"enabled","adv-header-id-meta":"","stick-header-meta":"","header-above-stick-meta":"","header-main-stick-meta":"","header-below-stick-meta":"","astra-migrate-meta-layouts":"set","ast-page-background-enabled":"default","ast-page-background-meta":{"desktop":{"background-color":"","background-image":"","background-repeat":"repeat","background-position":"center center","background-size":"auto","background-attachment":"scroll","background-type":"","background-media":"","overlay-type":"","overlay-color":"","overlay-opacity":"","overlay-gradient":""},"tablet":{"background-color":"","background-image":"","background-repeat":"repeat","background-position":"center center","background-size":"auto","background-attachment":"scroll","background-type":"","background-media":"","overlay-type":"","overlay-color":"","overlay-opacity":"","overlay-gradient":""},"mobile":{"background-color":"","background-image":"","background-repeat":"repeat","background-position":"center center","background-size":"auto","background-attachment":"scroll","background-type":"","background-media":"","overlay-type":"","overlay-color":"","overlay-opacity":"","overlay-gradient":""}},"ast-content-background-meta":{"desktop":{"background-color":"var(--ast-global-color-5)","background-image":"","background-repeat":"repeat","background-position":"center center","background-size":"auto","background-attachment":"scroll","background-type":"","background-media":"","overlay-type":"","overlay-color":"","overlay-opacity":"","overlay-gradient":""},"tablet":{"background-color":"var(--ast-global-color-5)","background-image":"","background-repeat":"repeat","background-position":"center center","background-size":"auto","background-attachment":"scroll","background-type":"","background-media":"","overlay-type":"","overlay-color":"","overlay-opacity":"","overlay-gradient":""},"mobile":{"background-color":"var(--ast-global-color-5)","background-image":"","background-repeat":"repeat","background-position":"center center","background-size":"auto","background-attachment":"scroll","background-type":"","background-media":"","overlay-type":"","overlay-color":"","overlay-opacity":"","overlay-gradient":""}},"footnotes":""},"class_list":["post-3225","page","type-page","status-publish","hentry"],"_links":{"self":[{"href":"https:\/\/yourwoodenmap.com\/lt\/wp-json\/wp\/v2\/pages\/3225","targetHints":{"allow":["GET"]}}],"collection":[{"href":"https:\/\/yourwoodenmap.com\/lt\/wp-json\/wp\/v2\/pages"}],"about":[{"href":"https:\/\/yourwoodenmap.com\/lt\/wp-json\/wp\/v2\/types\/page"}],"author":[{"embeddable":true,"href":"https:\/\/yourwoodenmap.com\/lt\/wp-json\/wp\/v2\/users\/1"}],"replies":[{"embeddable":true,"href":"https:\/\/yourwoodenmap.com\/lt\/wp-json\/wp\/v2\/comments?post=3225"}],"version-history":[{"count":1,"href":"https:\/\/yourwoodenmap.com\/lt\/wp-json\/wp\/v2\/pages\/3225\/revisions"}],"predecessor-version":[{"id":4749,"href":"https:\/\/yourwoodenmap.com\/lt\/wp-json\/wp\/v2\/pages\/3225\/revisions\/4749"}],"wp:attachment":[{"href":"https:\/\/yourwoodenmap.com\/lt\/wp-json\/wp\/v2\/media?parent=3225"}],"curies":[{"name":"wp","href":"https:\/\/api.w.org\/{rel}","templated":true}]}}