{"id":2738,"date":"2021-10-22T17:41:56","date_gmt":"2021-10-22T14:41:56","guid":{"rendered":"https:\/\/yourwoodenmap.com\/?post_type=product&#038;p=2738"},"modified":"2026-02-03T18:13:16","modified_gmt":"2026-02-03T15:13:16","slug":"wooden-map","status":"publish","type":"product","link":"https:\/\/yourwoodenmap.com\/lt\/produktas\/wooden-map\/","title":{"rendered":"Medinis \u017eem\u0117lapis"},"content":{"rendered":"<p>&nbsp;<\/p>\n<p><strong>SAVYB\u0116S:<\/strong><\/p>\n<p><img decoding=\"async\" class=\"alignnone size-full wp-image-3530\" src=\"http:\/\/yourwoodenmap.com\/wp-content\/uploads\/2021\/10\/mini-logo-40-x-40-px-1.png\" alt=\"\" width=\"20\" height=\"20\" srcset=\"https:\/\/yourwoodenmap.com\/wp-content\/uploads\/2021\/10\/mini-logo-40-x-40-px-1.png 20w, https:\/\/yourwoodenmap.com\/wp-content\/uploads\/2021\/10\/mini-logo-40-x-40-px-1-12x12.png 12w\" sizes=\"(max-width: 20px) 100vw, 20px\" \/> Med\u017eiaga: Auk\u0161\u010diausios kokyb\u0117s ber\u017eas<\/p>\n<p><img decoding=\"async\" class=\"alignnone size-full wp-image-3530\" src=\"http:\/\/yourwoodenmap.com\/wp-content\/uploads\/2021\/10\/mini-logo-40-x-40-px-1.png\" alt=\"\" width=\"20\" height=\"20\" srcset=\"https:\/\/yourwoodenmap.com\/wp-content\/uploads\/2021\/10\/mini-logo-40-x-40-px-1.png 20w, https:\/\/yourwoodenmap.com\/wp-content\/uploads\/2021\/10\/mini-logo-40-x-40-px-1-12x12.png 12w\" sizes=\"(max-width: 20px) 100vw, 20px\" \/> Standartin\u0117 kalba: Angl\u0173<\/p>\n<p><img decoding=\"async\" class=\"alignnone size-full wp-image-3530\" src=\"http:\/\/yourwoodenmap.com\/wp-content\/uploads\/2021\/10\/mini-logo-40-x-40-px-1.png\" alt=\"\" width=\"20\" height=\"20\" srcset=\"https:\/\/yourwoodenmap.com\/wp-content\/uploads\/2021\/10\/mini-logo-40-x-40-px-1.png 20w, https:\/\/yourwoodenmap.com\/wp-content\/uploads\/2021\/10\/mini-logo-40-x-40-px-1-12x12.png 12w\" sizes=\"(max-width: 20px) 100vw, 20px\" \/> \u017dem\u0117lapio storis: 6 mm<\/p>\n<p><img decoding=\"async\" class=\"alignnone size-full wp-image-3530\" src=\"http:\/\/yourwoodenmap.com\/wp-content\/uploads\/2021\/10\/mini-logo-40-x-40-px-1.png\" alt=\"\" width=\"20\" height=\"20\" srcset=\"https:\/\/yourwoodenmap.com\/wp-content\/uploads\/2021\/10\/mini-logo-40-x-40-px-1.png 20w, https:\/\/yourwoodenmap.com\/wp-content\/uploads\/2021\/10\/mini-logo-40-x-40-px-1-12x12.png 12w\" sizes=\"(max-width: 20px) 100vw, 20px\" \/> Kiekvienas \u017eem\u0117lapis yra i\u0161skirtinis d\u0117l unikali\u0173 naturalios medienos savybi\u0173<\/p>\n<p><strong>KAIP I\u0160SIRINKTI?<\/strong><\/p>\n<p><img decoding=\"async\" class=\"alignnone size-full wp-image-3550\" src=\"http:\/\/yourwoodenmap.com\/wp-content\/uploads\/2021\/10\/set-up-guide-icon.png\" alt=\"\" width=\"20\" height=\"20\" srcset=\"https:\/\/yourwoodenmap.com\/wp-content\/uploads\/2021\/10\/set-up-guide-icon.png 20w, https:\/\/yourwoodenmap.com\/wp-content\/uploads\/2021\/10\/set-up-guide-icon-12x12.png 12w\" sizes=\"(max-width: 20px) 100vw, 20px\" \/> <a href=\"https:\/\/www.youtube.com\/watch?v=QncUPP1g3hg\" target=\"_blank\" rel=\"noopener\">SURINKIMO INSTRUKCIJA (VIDEO)<\/a><\/p>\n<div class=\"ast-oembed-container\" style=\"height: 100%;\"><iframe title=\"Surinkimas\" width=\"500\" height=\"281\" src=\"https:\/\/www.youtube.com\/embed\/WQn5L149PBg?feature=oembed\" frameborder=\"0\" allow=\"accelerometer; autoplay; clipboard-write; encrypted-media; gyroscope; picture-in-picture; web-share\" referrerpolicy=\"strict-origin-when-cross-origin\" allowfullscreen><\/iframe><\/div>\n<p><img fetchpriority=\"high\" decoding=\"async\" class=\"alignnone wp-image-3518\" src=\"https:\/\/yourwoodenmap.com\/wp-content\/uploads\/2021\/11\/Size-guide-new--1024x1024.png\" alt=\"\" width=\"600\" height=\"600\" \/><\/p>\n<p><img loading=\"lazy\" decoding=\"async\" class=\"alignnone wp-image-5104\" src=\"https:\/\/yourwoodenmap.com\/wp-content\/uploads\/2024\/02\/Size-guide-3XL-.png\" alt=\"\" width=\"600\" height=\"600\" srcset=\"https:\/\/yourwoodenmap.com\/wp-content\/uploads\/2024\/02\/Size-guide-3XL-.png 2000w, https:\/\/yourwoodenmap.com\/wp-content\/uploads\/2024\/02\/Size-guide-3XL--300x300.png 300w, https:\/\/yourwoodenmap.com\/wp-content\/uploads\/2024\/02\/Size-guide-3XL--1024x1024.png 1024w, https:\/\/yourwoodenmap.com\/wp-content\/uploads\/2024\/02\/Size-guide-3XL--150x150.png 150w, https:\/\/yourwoodenmap.com\/wp-content\/uploads\/2024\/02\/Size-guide-3XL--768x768.png 768w, https:\/\/yourwoodenmap.com\/wp-content\/uploads\/2024\/02\/Size-guide-3XL--1536x1536.png 1536w, https:\/\/yourwoodenmap.com\/wp-content\/uploads\/2024\/02\/Size-guide-3XL--12x12.png 12w, https:\/\/yourwoodenmap.com\/wp-content\/uploads\/2024\/02\/Size-guide-3XL--600x600.png 600w, https:\/\/yourwoodenmap.com\/wp-content\/uploads\/2024\/02\/Size-guide-3XL--100x100.png 100w, https:\/\/yourwoodenmap.com\/wp-content\/uploads\/2024\/02\/Size-guide-3XL--50x50.png 50w\" sizes=\"(max-width: 600px) 100vw, 600px\" \/><\/p>\n<p><img loading=\"lazy\" decoding=\"async\" class=\"alignnone wp-image-3522\" src=\"https:\/\/yourwoodenmap.com\/wp-content\/uploads\/2021\/11\/Map-styles-LT-2000-x-2000-px.png\" alt=\"\" width=\"600\" height=\"600\" \/><\/p>\n<p>&nbsp;<\/p>\n<p><img loading=\"lazy\" decoding=\"async\" class=\"alignnone wp-image-4475\" src=\"https:\/\/yourwoodenmap.com\/wp-content\/uploads\/2021\/10\/2.2.jpg\" alt=\"\" width=\"600\" height=\"338\" sizes=\"(max-width: 600px) 100vw, 600px\" \/><\/p>","protected":false},"excerpt":{"rendered":"<p>Ie\u0161kote puikios dovanos kelioni\u0173 entuziastui arba \u017emogui, m\u0117gstan\u010diam originalias interjero stiliaus detales? Jei atsak\u0117te teigiamai, pataik\u0117te \u012f tinkam\u0105 viet\u0105. \u0160is unikalus, rank\u0173 darbo, medinis pasaulio \u017eem\u0117lapis - tai nepaprasta dovana, kuri ne tik leis m\u0117gautis puikiais prisiminimais \u017eymint ypatingas vietas ar aplankytas \u0161alis, bet ir taps nuostabia buto ar namo puo\u0161mena.<\/p>","protected":false},"featured_media":2925,"template":"","meta":{"_seopress_robots_primary_cat":"none","_seopress_titles_title":"Explore the World in Style: Sustainable Wooden world Map Wall Art.","_seopress_titles_desc":"Add warmth and character to your home with a handcrafted wooden world map. Shop various styles & sizes. Sustainable materials, shop Now!","_seopress_robots_index":"","_monsterinsights_skip_tracking":false,"_monsterinsights_sitenote_active":false,"_monsterinsights_sitenote_note":"","_monsterinsights_sitenote_category":0,"site-sidebar-layout":"default","site-content-layout":"default","ast-site-content-layout":"default","site-content-style":"default","site-sidebar-style":"default","ast-global-header-display":"","ast-banner-title-visibility":"","ast-main-header-display":"","ast-hfb-above-header-display":"","ast-hfb-below-header-display":"","ast-hfb-mobile-header-display":"","site-post-title":"","ast-breadcrumbs-content":"","ast-featured-img":"","footer-sml-layout":"","theme-transparent-header-meta":"default","adv-header-id-meta":"","stick-header-meta":"","header-above-stick-meta":"","header-main-stick-meta":"","header-below-stick-meta":"","astra-migrate-meta-layouts":"set","ast-page-background-enabled":"default","ast-page-background-meta":{"desktop":{"background-color":"","background-image":"","background-repeat":"repeat","background-position":"center center","background-size":"auto","background-attachment":"scroll","background-type":"","background-media":"","overlay-type":"","overlay-color":"","overlay-opacity":"","overlay-gradient":""},"tablet":{"background-color":"","background-image":"","background-repeat":"repeat","background-position":"center center","background-size":"auto","background-attachment":"scroll","background-type":"","background-media":"","overlay-type":"","overlay-color":"","overlay-opacity":"","overlay-gradient":""},"mobile":{"background-color":"","background-image":"","background-repeat":"repeat","background-position":"center center","background-size":"auto","background-attachment":"scroll","background-type":"","background-media":"","overlay-type":"","overlay-color":"","overlay-opacity":"","overlay-gradient":""}},"ast-content-background-meta":{"desktop":{"background-color":"var(--ast-global-color-5)","background-image":"","background-repeat":"repeat","background-position":"center center","background-size":"auto","background-attachment":"scroll","background-type":"","background-media":"","overlay-type":"","overlay-color":"","overlay-opacity":"","overlay-gradient":""},"tablet":{"background-color":"var(--ast-global-color-5)","background-image":"","background-repeat":"repeat","background-position":"center center","background-size":"auto","background-attachment":"scroll","background-type":"","background-media":"","overlay-type":"","overlay-color":"","overlay-opacity":"","overlay-gradient":""},"mobile":{"background-color":"var(--ast-global-color-5)","background-image":"","background-repeat":"repeat","background-position":"center center","background-size":"auto","background-attachment":"scroll","background-type":"","background-media":"","overlay-type":"","overlay-color":"","overlay-opacity":"","overlay-gradient":""}}},"product_brand":[],"product_cat":[24],"product_tag":[],"class_list":{"0":"post-2738","1":"product","2":"type-product","3":"status-publish","4":"has-post-thumbnail","6":"product_cat-2d-wooden-maps","7":"pa_color-black","8":"pa_color-dark-walnut","9":"pa_color-grey","10":"pa_color-light","11":"pa_color-light-walnut","12":"pa_color-palisander","13":"pa_color-white","14":"pa_size-3xl","15":"pa_size-l","16":"pa_size-m","17":"pa_size-xl","18":"pa_size-xxl","19":"pa_style-exclusive","20":"pa_style-premium","21":"pa_style-standart","22":"desktop-align-left","23":"tablet-align-left","24":"mobile-align-left","26":"first","27":"instock","28":"sale","29":"shipping-taxable","30":"purchasable","31":"product-type-variable","32":"has-default-attributes"},"_links":{"self":[{"href":"https:\/\/yourwoodenmap.com\/lt\/wp-json\/wp\/v2\/product\/2738","targetHints":{"allow":["GET"]}}],"collection":[{"href":"https:\/\/yourwoodenmap.com\/lt\/wp-json\/wp\/v2\/product"}],"about":[{"href":"https:\/\/yourwoodenmap.com\/lt\/wp-json\/wp\/v2\/types\/product"}],"wp:featuredmedia":[{"embeddable":true,"href":"https:\/\/yourwoodenmap.com\/lt\/wp-json\/wp\/v2\/media\/2925"}],"wp:attachment":[{"href":"https:\/\/yourwoodenmap.com\/lt\/wp-json\/wp\/v2\/media?parent=2738"}],"wp:term":[{"taxonomy":"product_brand","embeddable":true,"href":"https:\/\/yourwoodenmap.com\/lt\/wp-json\/wp\/v2\/product_brand?post=2738"},{"taxonomy":"product_cat","embeddable":true,"href":"https:\/\/yourwoodenmap.com\/lt\/wp-json\/wp\/v2\/product_cat?post=2738"},{"taxonomy":"product_tag","embeddable":true,"href":"https:\/\/yourwoodenmap.com\/lt\/wp-json\/wp\/v2\/product_tag?post=2738"}],"curies":[{"name":"wp","href":"https:\/\/api.w.org\/{rel}","templated":true}]}}