{"id":4043,"date":"2023-05-15T23:23:55","date_gmt":"2023-05-15T20:23:55","guid":{"rendered":"https:\/\/yourwoodenmap.com\/?post_type=product&#038;p=4043"},"modified":"2024-11-12T18:58:33","modified_gmt":"2024-11-12T15:58:33","slug":"flag-push-pins","status":"publish","type":"product","link":"https:\/\/yourwoodenmap.com\/lt\/produktas\/flag-push-pins\/","title":{"rendered":"V\u0117liav\u0173 smeigtukai"},"content":{"rendered":"","protected":false},"excerpt":{"rendered":"<p>Pasaulio v\u0117liav\u0173 \u017eenkliukais galima pa\u017eym\u0117ti vietas, kuriose lank\u0117t\u0117s arba kurias nor\u0117tum\u0117te kada nors aplankyti.<\/p>\n<ul>\n<li>100 metalini\u0173 v\u0117liav\u0173 smeigtuk\u0173<\/li>\n<li>patogaus ma\u017eo dyd\u017eio\u00a0<span class=\"a-list-item\">, spalvoti ir gra\u017e\u016bs<\/span><\/li>\n<li>daug pritaikymo b\u016bd\u0173:\u00a0<span class=\"a-list-item\">mediniams \u017eem\u0117lapiams,\u00a0<\/span><span class=\"a-list-item\">prisiminim\u0173 lentoms, u\u017era\u0161ams,\u00a0<\/span><span class=\"a-list-item\">kam\u0161tin\u0117ms lentoms ir kalendoriams<\/span><\/li>\n<li>supakuota d\u0117\u017eut\u0117je su patogiu vadovu, kaip atrodo kiekvienos \u0161alies v\u0117liava.<\/li>\n<li>atkreipkite d\u0117mes\u012f, kad tai yra dekoracija ir kai kuri\u0173 \u0161ali\u0173 v\u0117liavos gali b\u016bti praleistos.<\/li>\n<\/ul>","protected":false},"featured_media":4046,"template":"","meta":{"_seopress_robots_primary_cat":"none","_seopress_titles_title":"","_seopress_titles_desc":"","_seopress_robots_index":"","_monsterinsights_skip_tracking":false,"_monsterinsights_sitenote_active":false,"_monsterinsights_sitenote_note":"","_monsterinsights_sitenote_category":0,"site-sidebar-layout":"default","site-content-layout":"default","ast-site-content-layout":"default","site-content-style":"default","site-sidebar-style":"default","ast-global-header-display":"","ast-banner-title-visibility":"","ast-main-header-display":"","ast-hfb-above-header-display":"","ast-hfb-below-header-display":"","ast-hfb-mobile-header-display":"","site-post-title":"","ast-breadcrumbs-content":"","ast-featured-img":"","footer-sml-layout":"","theme-transparent-header-meta":"default","adv-header-id-meta":"","stick-header-meta":"","header-above-stick-meta":"","header-main-stick-meta":"","header-below-stick-meta":"","astra-migrate-meta-layouts":"set","ast-page-background-enabled":"default","ast-page-background-meta":{"desktop":{"background-color":"","background-image":"","background-repeat":"repeat","background-position":"center center","background-size":"auto","background-attachment":"scroll","background-type":"","background-media":"","overlay-type":"","overlay-color":"","overlay-opacity":"","overlay-gradient":""},"tablet":{"background-color":"","background-image":"","background-repeat":"repeat","background-position":"center center","background-size":"auto","background-attachment":"scroll","background-type":"","background-media":"","overlay-type":"","overlay-color":"","overlay-opacity":"","overlay-gradient":""},"mobile":{"background-color":"","background-image":"","background-repeat":"repeat","background-position":"center center","background-size":"auto","background-attachment":"scroll","background-type":"","background-media":"","overlay-type":"","overlay-color":"","overlay-opacity":"","overlay-gradient":""}},"ast-content-background-meta":{"desktop":{"background-color":"var(--ast-global-color-5)","background-image":"","background-repeat":"repeat","background-position":"center center","background-size":"auto","background-attachment":"scroll","background-type":"","background-media":"","overlay-type":"","overlay-color":"","overlay-opacity":"","overlay-gradient":""},"tablet":{"background-color":"var(--ast-global-color-5)","background-image":"","background-repeat":"repeat","background-position":"center center","background-size":"auto","background-attachment":"scroll","background-type":"","background-media":"","overlay-type":"","overlay-color":"","overlay-opacity":"","overlay-gradient":""},"mobile":{"background-color":"var(--ast-global-color-5)","background-image":"","background-repeat":"repeat","background-position":"center center","background-size":"auto","background-attachment":"scroll","background-type":"","background-media":"","overlay-type":"","overlay-color":"","overlay-opacity":"","overlay-gradient":""}}},"product_brand":[],"product_cat":[63],"product_tag":[],"class_list":{"0":"post-4043","1":"product","2":"type-product","3":"status-publish","4":"has-post-thumbnail","6":"product_cat-accessories","7":"desktop-align-left","8":"tablet-align-left","9":"mobile-align-left","11":"first","12":"instock","13":"sale","14":"shipping-taxable","15":"purchasable","16":"product-type-simple"},"_links":{"self":[{"href":"https:\/\/yourwoodenmap.com\/lt\/wp-json\/wp\/v2\/product\/4043","targetHints":{"allow":["GET"]}}],"collection":[{"href":"https:\/\/yourwoodenmap.com\/lt\/wp-json\/wp\/v2\/product"}],"about":[{"href":"https:\/\/yourwoodenmap.com\/lt\/wp-json\/wp\/v2\/types\/product"}],"wp:featuredmedia":[{"embeddable":true,"href":"https:\/\/yourwoodenmap.com\/lt\/wp-json\/wp\/v2\/media\/4046"}],"wp:attachment":[{"href":"https:\/\/yourwoodenmap.com\/lt\/wp-json\/wp\/v2\/media?parent=4043"}],"wp:term":[{"taxonomy":"product_brand","embeddable":true,"href":"https:\/\/yourwoodenmap.com\/lt\/wp-json\/wp\/v2\/product_brand?post=4043"},{"taxonomy":"product_cat","embeddable":true,"href":"https:\/\/yourwoodenmap.com\/lt\/wp-json\/wp\/v2\/product_cat?post=4043"},{"taxonomy":"product_tag","embeddable":true,"href":"https:\/\/yourwoodenmap.com\/lt\/wp-json\/wp\/v2\/product_tag?post=4043"}],"curies":[{"name":"wp","href":"https:\/\/api.w.org\/{rel}","templated":true}]}}