{"id":3214,"date":"2021-11-05T19:30:57","date_gmt":"2021-11-05T16:30:57","guid":{"rendered":"https:\/\/yourwoodenmap.com\/?page_id=3214"},"modified":"2024-02-23T15:18:20","modified_gmt":"2024-02-23T12:18:20","slug":"privacy-policy","status":"publish","type":"page","link":"https:\/\/yourwoodenmap.com\/lv\/privacy-policy\/","title":{"rendered":"Konfidencialit\u0101tes politika"},"content":{"rendered":"<div data-elementor-type=\"wp-post\" data-elementor-id=\"3214\" class=\"elementor elementor-3214\">\n\t\t\t\t\t\t<section class=\"elementor-section elementor-top-section elementor-element elementor-element-4850fc6 elementor-section-content-middle elementor-section-boxed elementor-section-height-default elementor-section-height-default\" data-id=\"4850fc6\" data-element_type=\"section\" data-settings=\"{&quot;background_background&quot;:&quot;gradient&quot;}\">\n\t\t\t\t\t\t\t<div class=\"elementor-background-overlay\"><\/div>\n\t\t\t\t\t\t\t<div class=\"elementor-container elementor-column-gap-default\">\n\t\t\t\t\t<div class=\"elementor-column elementor-col-100 elementor-top-column elementor-element elementor-element-0eb4899\" data-id=\"0eb4899\" data-element_type=\"column\">\n\t\t\t<div class=\"elementor-widget-wrap elementor-element-populated\">\n\t\t\t\t\t\t<div class=\"elementor-element elementor-element-112010a elementor-widget elementor-widget-heading\" data-id=\"112010a\" data-element_type=\"widget\" data-widget_type=\"heading.default\">\n\t\t\t\t<div class=\"elementor-widget-container\">\n\t\t\t\t\t<h1 class=\"elementor-heading-title elementor-size-default\">Konfidencialit\u0101tes politika<\/h1>\t\t\t\t<\/div>\n\t\t\t\t<\/div>\n\t\t\t\t\t<\/div>\n\t\t<\/div>\n\t\t\t\t\t<\/div>\n\t\t<\/section>\n\t\t\t\t<section class=\"elementor-section elementor-top-section elementor-element elementor-element-80ece1f elementor-section-boxed elementor-section-height-default elementor-section-height-default\" data-id=\"80ece1f\" data-element_type=\"section\">\n\t\t\t\t\t\t<div class=\"elementor-container elementor-column-gap-default\">\n\t\t\t\t\t<div class=\"elementor-column elementor-col-100 elementor-top-column elementor-element elementor-element-04d6479\" data-id=\"04d6479\" data-element_type=\"column\">\n\t\t\t<div class=\"elementor-widget-wrap elementor-element-populated\">\n\t\t\t\t\t\t<div class=\"elementor-element elementor-element-e92b72d elementor-widget elementor-widget-spacer\" data-id=\"e92b72d\" data-element_type=\"widget\" data-widget_type=\"spacer.default\">\n\t\t\t\t<div class=\"elementor-widget-container\">\n\t\t\t\t\t\t\t<div class=\"elementor-spacer\">\n\t\t\t<div class=\"elementor-spacer-inner\"><\/div>\n\t\t<\/div>\n\t\t\t\t\t\t<\/div>\n\t\t\t\t<\/div>\n\t\t\t\t\t<\/div>\n\t\t<\/div>\n\t\t\t\t\t<\/div>\n\t\t<\/section>\n\t\t\t\t<section class=\"elementor-section elementor-top-section elementor-element elementor-element-55543e5 elementor-section-boxed elementor-section-height-default elementor-section-height-default\" data-id=\"55543e5\" data-element_type=\"section\">\n\t\t\t\t\t\t<div class=\"elementor-container elementor-column-gap-default\">\n\t\t\t\t\t<div class=\"elementor-column elementor-col-100 elementor-top-column elementor-element elementor-element-5f2cf34\" data-id=\"5f2cf34\" data-element_type=\"column\">\n\t\t\t<div class=\"elementor-widget-wrap elementor-element-populated\">\n\t\t\t\t\t\t<div class=\"elementor-element elementor-element-645bf0d elementor-widget elementor-widget-text-editor\" data-id=\"645bf0d\" data-element_type=\"widget\" data-widget_type=\"text-editor.default\">\n\t\t\t\t<div class=\"elementor-widget-container\">\n\t\t\t\t\t\t\t\t\t<p>P\u0113d\u0113jo reizi atjaunin\u0101ts 2021-11-05<\/p><p>DEFIN\u012aCIJAS<\/p><p>Datu p\u0101rzinis un t\u012bmek\u013ca vietnes operators <a href=\"https:\/\/yourwoodenmap.com\/lv\/\">https:\/\/yourwoodenmap.com\/<\/a> (turpm\u0101k tekst\u0101 - Datu p\u0101rzinis) ir MB \"Domo lazeriai\", re\u0123istr\u0101cijas kods 305344823, e-pasta adrese. <a href=\"mailto:info@yourwoodenmap.com\">info@yourwoodenmap.com<\/a>.<\/p><p>Domo lazeriai, MB<\/p><p>Uz\u0146\u0113muma ID: 305344823<\/p><p>U\u017eugriovio g. 5, U\u017eugriovis, LT-14256 Vilniaus r.<\/p><p>+37060991045<\/p><p>info@yourwoodenmap.com<\/p><p>1.2. Pirc\u0113js - fiziska vai juridiska persona, kas ieg\u0101d\u0101jusies preces interneta veikal\u0101. <a href=\"https:\/\/yourwoodenmap.com\/lv\/\">https:\/\/yourwoodenmap.com\/<\/a><\/p><p>1.3. Personas datu apstr\u0101des noteikumi (turpm\u0101k tekst\u0101 - Noteikumi) reglament\u0113 personas datu v\u0101k\u0161anas, apstr\u0101des un glab\u0101\u0161anas pamatprincipus, uz kuru pamata datu p\u0101rzinis veic Pirc\u0113ja personas datu apstr\u0101di.<\/p><p>VISP\u0100R\u012aGI NOTEIKUMI<\/p><p>2.1. \u0160\u012b Priv\u0101tuma politika reglament\u0113 elektronisk\u0101 veikala personas datu v\u0101k\u0161anas, apstr\u0101des un uzglab\u0101\u0161anas pamatprincipus un k\u0101rt\u012bbu. <a href=\"https:\/\/yourwoodenmap.com\/lv\/\">https:\/\/yourwoodenmap.com\/<\/a> (turpm\u0101k tekst\u0101 - \"Datu p\u0101rzinis\") un no <a href=\"https:\/\/yourwoodenmap.com\/lv\/\">https:\/\/yourwoodenmap.com\/<\/a> klientam (turpm\u0101k tekst\u0101 - \"Pirc\u0113js\").<\/p><p>2.2. Pirc\u0113ja personas datu v\u0101k\u0161anu, apstr\u0101di un glab\u0101\u0161anu reglament\u0113 \u0161\u012b Priv\u0101tuma politika, Lietuvas Republikas Personas datu tiesisk\u0101s aizsardz\u012bbas likums un citi ties\u012bbu akti.<\/p><p>2.3. Nor\u0101dot savus personas datus e-veikal\u0101, j\u016bs piekr\u012btat, ka datu p\u0101rzinis tos p\u0101rvald\u012bs un apstr\u0101d\u0101s \u0161aj\u0101 priv\u0101tuma politik\u0101 un ties\u012bbu aktos noteiktajiem m\u0113r\u0137iem, l\u012bdzek\u013ciem un proced\u016br\u0101m.<\/p><p>2.4. Datu p\u0101rzinis ap\u0146emas p\u0101rdot preces fizisk\u0101m person\u0101m, kuras nav jaun\u0101kas par 16 gadiem. Ja Pirc\u0113js ir jaun\u0101ks par 16 gadiem, Pirc\u0113js var ieg\u0101d\u0101ties preces tikai ar vec\u0101ku vai aizbild\u0146u piekri\u0161anu.<\/p><p>PERSONAS DATU V\u0100K\u0160ANA, APSTR\u0100DE UN UZGLAB\u0100\u0160ANA<\/p><p>3.1. Datu p\u0101rzinis iev\u0113ro \u0161\u0101dus personas datu apstr\u0101des pamatprincipus:<br \/>3.1.1. Personas dati tiek v\u0101kti noteiktiem un likum\u012bgiem m\u0113r\u0137iem.<br \/>3.1.2. Personas datus apstr\u0101d\u0101 prec\u012bzi un godpr\u0101t\u012bgi.<br \/>3.1.3. Personas dati tiek past\u0101v\u012bgi atjaunin\u0101ti.<br \/>3.1.4. Personas datus glab\u0101 ne ilg\u0101k, nek\u0101 to prasa noteiktie datu apstr\u0101des m\u0113r\u0137i.<br \/>3.1.5. Personas datus apstr\u0101d\u0101 tikai tie darbinieki, kuriem ir pie\u0161\u0137irtas \u0161\u0101das ties\u012bbas.<br \/>3.1.6. Visa inform\u0101cija par apstr\u0101d\u0101tajiem personas datiem ir konfidenci\u0101la.<\/p><p>3.2. Pirc\u0113js piekr\u012bt, ka personas dati, kurus vi\u0146\u0161 br\u012bvpr\u0101t\u012bgi iesniedz pas\u016bt\u012bjuma br\u012bd\u012b, tiks apstr\u0101d\u0101ti saska\u0146\u0101 ar \u0161\u0101diem noteikumiem:<\/p><p>3.2.1. Pirc\u0113jam ir ties\u012bbas piek\u013c\u016bt saviem personas datiem, ir ties\u012bbas zin\u0101t, k\u0101dus vi\u0146a personas datus esam uzkr\u0101ju\u0161i, ir ties\u012bbas uzzin\u0101t, kuriem datu sa\u0146\u0113m\u0113jiem ir sniegti vi\u0146a personas dati un ir sniegti p\u0113d\u0113j\u0101 gada laik\u0101, ir ties\u012bbas piepras\u012bt labot nepareizus, nepiln\u012bgus, neprec\u012bzus personas datus, ir ties\u012bbas piepras\u012bt par sevi uzkr\u0101to datu dz\u0113\u0161anu un ir ties\u012bbas piepras\u012bt p\u0101rtraukt uzkr\u0101to personas datu apstr\u0101di, to visu pieprasot, rakstot e-pastu uz adresi <a href=\"mailto:info@yourwoodenmap.com\">info@yourwoodenmap.com<\/a>. \u0160\u0101d\u0101 gad\u012bjum\u0101 p\u0101rdev\u0113jam nekav\u0113joties (1-2 dienu laik\u0101) j\u0101\u012bsteno Pirc\u0113ja piepras\u012bjums un j\u0101izdz\u0113\u0161 vai dro\u0161i j\u0101depersonaliz\u0113 Pirc\u0113ja dati. Ja p\u0101rdev\u0113js saskata personas datu apdraud\u0113jumu, vi\u0146am ir ties\u012bbas piepras\u012bt apstiprin\u0101t personu apliecino\u0161u dokumentu, kas \u013cauj pareizi identific\u0113t Pirc\u0113ju.<\/p><p>3.3. Datu p\u0101rzinis atz\u012bst un iev\u0113ro katra Pirc\u0113ja, kur\u0161 veic pas\u016bt\u012bjumu interneta veikal\u0101, ties\u012bbas uz priv\u0101tumu. <a href=\"https:\/\/yourwoodenmap.com\/lv\/\">https:\/\/yourwoodenmap.com\/<\/a>. Datu p\u0101rzinis v\u0101c un izmanto Pirc\u0113ja personas datus (v\u0101rdu, uzv\u0101rdu vai personas nosaukumu, adresi, t\u0101lru\u0146a numuru, e-pasta adresi un citu inform\u0101ciju, kas nor\u0101d\u012bta tie\u0161saistes veikal\u0101, veicot pas\u016bt\u012bjumu), lai apstr\u0101d\u0101tu pre\u010du vai pakalpojumu pas\u016bt\u012bjumus vai izpild\u012btu citas nosl\u0113gt\u0101s l\u012bgumsaist\u012bbas.  Veicot pas\u016bt\u012bjumu, Pirc\u0113js var izteikt savu piekri\u0161anu\/ nepiekri\u0161anu attiec\u012bb\u0101 uz savu personas datu izmanto\u0161anu tie\u0161\u0101 m\u0101rketinga nol\u016bkos. Vi\u0146\u0161 to dara, atz\u012bm\u0113jot (es piekr\u012btu savu personas datu izmanto\u0161anai tie\u0161\u0101 m\u0101rketinga nol\u016bkos) vai nenor\u0101dot (nepiekr\u012btu). Uz klienta nor\u0101d\u012bto e-pastu m\u0113s katru ned\u0113\u013cu nos\u016bt\u0101m jaunumus un nodro\u0161in\u0101m iesp\u0113ju atteikties no jaunumu sa\u0146em\u0161anas (jaunumu sa\u0146em\u0161anas beig\u0101s ir izv\u0113le: \"atteikties no abon\u0113\u0161anas\" - p\u0113c \u0161\u012bs saites noklik\u0161\u0137in\u0101\u0161anas klients vairs nesa\u0146ems jaunumus).<\/p><p>PERSONAS DATU NODO\u0160ANA TRE\u0160\u0100M PERSON\u0100M.<\/p><p>4.1. Datu p\u0101rzinis ap\u0146emas neizpaust Pirc\u0113ja personas datus tre\u0161aj\u0101m person\u0101m, iz\u0146emot datu p\u0101rzi\u0146a partnerus, kuri nodro\u0161ina pre\u010du pieg\u0101di vai citus pakalpojumus, kas saist\u012bti ar Pirc\u0113ja pas\u016bt\u012bjuma pien\u0101c\u012bgu izpildi. Visos p\u0101r\u0113jos gad\u012bjumos Pirc\u0113ja personas datus dr\u012bkst izpaust tre\u0161aj\u0101m person\u0101m tikai Lietuvas Republikas ties\u012bbu aktos noteiktaj\u0101 k\u0101rt\u012bb\u0101.<\/p><p>RE\u0122ISTR\u0100CIJAS IESNIEG\u0160ANAS NOTEIKUMI<\/p><p>5.1. Pirc\u0113jam re\u0123istr\u0101cijas veidlap\u0101 ir j\u0101sniedz piln\u012bga, piln\u012bga un pareiza inform\u0101cija par sevi. Ja Pirc\u0113js re\u0123istr\u0101cijas veidlap\u0101 sniedzis neprec\u012bzus, nepatiesus vai maldino\u0161us datus, datu p\u0101rzinim ir ties\u012bbas anul\u0113t Pirc\u0113ja re\u0123istr\u0101ciju un dz\u0113st datus vai ierobe\u017eot Pirc\u0113ja iesp\u0113jas izmantot e-veikalu.<\/p><p>5.2. Pirc\u0113jam ir ties\u012bbas jebkur\u0101 laik\u0101 main\u012bt un\/vai atjaunin\u0101t re\u0123istr\u0101cijas veidlap\u0101 sniegto inform\u0101ciju.<\/p><p>NOTEIKUMU MAI\u0145A<\/p><p>6.1. Datu p\u0101rzinim ir ties\u012bbas piln\u012bb\u0101 vai da\u013c\u0113ji groz\u012bt Noteikumus p\u0113c tam, kad par to ir pazi\u0146ots ikvienam <a href=\"https:\/\/yourwoodenmap.com\/lv\/\">https:\/\/yourwoodenmap.com\/<\/a> interneta veikals.<\/p><p>6.2. Noteikumu papildin\u0101jumi vai groz\u012bjumi st\u0101jas sp\u0113k\u0101 no to public\u0113\u0161anas dienas, t. i., no dienas, kad tie par\u0101d\u0101s tie\u0161saistes veikal\u0101. <a href=\"https:\/\/yourwoodenmap.com\/lv\/\">https:\/\/yourwoodenmap.com\/<\/a>.<\/p><p>6.3. Ja Pirc\u0113js nepiekr\u012bt Noteikumu jaunajai redakcijai, vi\u0146am ir ties\u012bbas rakstveid\u0101 atteikties no tiem.<\/p><p>6.4. Ja p\u0113c Noteikumu papildin\u0101\u0161anas vai groz\u012b\u0161anas Pirc\u0113js turpina izmantot interneta veikala (e-veikala) sniegtos pakalpojumus, tiek uzskat\u012bts, ka Pirc\u0113js piekr\u012bt Noteikumu jaunajai redakcijai.<\/p><p>INFORM\u0100CIJAS SNIEG\u0160ANA UN GLAB\u0100\u0160ANA<\/p><p>7.1. Visi pazi\u0146ojumi, kas saist\u012bti ar personas datu apstr\u0101di, tiek iesniegti datu p\u0101rzinim pa e-pastu. <a href=\"mailto:info@yourwoodenmap.com\">info@yourwoodenmap.com<\/a><\/p><p>7.2. Datu p\u0101rzinis iesniedz atbildi t\u0101d\u0101 pa\u0161\u0101 form\u0101, k\u0101d\u0101 tika sa\u0146emts pazi\u0146ojums vai pras\u012bba.<\/p><p>Ja jums ir k\u0101di jaut\u0101jumi un ieteikumi, l\u016bdzu, rakstiet mums uz \u0161\u0101du adresi. <a href=\"mailto:info@yourwoodenmap.com\">info@yourwoodenmap.com<\/a><\/p><p>Inform\u0101cija par uz\u0146\u0113mumu:<\/p><ul><li>Domo lazeriai, MB<\/li><li>Uz\u0146\u0113muma ID: 305344823<\/li><li>U\u017eugriovio g. 5, U\u017eugriovis, LT-14256 Vilniaus r.<\/li><li>+37060991045<\/li><li>info@yourwoodenmap.com<\/li><\/ul><div id=\"simple-translate\"><div><div class=\"simple-translate-button isShow\" style=\"background-image: url('chrome-extension:\/\/ibplnjkanclpjokhdolnendpplpjiace\/icons\/512.png'); height: 22px; width: 22px; top: 176px; left: 191px;\">\u00a0<\/div><div class=\"simple-translate-panel\" style=\"width: 300px; height: 200px; top: 0px; left: 0px; font-size: 13px; background-color: #ffffff;\"><div class=\"simple-translate-result-wrapper\" style=\"overflow: hidden;\"><div class=\"simple-translate-move\" draggable=\"true\">\u00a0<\/div><div class=\"simple-translate-result-contents\"><p class=\"simple-translate-result\" dir=\"auto\" style=\"color: #000000;\">\u00a0<\/p><p class=\"simple-translate-candidate\" dir=\"auto\" style=\"color: #737373;\">\u00a0<\/p><\/div><\/div><\/div><\/div><\/div>\t\t\t\t\t\t\t\t<\/div>\n\t\t\t\t<\/div>\n\t\t\t\t\t<\/div>\n\t\t<\/div>\n\t\t\t\t\t<\/div>\n\t\t<\/section>\n\t\t\t\t<\/div>","protected":false},"excerpt":{"rendered":"<p>Priv\u0101tuma politika P\u0113d\u0113jo reizi atjaunin\u0101ta 2021-11-05 DEFIN\u012aCIJAS Datu p\u0101rzinis un t\u012bmek\u013ca vietnes https:\/\/yourwoodenmap.com\/ operators (turpm\u0101k tekst\u0101 - datu p\u0101rzinis) ir MB \"Domo lazeriai\", re\u0123istr\u0101cijas kods 305344823, e-pasta adrese info@yourwoodenmap.com. MB \"Domo lazeriai\", uz\u0146\u0113muma re\u0123istr\u0101cijas numurs: 305344823 U\u017eugriovio g. 5, U\u017eugriovis, LT-14256 Vilniaus r. +37060991045 info@yourwoodenmap.com 1.2. Pirc\u0113js - fiziska vai juridiska [...]<\/p>","protected":false},"author":1,"featured_media":0,"parent":0,"menu_order":0,"comment_status":"closed","ping_status":"closed","template":"","meta":{"_seopress_robots_primary_cat":"","_seopress_titles_title":"Protecting Your Information: Explore YourWoodenMap&#039;s Privacy Policy","_seopress_titles_desc":"Understand your data rights and how we protect your privacy when using YourWoodenMap. Read our comprehensive Privacy Policy now. ","_seopress_robots_index":"","_monsterinsights_skip_tracking":false,"_monsterinsights_sitenote_active":false,"_monsterinsights_sitenote_note":"","_monsterinsights_sitenote_category":0,"site-sidebar-layout":"no-sidebar","site-content-layout":"page-builder","ast-site-content-layout":"full-width-container","site-content-style":"unboxed","site-sidebar-style":"unboxed","ast-global-header-display":"","ast-banner-title-visibility":"","ast-main-header-display":"","ast-hfb-above-header-display":"","ast-hfb-below-header-display":"","ast-hfb-mobile-header-display":"","site-post-title":"disabled","ast-breadcrumbs-content":"","ast-featured-img":"disabled","footer-sml-layout":"","theme-transparent-header-meta":"enabled","adv-header-id-meta":"","stick-header-meta":"","header-above-stick-meta":"","header-main-stick-meta":"","header-below-stick-meta":"","astra-migrate-meta-layouts":"set","ast-page-background-enabled":"default","ast-page-background-meta":{"desktop":{"background-color":"","background-image":"","background-repeat":"repeat","background-position":"center center","background-size":"auto","background-attachment":"scroll","background-type":"","background-media":"","overlay-type":"","overlay-color":"","overlay-opacity":"","overlay-gradient":""},"tablet":{"background-color":"","background-image":"","background-repeat":"repeat","background-position":"center center","background-size":"auto","background-attachment":"scroll","background-type":"","background-media":"","overlay-type":"","overlay-color":"","overlay-opacity":"","overlay-gradient":""},"mobile":{"background-color":"","background-image":"","background-repeat":"repeat","background-position":"center center","background-size":"auto","background-attachment":"scroll","background-type":"","background-media":"","overlay-type":"","overlay-color":"","overlay-opacity":"","overlay-gradient":""}},"ast-content-background-meta":{"desktop":{"background-color":"var(--ast-global-color-5)","background-image":"","background-repeat":"repeat","background-position":"center center","background-size":"auto","background-attachment":"scroll","background-type":"","background-media":"","overlay-type":"","overlay-color":"","overlay-opacity":"","overlay-gradient":""},"tablet":{"background-color":"var(--ast-global-color-5)","background-image":"","background-repeat":"repeat","background-position":"center center","background-size":"auto","background-attachment":"scroll","background-type":"","background-media":"","overlay-type":"","overlay-color":"","overlay-opacity":"","overlay-gradient":""},"mobile":{"background-color":"var(--ast-global-color-5)","background-image":"","background-repeat":"repeat","background-position":"center center","background-size":"auto","background-attachment":"scroll","background-type":"","background-media":"","overlay-type":"","overlay-color":"","overlay-opacity":"","overlay-gradient":""}},"footnotes":""},"class_list":["post-3214","page","type-page","status-publish","hentry"],"_links":{"self":[{"href":"https:\/\/yourwoodenmap.com\/lv\/wp-json\/wp\/v2\/pages\/3214","targetHints":{"allow":["GET"]}}],"collection":[{"href":"https:\/\/yourwoodenmap.com\/lv\/wp-json\/wp\/v2\/pages"}],"about":[{"href":"https:\/\/yourwoodenmap.com\/lv\/wp-json\/wp\/v2\/types\/page"}],"author":[{"embeddable":true,"href":"https:\/\/yourwoodenmap.com\/lv\/wp-json\/wp\/v2\/users\/1"}],"replies":[{"embeddable":true,"href":"https:\/\/yourwoodenmap.com\/lv\/wp-json\/wp\/v2\/comments?post=3214"}],"version-history":[{"count":2,"href":"https:\/\/yourwoodenmap.com\/lv\/wp-json\/wp\/v2\/pages\/3214\/revisions"}],"predecessor-version":[{"id":4753,"href":"https:\/\/yourwoodenmap.com\/lv\/wp-json\/wp\/v2\/pages\/3214\/revisions\/4753"}],"wp:attachment":[{"href":"https:\/\/yourwoodenmap.com\/lv\/wp-json\/wp\/v2\/media?parent=3214"}],"curies":[{"name":"wp","href":"https:\/\/api.w.org\/{rel}","templated":true}]}}