{"id":3225,"date":"2021-11-05T19:36:49","date_gmt":"2021-11-05T16:36:49","guid":{"rendered":"https:\/\/yourwoodenmap.com\/?page_id=3225"},"modified":"2024-02-23T15:05:54","modified_gmt":"2024-02-23T12:05:54","slug":"shipping-and-returns","status":"publish","type":"page","link":"https:\/\/yourwoodenmap.com\/lv\/shipping-and-returns\/","title":{"rendered":"Pieg\u0101de un atgrie\u0161ana"},"content":{"rendered":"<div data-elementor-type=\"wp-post\" data-elementor-id=\"3225\" class=\"elementor elementor-3225\">\n\t\t\t\t\t\t<section class=\"elementor-section elementor-top-section elementor-element elementor-element-4850fc6 elementor-section-content-middle elementor-section-boxed elementor-section-height-default elementor-section-height-default\" data-id=\"4850fc6\" data-element_type=\"section\" data-settings=\"{&quot;background_background&quot;:&quot;gradient&quot;}\">\n\t\t\t\t\t\t\t<div class=\"elementor-background-overlay\"><\/div>\n\t\t\t\t\t\t\t<div class=\"elementor-container elementor-column-gap-default\">\n\t\t\t\t\t<div class=\"elementor-column elementor-col-100 elementor-top-column elementor-element elementor-element-0eb4899\" data-id=\"0eb4899\" data-element_type=\"column\">\n\t\t\t<div class=\"elementor-widget-wrap elementor-element-populated\">\n\t\t\t\t\t\t<div class=\"elementor-element elementor-element-112010a elementor-widget elementor-widget-heading\" data-id=\"112010a\" data-element_type=\"widget\" data-widget_type=\"heading.default\">\n\t\t\t\t<div class=\"elementor-widget-container\">\n\t\t\t\t\t<h1 class=\"elementor-heading-title elementor-size-default\">Pieg\u0101de un atgrie\u0161ana<\/h1>\t\t\t\t<\/div>\n\t\t\t\t<\/div>\n\t\t\t\t\t<\/div>\n\t\t<\/div>\n\t\t\t\t\t<\/div>\n\t\t<\/section>\n\t\t\t\t<section class=\"elementor-section elementor-top-section elementor-element elementor-element-80ece1f elementor-section-boxed elementor-section-height-default elementor-section-height-default\" data-id=\"80ece1f\" data-element_type=\"section\">\n\t\t\t\t\t\t<div class=\"elementor-container elementor-column-gap-default\">\n\t\t\t\t\t<div class=\"elementor-column elementor-col-100 elementor-top-column elementor-element elementor-element-04d6479\" data-id=\"04d6479\" data-element_type=\"column\">\n\t\t\t<div class=\"elementor-widget-wrap elementor-element-populated\">\n\t\t\t\t\t\t<div class=\"elementor-element elementor-element-e92b72d elementor-widget elementor-widget-spacer\" data-id=\"e92b72d\" data-element_type=\"widget\" data-widget_type=\"spacer.default\">\n\t\t\t\t<div class=\"elementor-widget-container\">\n\t\t\t\t\t\t\t<div class=\"elementor-spacer\">\n\t\t\t<div class=\"elementor-spacer-inner\"><\/div>\n\t\t<\/div>\n\t\t\t\t\t\t<\/div>\n\t\t\t\t<\/div>\n\t\t\t\t\t<\/div>\n\t\t<\/div>\n\t\t\t\t\t<\/div>\n\t\t<\/section>\n\t\t\t\t<section class=\"elementor-section elementor-top-section elementor-element elementor-element-8853c1b elementor-section-boxed elementor-section-height-default elementor-section-height-default\" data-id=\"8853c1b\" data-element_type=\"section\">\n\t\t\t\t\t\t<div class=\"elementor-container elementor-column-gap-default\">\n\t\t\t\t\t<div class=\"elementor-column elementor-col-100 elementor-top-column elementor-element elementor-element-3499a99\" data-id=\"3499a99\" data-element_type=\"column\">\n\t\t\t<div class=\"elementor-widget-wrap elementor-element-populated\">\n\t\t\t\t\t\t<div class=\"elementor-element elementor-element-9f362e4 elementor-widget elementor-widget-text-editor\" data-id=\"9f362e4\" data-element_type=\"widget\" data-widget_type=\"text-editor.default\">\n\t\t\t\t<div class=\"elementor-widget-container\">\n\t\t\t\t\t\t\t\t\t<p>ATGRIE\u0160ANAS POLITIKA<\/p><p>M\u0113s esam tik p\u0101rliecin\u0101ti, ka jums absol\u016bti patiks m\u016bsu pakalpojumi, ka esam gatavi pied\u0101v\u0101t 30 dienu bezriska naudas atmaksas garantiju. Ja k\u0101da iemesla d\u0113\u013c neesat apmierin\u0101ts ar pakalpojumu, 30 dienu laik\u0101 p\u0113c pirkuma veik\u0161anas varat sa\u0146emt kompens\u0101ciju. L\u016bdzu, paturiet pr\u0101t\u0101, ka, lai gan m\u0113s pied\u0101v\u0101jam pilnu naudas atmaksas garantiju, m\u0113s atmaks\u0101sim naudu tikai par neizmantot\u0101m prec\u0113m.<\/p><p>Sazinieties ar mums<\/p><p>Ja v\u0113laties sazin\u0101ties ar mums par jebkuru jaut\u0101jumu saist\u012bb\u0101 ar \u0161o Atmaks\u0101\u0161anas politiku, varat s\u016bt\u012bt e-pastu uz \u0161\u0101du adresi. <a href=\"mailto:info@yourwoodenmap.com\">info@yourwoodenmap.com<\/a><\/p><p>Atgrie\u0161anas noteikumi:<\/p><p>Boj\u0101tas preces atdod atpaka\u013c saska\u0146\u0101 ar Pre\u010du atpaka\u013cnos\u016bt\u012b\u0161anas un mai\u0146as noteikumiem, kas apstiprin\u0101ti ar ekonomikas ministra 2001. gada 29. j\u016bnija r\u012bkojumu Nr. 217 \"Par Pre\u010du atpaka\u013cnos\u016bt\u012b\u0161anas un mai\u0146as noteikumu apstiprin\u0101\u0161anu\".<\/p><p>Atgrie\u017eot kvalitat\u012bvas preces, ir j\u0101iev\u0113ro \u0161\u0101di nosac\u012bjumi:<\/p><p>Pirc\u0113ja pazi\u0146ojums P\u0101rdev\u0113jam par pre\u010du atgrie\u0161anu tiek sniegts saska\u0146\u0101 ar pre\u010du atgrie\u0161anai noteiktajiem termi\u0146iem - 14 dienu laik\u0101 no pre\u010du sa\u0146em\u0161anas dienas.<\/p><p>Pirc\u0113js nedr\u012bkst saboj\u0101t\/ salauzt preci.<\/p><p>Atgrieztai precei j\u0101b\u016bt ori\u0123in\u0101laj\u0101, k\u0101rt\u012bg\u0101 iepakojum\u0101, nelietotai (nep\u0101rbaud\u012btai), t\u0101 nedr\u012bkst zaud\u0113t savu tirgot\u0101ja izskatu (nesaboj\u0101tas eti\u0137etes, nenopl\u0113stas aizsargpl\u0113ves utt.) (\u0161is punkts neattiecas uz boj\u0101tas preces atgrie\u0161anas gad\u012bjum\u0101).<\/p><p>Atgrieztajai precei j\u0101b\u016bt no t\u0101 pa\u0161a komplekta, no kura t\u0101 tika sa\u0146emta.<\/p><p>Atgrie\u017eot preces, ir nepiecie\u0161ams uzr\u0101d\u012bt sa\u0146emto r\u0113\u0137inu vai citu pirkumu apliecino\u0161u dokumentu.<\/p><p>Ja prece ir nepiln\u012bga, boj\u0101ta, nek\u0101rt\u012bga vai nepareizi iepakota, P\u0101rdev\u0113jam ir ties\u012bbas nepie\u0146emt preci, atteikties to main\u012bt un neatmaks\u0101t Pirc\u0113jam par preci samaks\u0101to naudu.<\/p><p>Pre\u010du atgrie\u0161ana:<\/p><p>Preces ir j\u0101nos\u016bta atpaka\u013c p\u0101rdev\u0113jam uz \u0161\u0101du adresi: Uzugriovio g. 5,<br \/>Uzugriovis, LT-14256 Vilniaus r., nos\u016btot preces jebkur\u0101 pirc\u0113jam pie\u0146emam\u0101 standarta veid\u0101 (Lietuvas pasts, pasta pakalpojumi, kurjerpasts).<\/p><p>Kvalitat\u012bvu pre\u010du atgrie\u0161anas izmaksas sedz pirc\u0113js.<\/p><p>Boj\u0101tas preces tiek atgrieztas vai nomain\u012btas uz p\u0101rdev\u0113ja r\u0113\u0137ina. Atgrie\u017eot vai apmainot preces, ir j\u0101uzr\u0101da pirkuma r\u0113\u0137ins un kv\u012bts\/r\u0113\u0137ins, kas sa\u0146emts p\u0113c apmaksas par atpaka\u013cnos\u016bt\u012b\u0161anas pakalpojumiem.<\/p><p>Naudas atmaksas nosac\u012bjumi<\/p><p>P\u0113c pre\u010du sa\u0146em\u0161anas un to st\u0101vok\u013ca nov\u0113rt\u0113\u0161anas par prec\u0113m samaks\u0101t\u0101 summa tiek atgriezta 30 dienu laik\u0101 no pre\u010du atgrie\u0161anas dienas uz Pirc\u0113ja nor\u0101d\u012bto bankas kontu.<\/p><p>Ja tiek atgrieztas kvalitat\u012bvas preces, tiek atgriezta tikai ieg\u0101d\u0101to pre\u010du v\u0113rt\u012bba (pieg\u0101des izmaksas sedz Pirc\u0113js).<\/p><p>Ja tiek atgrieztas preces ar tr\u016bkumiem, tiek atmaks\u0101ta visu pre\u010du v\u0113rt\u012bbas summa un Pirc\u0113jam radu\u0161ies p\u0101rvad\u0101\u0161anas izdevumi.<\/p><p>Ja Pirc\u0113js v\u0113las apmain\u012bt boj\u0101t\u0101s preces pret kvalitat\u012bv\u0101m prec\u0113m (vien\u012bb\u0101m), P\u0101rdev\u0113js sedz tikai Pirc\u0113jam radu\u0161os nos\u016bt\u012b\u0161anas izdevumus un pieg\u0101d\u0101 kvalitat\u012bvas preces Pirc\u0113jam uz sava r\u0113\u0137ina.<\/p><p>Ko dar\u012bt, ja man ir s\u016bdz\u012bbas par produktu?<\/p><p>Ja jums ir k\u0101das probl\u0113mas ar m\u016bsu produktiem, l\u016bdzu, sazinieties ar mums pa t\u0101lruni <a href=\"mailto:info@yourwoodenmap.com\">info@yourwoodenmap.com<\/a> vai pa t\u0101lruni: <a href=\"tel: 37060991045\">+370 609 91045<\/a><\/p><p>Pieg\u0101de<\/p><p>Visp\u0101r\u012bga inform\u0101cija T\u0101l\u0101k izkl\u0101st\u012btais attiecas uz \u0161\u0101du t\u012bmek\u013ca vietni. <a href=\"https:\/\/yourwoodenmap.com\/lv\/\">https:\/\/yourwoodenmap.com\/<\/a><\/p><p>Izmantojot \u0161o t\u012bmek\u013ca vietni, j\u016bs piekr\u012btat atrunai.<\/p><p>ES DRAUGI (iz\u0146emot Kipru, Maltu, \u0160veici, Norv\u0113\u0123iju) - pas\u016btiet karti uz ES un nemaks\u0101jiet muitas nodevas (no 2020. gada 5. augusta).<\/p><p>P\u0101r\u0113j\u0101m valst\u012bm, l\u016bdzu, \u0146emiet v\u0113r\u0101, ka, \u0146emot v\u0113r\u0101 pakas lielos izm\u0113rus, jums b\u016bs j\u0101maks\u0101 muitas un importa nodok\u013ci.<\/p><p>Nodok\u013cu summa ir atkar\u012bga no j\u016bsu valsts ties\u012bbu aktiem. M\u0113s par tiem neesam atbild\u012bgi.<\/p>\t\t\t\t\t\t\t\t<\/div>\n\t\t\t\t<\/div>\n\t\t\t\t\t<\/div>\n\t\t<\/div>\n\t\t\t\t\t<\/div>\n\t\t<\/section>\n\t\t\t\t<\/div>","protected":false},"excerpt":{"rendered":"<p>Pieg\u0101de un atgrie\u0161ana ATGRIE\u0160ANAS POLITIKA M\u0113s esam tik p\u0101rliecin\u0101ti, ka jums absol\u016bti patiks m\u016bsu pakalpojumi, ka esam gatavi pied\u0101v\u0101t 30 dienu bezriska naudas atmaksas garantiju. Ja k\u0101da iemesla d\u0113\u013c neesat apmierin\u0101ts ar pakalpojumu, 30 dienu laik\u0101 p\u0113c pirkuma veik\u0161anas varat sa\u0146emt kompens\u0101ciju. L\u016bdzu, paturiet pr\u0101t\u0101, ka, lai gan [...]<\/p>","protected":false},"author":1,"featured_media":0,"parent":0,"menu_order":0,"comment_status":"closed","ping_status":"closed","template":"","meta":{"_seopress_robots_primary_cat":"","_seopress_titles_title":"Know Before You Buy: Shipping &amp; Returns Info for Your Wooden Map","_seopress_titles_desc":"Get all the info you need before buying! Explore transparent shipping costs, estimated delivery times, &amp; our return policy for your wooden map.","_seopress_robots_index":"","_monsterinsights_skip_tracking":false,"_monsterinsights_sitenote_active":false,"_monsterinsights_sitenote_note":"","_monsterinsights_sitenote_category":0,"site-sidebar-layout":"no-sidebar","site-content-layout":"page-builder","ast-site-content-layout":"full-width-container","site-content-style":"unboxed","site-sidebar-style":"unboxed","ast-global-header-display":"","ast-banner-title-visibility":"","ast-main-header-display":"","ast-hfb-above-header-display":"","ast-hfb-below-header-display":"","ast-hfb-mobile-header-display":"","site-post-title":"disabled","ast-breadcrumbs-content":"","ast-featured-img":"disabled","footer-sml-layout":"","theme-transparent-header-meta":"enabled","adv-header-id-meta":"","stick-header-meta":"","header-above-stick-meta":"","header-main-stick-meta":"","header-below-stick-meta":"","astra-migrate-meta-layouts":"set","ast-page-background-enabled":"default","ast-page-background-meta":{"desktop":{"background-color":"","background-image":"","background-repeat":"repeat","background-position":"center center","background-size":"auto","background-attachment":"scroll","background-type":"","background-media":"","overlay-type":"","overlay-color":"","overlay-opacity":"","overlay-gradient":""},"tablet":{"background-color":"","background-image":"","background-repeat":"repeat","background-position":"center center","background-size":"auto","background-attachment":"scroll","background-type":"","background-media":"","overlay-type":"","overlay-color":"","overlay-opacity":"","overlay-gradient":""},"mobile":{"background-color":"","background-image":"","background-repeat":"repeat","background-position":"center center","background-size":"auto","background-attachment":"scroll","background-type":"","background-media":"","overlay-type":"","overlay-color":"","overlay-opacity":"","overlay-gradient":""}},"ast-content-background-meta":{"desktop":{"background-color":"var(--ast-global-color-5)","background-image":"","background-repeat":"repeat","background-position":"center center","background-size":"auto","background-attachment":"scroll","background-type":"","background-media":"","overlay-type":"","overlay-color":"","overlay-opacity":"","overlay-gradient":""},"tablet":{"background-color":"var(--ast-global-color-5)","background-image":"","background-repeat":"repeat","background-position":"center center","background-size":"auto","background-attachment":"scroll","background-type":"","background-media":"","overlay-type":"","overlay-color":"","overlay-opacity":"","overlay-gradient":""},"mobile":{"background-color":"var(--ast-global-color-5)","background-image":"","background-repeat":"repeat","background-position":"center center","background-size":"auto","background-attachment":"scroll","background-type":"","background-media":"","overlay-type":"","overlay-color":"","overlay-opacity":"","overlay-gradient":""}},"footnotes":""},"class_list":["post-3225","page","type-page","status-publish","hentry"],"_links":{"self":[{"href":"https:\/\/yourwoodenmap.com\/lv\/wp-json\/wp\/v2\/pages\/3225","targetHints":{"allow":["GET"]}}],"collection":[{"href":"https:\/\/yourwoodenmap.com\/lv\/wp-json\/wp\/v2\/pages"}],"about":[{"href":"https:\/\/yourwoodenmap.com\/lv\/wp-json\/wp\/v2\/types\/page"}],"author":[{"embeddable":true,"href":"https:\/\/yourwoodenmap.com\/lv\/wp-json\/wp\/v2\/users\/1"}],"replies":[{"embeddable":true,"href":"https:\/\/yourwoodenmap.com\/lv\/wp-json\/wp\/v2\/comments?post=3225"}],"version-history":[{"count":1,"href":"https:\/\/yourwoodenmap.com\/lv\/wp-json\/wp\/v2\/pages\/3225\/revisions"}],"predecessor-version":[{"id":4749,"href":"https:\/\/yourwoodenmap.com\/lv\/wp-json\/wp\/v2\/pages\/3225\/revisions\/4749"}],"wp:attachment":[{"href":"https:\/\/yourwoodenmap.com\/lv\/wp-json\/wp\/v2\/media?parent=3225"}],"curies":[{"name":"wp","href":"https:\/\/api.w.org\/{rel}","templated":true}]}}