{"id":2836,"date":"2021-10-25T18:33:24","date_gmt":"2021-10-25T15:33:24","guid":{"rendered":"https:\/\/yourwoodenmap.com\/?post_type=product&#038;p=2836"},"modified":"2026-02-03T18:14:00","modified_gmt":"2026-02-03T15:14:00","slug":"3d-wooden-map","status":"publish","type":"product","link":"https:\/\/yourwoodenmap.com\/lv\/product\/3d-wooden-map\/","title":{"rendered":"3D koka karte"},"content":{"rendered":"<p><strong>\u012aPA\u0160\u012aBAS:<\/strong><\/p>\n<p><img decoding=\"async\" class=\"alignnone size-full wp-image-3530\" src=\"http:\/\/yourwoodenmap.com\/wp-content\/uploads\/2021\/10\/mini-logo-40-x-40-px-1.png\" alt=\"\" width=\"20\" height=\"20\" srcset=\"https:\/\/yourwoodenmap.com\/wp-content\/uploads\/2021\/10\/mini-logo-40-x-40-px-1.png 20w, https:\/\/yourwoodenmap.com\/wp-content\/uploads\/2021\/10\/mini-logo-40-x-40-px-1-12x12.png 12w\" sizes=\"(max-width: 20px) 100vw, 20px\" \/> Materi\u0101ls: Augst\u0101k\u0101s kvalit\u0101tes b\u0113rzs<\/p>\n<p><img decoding=\"async\" class=\"alignnone size-full wp-image-3530\" src=\"http:\/\/yourwoodenmap.com\/wp-content\/uploads\/2021\/10\/mini-logo-40-x-40-px-1.png\" alt=\"\" width=\"20\" height=\"20\" srcset=\"https:\/\/yourwoodenmap.com\/wp-content\/uploads\/2021\/10\/mini-logo-40-x-40-px-1.png 20w, https:\/\/yourwoodenmap.com\/wp-content\/uploads\/2021\/10\/mini-logo-40-x-40-px-1-12x12.png 12w\" sizes=\"(max-width: 20px) 100vw, 20px\" \/> Noklus\u0113juma valoda: .<\/p>\n<p><img decoding=\"async\" class=\"alignnone size-full wp-image-3530\" src=\"http:\/\/yourwoodenmap.com\/wp-content\/uploads\/2021\/10\/mini-logo-40-x-40-px-1.png\" alt=\"\" width=\"20\" height=\"20\" srcset=\"https:\/\/yourwoodenmap.com\/wp-content\/uploads\/2021\/10\/mini-logo-40-x-40-px-1.png 20w, https:\/\/yourwoodenmap.com\/wp-content\/uploads\/2021\/10\/mini-logo-40-x-40-px-1-12x12.png 12w\" sizes=\"(max-width: 20px) 100vw, 20px\" \/> Biezums: 6-12 mm (0,23-0,47\")<\/p>\n<p><img decoding=\"async\" class=\"alignnone size-full wp-image-3530\" src=\"http:\/\/yourwoodenmap.com\/wp-content\/uploads\/2021\/10\/mini-logo-40-x-40-px-1.png\" alt=\"\" width=\"20\" height=\"20\" srcset=\"https:\/\/yourwoodenmap.com\/wp-content\/uploads\/2021\/10\/mini-logo-40-x-40-px-1.png 20w, https:\/\/yourwoodenmap.com\/wp-content\/uploads\/2021\/10\/mini-logo-40-x-40-px-1-12x12.png 12w\" sizes=\"(max-width: 20px) 100vw, 20px\" \/> Katra karte ir unik\u0101la, jo t\u0101 ir izgatavota no dab\u012bga koka!<\/p>\n<p><strong>K\u0100 IZV\u0112L\u012aT?<\/strong><\/p>\n<p><img decoding=\"async\" class=\"alignnone size-full wp-image-3550\" src=\"http:\/\/yourwoodenmap.com\/wp-content\/uploads\/2021\/10\/set-up-guide-icon.png\" alt=\"\" width=\"20\" height=\"20\" srcset=\"https:\/\/yourwoodenmap.com\/wp-content\/uploads\/2021\/10\/set-up-guide-icon.png 20w, https:\/\/yourwoodenmap.com\/wp-content\/uploads\/2021\/10\/set-up-guide-icon-12x12.png 12w\" sizes=\"(max-width: 20px) 100vw, 20px\" \/> <a href=\"https:\/\/www.youtube.com\/watch?v=QncUPP1g3hg\" target=\"_blank\" rel=\"noopener\">IESTAT\u012a\u0160ANAS ROKASGR\u0100MATA (VIDEO)<\/a><\/p>\n<div class=\"ast-oembed-container\" style=\"height: 100%;\"><iframe title=\"Surinkimas\" width=\"500\" height=\"281\" src=\"https:\/\/www.youtube.com\/embed\/WQn5L149PBg?feature=oembed\" frameborder=\"0\" allow=\"accelerometer; autoplay; clipboard-write; encrypted-media; gyroscope; picture-in-picture; web-share\" referrerpolicy=\"strict-origin-when-cross-origin\" allowfullscreen><\/iframe><\/div>\n<p><img fetchpriority=\"high\" decoding=\"async\" class=\"alignnone wp-image-3522\" src=\"https:\/\/yourwoodenmap.com\/wp-content\/uploads\/2021\/11\/Map-styles-2000-x-2000-px.png\" alt=\"\" width=\"600\" height=\"600\" \/><\/p>\n<p><img loading=\"lazy\" decoding=\"async\" class=\"alignnone wp-image-3518\" style=\"font-weight: inherit;\" src=\"https:\/\/yourwoodenmap.com\/wp-content\/uploads\/2021\/11\/Size-guide-new--1024x1024.png\" alt=\"\" width=\"600\" height=\"600\" \/><\/p>\n<p><img loading=\"lazy\" decoding=\"async\" class=\"alignnone wp-image-5104\" src=\"https:\/\/yourwoodenmap.com\/wp-content\/uploads\/2024\/02\/Size-guide-3XL-.png\" alt=\"\" width=\"600\" height=\"600\" srcset=\"https:\/\/yourwoodenmap.com\/wp-content\/uploads\/2024\/02\/Size-guide-3XL-.png 2000w, https:\/\/yourwoodenmap.com\/wp-content\/uploads\/2024\/02\/Size-guide-3XL--300x300.png 300w, https:\/\/yourwoodenmap.com\/wp-content\/uploads\/2024\/02\/Size-guide-3XL--1024x1024.png 1024w, https:\/\/yourwoodenmap.com\/wp-content\/uploads\/2024\/02\/Size-guide-3XL--150x150.png 150w, https:\/\/yourwoodenmap.com\/wp-content\/uploads\/2024\/02\/Size-guide-3XL--768x768.png 768w, https:\/\/yourwoodenmap.com\/wp-content\/uploads\/2024\/02\/Size-guide-3XL--1536x1536.png 1536w, https:\/\/yourwoodenmap.com\/wp-content\/uploads\/2024\/02\/Size-guide-3XL--12x12.png 12w, https:\/\/yourwoodenmap.com\/wp-content\/uploads\/2024\/02\/Size-guide-3XL--600x600.png 600w, https:\/\/yourwoodenmap.com\/wp-content\/uploads\/2024\/02\/Size-guide-3XL--100x100.png 100w, https:\/\/yourwoodenmap.com\/wp-content\/uploads\/2024\/02\/Size-guide-3XL--50x50.png 50w\" sizes=\"(max-width: 600px) 100vw, 600px\" \/><\/p>\n<p><img loading=\"lazy\" decoding=\"async\" class=\"alignnone wp-image-4477\" src=\"https:\/\/yourwoodenmap.com\/wp-content\/uploads\/2021\/10\/The-shipping-cost-for-2D3D-world-maps-2.png\" alt=\"\" width=\"600\" height=\"338\" srcset=\"https:\/\/yourwoodenmap.com\/wp-content\/uploads\/2021\/10\/The-shipping-cost-for-2D3D-world-maps-2.png 1920w, https:\/\/yourwoodenmap.com\/wp-content\/uploads\/2021\/10\/The-shipping-cost-for-2D3D-world-maps-2-300x169.png 300w, https:\/\/yourwoodenmap.com\/wp-content\/uploads\/2021\/10\/The-shipping-cost-for-2D3D-world-maps-2-1024x576.png 1024w, https:\/\/yourwoodenmap.com\/wp-content\/uploads\/2021\/10\/The-shipping-cost-for-2D3D-world-maps-2-768x432.png 768w, https:\/\/yourwoodenmap.com\/wp-content\/uploads\/2021\/10\/The-shipping-cost-for-2D3D-world-maps-2-1536x864.png 1536w, https:\/\/yourwoodenmap.com\/wp-content\/uploads\/2021\/10\/The-shipping-cost-for-2D3D-world-maps-2-18x10.png 18w, https:\/\/yourwoodenmap.com\/wp-content\/uploads\/2021\/10\/The-shipping-cost-for-2D3D-world-maps-2-600x338.png 600w\" sizes=\"(max-width: 600px) 100vw, 600px\" \/><\/p>\n<p>&nbsp;<\/p>","protected":false},"excerpt":{"rendered":"<p>Vai mekl\u0113jat lielisku d\u0101vanu lielam ce\u013cojumu entuziastam vai k\u0101dam, kam pat\u012bk ori\u0123in\u0101las interjera stila deta\u013cas? Ja atbilde ir \"j\u0101\", tad esat non\u0101cis \u012bstaj\u0101 viet\u0101. \u0160\u012b unik\u0101l\u0101, ar rok\u0101m darin\u0101t\u0101, koka piesprau\u017eam\u0101 pasaules karte ir neparasta d\u0101vana, kas ir ne tikai lielisks veids, k\u0101 izbaud\u012bt lieliskas atmi\u0146as, atz\u012bm\u0113jot \u012bpa\u0161as vietas vai apmekl\u0113t\u0101s valstis, bet ar\u012b p\u0101rsteidzo\u0161s priek\u0161mets j\u016bsu dz\u012bvok\u013ca vai m\u0101jas dekor\u0113\u0161anai.<\/p>","protected":false},"featured_media":2355,"template":"","meta":{"_seopress_robots_primary_cat":"none","_seopress_titles_title":"3D Wooden World Map: Elevate Your Walls with Stunning Depth","_seopress_titles_desc":"Discover the beauty of our handcrafted 3D wooden world map. Add depth & texture to your walls. Shop now!","_seopress_robots_index":"","_monsterinsights_skip_tracking":false,"_monsterinsights_sitenote_active":false,"_monsterinsights_sitenote_note":"","_monsterinsights_sitenote_category":0,"site-sidebar-layout":"default","site-content-layout":"default","ast-site-content-layout":"default","site-content-style":"default","site-sidebar-style":"default","ast-global-header-display":"","ast-banner-title-visibility":"","ast-main-header-display":"","ast-hfb-above-header-display":"","ast-hfb-below-header-display":"","ast-hfb-mobile-header-display":"","site-post-title":"","ast-breadcrumbs-content":"","ast-featured-img":"","footer-sml-layout":"","theme-transparent-header-meta":"default","adv-header-id-meta":"","stick-header-meta":"","header-above-stick-meta":"","header-main-stick-meta":"","header-below-stick-meta":"","astra-migrate-meta-layouts":"set","ast-page-background-enabled":"default","ast-page-background-meta":{"desktop":{"background-color":"","background-image":"","background-repeat":"repeat","background-position":"center center","background-size":"auto","background-attachment":"scroll","background-type":"","background-media":"","overlay-type":"","overlay-color":"","overlay-opacity":"","overlay-gradient":""},"tablet":{"background-color":"","background-image":"","background-repeat":"repeat","background-position":"center center","background-size":"auto","background-attachment":"scroll","background-type":"","background-media":"","overlay-type":"","overlay-color":"","overlay-opacity":"","overlay-gradient":""},"mobile":{"background-color":"","background-image":"","background-repeat":"repeat","background-position":"center center","background-size":"auto","background-attachment":"scroll","background-type":"","background-media":"","overlay-type":"","overlay-color":"","overlay-opacity":"","overlay-gradient":""}},"ast-content-background-meta":{"desktop":{"background-color":"var(--ast-global-color-5)","background-image":"","background-repeat":"repeat","background-position":"center center","background-size":"auto","background-attachment":"scroll","background-type":"","background-media":"","overlay-type":"","overlay-color":"","overlay-opacity":"","overlay-gradient":""},"tablet":{"background-color":"var(--ast-global-color-5)","background-image":"","background-repeat":"repeat","background-position":"center center","background-size":"auto","background-attachment":"scroll","background-type":"","background-media":"","overlay-type":"","overlay-color":"","overlay-opacity":"","overlay-gradient":""},"mobile":{"background-color":"var(--ast-global-color-5)","background-image":"","background-repeat":"repeat","background-position":"center center","background-size":"auto","background-attachment":"scroll","background-type":"","background-media":"","overlay-type":"","overlay-color":"","overlay-opacity":"","overlay-gradient":""}}},"product_brand":[],"product_cat":[23],"product_tag":[],"class_list":{"0":"post-2836","1":"product","2":"type-product","3":"status-publish","4":"has-post-thumbnail","6":"product_cat-3d-wooden-maps","7":"pa_color-multicolor","8":"pa_size-3xl","9":"pa_size-l","10":"pa_size-m","11":"pa_size-xl","12":"pa_size-xxl","13":"pa_style-exclusive","14":"pa_style-premium","15":"pa_style-standart","16":"desktop-align-left","17":"tablet-align-left","18":"mobile-align-left","20":"first","21":"instock","22":"sale","23":"shipping-taxable","24":"purchasable","25":"product-type-variable","26":"has-default-attributes"},"_links":{"self":[{"href":"https:\/\/yourwoodenmap.com\/lv\/wp-json\/wp\/v2\/product\/2836","targetHints":{"allow":["GET"]}}],"collection":[{"href":"https:\/\/yourwoodenmap.com\/lv\/wp-json\/wp\/v2\/product"}],"about":[{"href":"https:\/\/yourwoodenmap.com\/lv\/wp-json\/wp\/v2\/types\/product"}],"wp:featuredmedia":[{"embeddable":true,"href":"https:\/\/yourwoodenmap.com\/lv\/wp-json\/wp\/v2\/media\/2355"}],"wp:attachment":[{"href":"https:\/\/yourwoodenmap.com\/lv\/wp-json\/wp\/v2\/media?parent=2836"}],"wp:term":[{"taxonomy":"product_brand","embeddable":true,"href":"https:\/\/yourwoodenmap.com\/lv\/wp-json\/wp\/v2\/product_brand?post=2836"},{"taxonomy":"product_cat","embeddable":true,"href":"https:\/\/yourwoodenmap.com\/lv\/wp-json\/wp\/v2\/product_cat?post=2836"},{"taxonomy":"product_tag","embeddable":true,"href":"https:\/\/yourwoodenmap.com\/lv\/wp-json\/wp\/v2\/product_tag?post=2836"}],"curies":[{"name":"wp","href":"https:\/\/api.w.org\/{rel}","templated":true}]}}