{"id":4043,"date":"2023-05-15T23:23:55","date_gmt":"2023-05-15T20:23:55","guid":{"rendered":"https:\/\/yourwoodenmap.com\/?post_type=product&#038;p=4043"},"modified":"2024-11-12T18:58:33","modified_gmt":"2024-11-12T15:58:33","slug":"flag-push-pins","status":"publish","type":"product","link":"https:\/\/yourwoodenmap.com\/lv\/product\/flag-push-pins\/","title":{"rendered":"Karoga piespraudes"},"content":{"rendered":"","protected":false},"excerpt":{"rendered":"<p>Pasaules karoga piespraudes var izmantot, lai atz\u012bm\u0113tu vietas, kuras esat apmekl\u0113jis vai kuras k\u0101du dienu v\u0113l\u0113tos apmekl\u0113t.<\/p>\n<ul>\n<li>100 met\u0101la spiedpogas<\/li>\n<li>\u0113rts neliels izm\u0113rs,\u00a0<span class=\"a-list-item\">kr\u0101sains un \u0113rts<\/span><\/li>\n<li>daudzk\u0101rt\u0113ja piem\u0113ro\u0161ana:\u00a0<span class=\"a-list-item\">koka kart\u0113m,\u00a0<\/span><span class=\"a-list-item\">pap\u012brs, piez\u012bmes, pieraksti, piez\u012bmes, mapes,\u00a0<\/span><span class=\"a-list-item\">kor\u0137a t\u0101feles, zi\u0146ojumu d\u0113\u013cus un kalend\u0101rus.<\/span><\/li>\n<li>iepakots kast\u012bt\u0113 ar \u0113rtu ce\u013cvedi par katras valsts karoga izskatu.<\/li>\n<li>L\u016bdzu, \u0146emiet v\u0113r\u0101, ka \u0161is ir dekorat\u012bvs materi\u0101ls un ka da\u017eu valstu karogi var tikt izlaisti.<\/li>\n<\/ul>","protected":false},"featured_media":4046,"template":"","meta":{"_seopress_robots_primary_cat":"none","_seopress_titles_title":"","_seopress_titles_desc":"","_seopress_robots_index":"","_monsterinsights_skip_tracking":false,"_monsterinsights_sitenote_active":false,"_monsterinsights_sitenote_note":"","_monsterinsights_sitenote_category":0,"site-sidebar-layout":"default","site-content-layout":"default","ast-site-content-layout":"default","site-content-style":"default","site-sidebar-style":"default","ast-global-header-display":"","ast-banner-title-visibility":"","ast-main-header-display":"","ast-hfb-above-header-display":"","ast-hfb-below-header-display":"","ast-hfb-mobile-header-display":"","site-post-title":"","ast-breadcrumbs-content":"","ast-featured-img":"","footer-sml-layout":"","theme-transparent-header-meta":"default","adv-header-id-meta":"","stick-header-meta":"","header-above-stick-meta":"","header-main-stick-meta":"","header-below-stick-meta":"","astra-migrate-meta-layouts":"set","ast-page-background-enabled":"default","ast-page-background-meta":{"desktop":{"background-color":"","background-image":"","background-repeat":"repeat","background-position":"center center","background-size":"auto","background-attachment":"scroll","background-type":"","background-media":"","overlay-type":"","overlay-color":"","overlay-opacity":"","overlay-gradient":""},"tablet":{"background-color":"","background-image":"","background-repeat":"repeat","background-position":"center center","background-size":"auto","background-attachment":"scroll","background-type":"","background-media":"","overlay-type":"","overlay-color":"","overlay-opacity":"","overlay-gradient":""},"mobile":{"background-color":"","background-image":"","background-repeat":"repeat","background-position":"center center","background-size":"auto","background-attachment":"scroll","background-type":"","background-media":"","overlay-type":"","overlay-color":"","overlay-opacity":"","overlay-gradient":""}},"ast-content-background-meta":{"desktop":{"background-color":"var(--ast-global-color-5)","background-image":"","background-repeat":"repeat","background-position":"center center","background-size":"auto","background-attachment":"scroll","background-type":"","background-media":"","overlay-type":"","overlay-color":"","overlay-opacity":"","overlay-gradient":""},"tablet":{"background-color":"var(--ast-global-color-5)","background-image":"","background-repeat":"repeat","background-position":"center center","background-size":"auto","background-attachment":"scroll","background-type":"","background-media":"","overlay-type":"","overlay-color":"","overlay-opacity":"","overlay-gradient":""},"mobile":{"background-color":"var(--ast-global-color-5)","background-image":"","background-repeat":"repeat","background-position":"center center","background-size":"auto","background-attachment":"scroll","background-type":"","background-media":"","overlay-type":"","overlay-color":"","overlay-opacity":"","overlay-gradient":""}}},"product_brand":[],"product_cat":[63],"product_tag":[],"class_list":{"0":"post-4043","1":"product","2":"type-product","3":"status-publish","4":"has-post-thumbnail","6":"product_cat-accessories","7":"desktop-align-left","8":"tablet-align-left","9":"mobile-align-left","11":"first","12":"instock","13":"sale","14":"shipping-taxable","15":"purchasable","16":"product-type-simple"},"_links":{"self":[{"href":"https:\/\/yourwoodenmap.com\/lv\/wp-json\/wp\/v2\/product\/4043","targetHints":{"allow":["GET"]}}],"collection":[{"href":"https:\/\/yourwoodenmap.com\/lv\/wp-json\/wp\/v2\/product"}],"about":[{"href":"https:\/\/yourwoodenmap.com\/lv\/wp-json\/wp\/v2\/types\/product"}],"wp:featuredmedia":[{"embeddable":true,"href":"https:\/\/yourwoodenmap.com\/lv\/wp-json\/wp\/v2\/media\/4046"}],"wp:attachment":[{"href":"https:\/\/yourwoodenmap.com\/lv\/wp-json\/wp\/v2\/media?parent=4043"}],"wp:term":[{"taxonomy":"product_brand","embeddable":true,"href":"https:\/\/yourwoodenmap.com\/lv\/wp-json\/wp\/v2\/product_brand?post=4043"},{"taxonomy":"product_cat","embeddable":true,"href":"https:\/\/yourwoodenmap.com\/lv\/wp-json\/wp\/v2\/product_cat?post=4043"},{"taxonomy":"product_tag","embeddable":true,"href":"https:\/\/yourwoodenmap.com\/lv\/wp-json\/wp\/v2\/product_tag?post=4043"}],"curies":[{"name":"wp","href":"https:\/\/api.w.org\/{rel}","templated":true}]}}