{"id":3214,"date":"2021-11-05T19:30:57","date_gmt":"2021-11-05T16:30:57","guid":{"rendered":"https:\/\/yourwoodenmap.com\/?page_id=3214"},"modified":"2024-02-23T15:18:20","modified_gmt":"2024-02-23T12:18:20","slug":"privacy-policy","status":"publish","type":"page","link":"https:\/\/yourwoodenmap.com\/no\/privacy-policy\/","title":{"rendered":"Retningslinjer for personvern"},"content":{"rendered":"<div data-elementor-type=\"wp-post\" data-elementor-id=\"3214\" class=\"elementor elementor-3214\">\n\t\t\t\t\t\t<section class=\"elementor-section elementor-top-section elementor-element elementor-element-4850fc6 elementor-section-content-middle elementor-section-boxed elementor-section-height-default elementor-section-height-default\" data-id=\"4850fc6\" data-element_type=\"section\" data-settings=\"{&quot;background_background&quot;:&quot;gradient&quot;}\">\n\t\t\t\t\t\t\t<div class=\"elementor-background-overlay\"><\/div>\n\t\t\t\t\t\t\t<div class=\"elementor-container elementor-column-gap-default\">\n\t\t\t\t\t<div class=\"elementor-column elementor-col-100 elementor-top-column elementor-element elementor-element-0eb4899\" data-id=\"0eb4899\" data-element_type=\"column\">\n\t\t\t<div class=\"elementor-widget-wrap elementor-element-populated\">\n\t\t\t\t\t\t<div class=\"elementor-element elementor-element-112010a elementor-widget elementor-widget-heading\" data-id=\"112010a\" data-element_type=\"widget\" data-widget_type=\"heading.default\">\n\t\t\t\t<div class=\"elementor-widget-container\">\n\t\t\t\t\t<h1 class=\"elementor-heading-title elementor-size-default\">Retningslinjer for personvern<\/h1>\t\t\t\t<\/div>\n\t\t\t\t<\/div>\n\t\t\t\t\t<\/div>\n\t\t<\/div>\n\t\t\t\t\t<\/div>\n\t\t<\/section>\n\t\t\t\t<section class=\"elementor-section elementor-top-section elementor-element elementor-element-80ece1f elementor-section-boxed elementor-section-height-default elementor-section-height-default\" data-id=\"80ece1f\" data-element_type=\"section\">\n\t\t\t\t\t\t<div class=\"elementor-container elementor-column-gap-default\">\n\t\t\t\t\t<div class=\"elementor-column elementor-col-100 elementor-top-column elementor-element elementor-element-04d6479\" data-id=\"04d6479\" data-element_type=\"column\">\n\t\t\t<div class=\"elementor-widget-wrap elementor-element-populated\">\n\t\t\t\t\t\t<div class=\"elementor-element elementor-element-e92b72d elementor-widget elementor-widget-spacer\" data-id=\"e92b72d\" data-element_type=\"widget\" data-widget_type=\"spacer.default\">\n\t\t\t\t<div class=\"elementor-widget-container\">\n\t\t\t\t\t\t\t<div class=\"elementor-spacer\">\n\t\t\t<div class=\"elementor-spacer-inner\"><\/div>\n\t\t<\/div>\n\t\t\t\t\t\t<\/div>\n\t\t\t\t<\/div>\n\t\t\t\t\t<\/div>\n\t\t<\/div>\n\t\t\t\t\t<\/div>\n\t\t<\/section>\n\t\t\t\t<section class=\"elementor-section elementor-top-section elementor-element elementor-element-55543e5 elementor-section-boxed elementor-section-height-default elementor-section-height-default\" data-id=\"55543e5\" data-element_type=\"section\">\n\t\t\t\t\t\t<div class=\"elementor-container elementor-column-gap-default\">\n\t\t\t\t\t<div class=\"elementor-column elementor-col-100 elementor-top-column elementor-element elementor-element-5f2cf34\" data-id=\"5f2cf34\" data-element_type=\"column\">\n\t\t\t<div class=\"elementor-widget-wrap elementor-element-populated\">\n\t\t\t\t\t\t<div class=\"elementor-element elementor-element-645bf0d elementor-widget elementor-widget-text-editor\" data-id=\"645bf0d\" data-element_type=\"widget\" data-widget_type=\"text-editor.default\">\n\t\t\t\t<div class=\"elementor-widget-container\">\n\t\t\t\t\t\t\t\t\t<p>Sist oppdatert 2021-11-05<\/p><p>DEFINISJONER<\/p><p>Den behandlingsansvarlige og operat\u00f8ren av nettstedet <a href=\"https:\/\/yourwoodenmap.com\/no\/\">https:\/\/yourwoodenmap.com\/<\/a> (senere referert til som den behandlingsansvarlige) er MB \"Domo lazeriai\", registreringskode 305344823, e-postadresse <a href=\"mailto:info@yourwoodenmap.com\">info@yourwoodenmap.com<\/a>.<\/p><p>Domo lazeriai, MB<\/p><p>Selskapets ID: 305344823<\/p><p>U\u017eugriovio g. 5, U\u017eugriovis, LT-14256 Vilniaus r.<\/p><p>+37060991045<\/p><p>info@yourwoodenmap.com<\/p><p>1.2. Kj\u00f8per - en fysisk eller juridisk person som har kj\u00f8pt varer i nettbutikken. <a href=\"https:\/\/yourwoodenmap.com\/no\/\">https:\/\/yourwoodenmap.com\/<\/a><\/p><p>1.3. Regler for behandling av personopplysninger (senere omtalt som Reglene), regulerer de grunnleggende prinsippene for innsamling, behandling og lagring av personopplysninger, som den behandlingsansvarlige bruker som grunnlag for behandling av Kj\u00f8pers personopplysninger.<\/p><p>GENERELLE BESTEMMELSER<\/p><p>2.1. Denne personvernerkl\u00e6ringen regulerer de grunnleggende prinsippene og prosedyrene for innsamling, behandling og lagring av personopplysninger i den elektroniske butikken. <a href=\"https:\/\/yourwoodenmap.com\/no\/\">https:\/\/yourwoodenmap.com\/<\/a> (senere referert til som \"behandlingsansvarlig\") og av den <a href=\"https:\/\/yourwoodenmap.com\/no\/\">https:\/\/yourwoodenmap.com\/<\/a> kunden (senere kalt \"kj\u00f8peren\").<\/p><p>2.2. Innsamling, behandling og lagring av kj\u00f8pers personopplysninger reguleres av denne personvernerkl\u00e6ringen, Republikken Litauens lov om beskyttelse av personopplysninger og andre rettsakter.<\/p><p>2.3. Ved \u00e5 oppgi personopplysningene dine i nettbutikken samtykker du i at den behandlingsansvarlige administrerer og behandler dem i henhold til form\u00e5lene, virkemidlene og prosedyrene som er fastsatt i denne personvernerkl\u00e6ringen og lovgivningen.<\/p><p>2.4. Den behandlingsansvarlige forplikter seg til \u00e5 selge varene til fysiske personer som ikke er yngre enn 16 \u00e5r. Hvis kj\u00f8peren er under 16 \u00e5r, kan kj\u00f8peren kun kj\u00f8pe med samtykke fra foreldre eller foresatte.<\/p><p>INNSAMLING, BEHANDLING OG LAGRING AV PERSONOPPLYSNINGER<\/p><p>3.1. Den behandlingsansvarlige f\u00f8lger f\u00f8lgende grunnleggende prinsipper for behandling av personopplysninger:<br \/>3.1.1. Personopplysninger samles inn for definerte og legitime form\u00e5l.<br \/>3.1.2. Personopplysninger skal behandles n\u00f8yaktig og rettferdig.<br \/>3.1.3. Personopplysninger oppdateres kontinuerlig.<br \/>3.1.4. Personopplysninger skal ikke lagres lenger enn det som er n\u00f8dvendig for de fastsatte form\u00e5lene med databehandlingen.<br \/>3.1.5. Personopplysninger skal kun behandles av de ansatte som er gitt en slik rett.<br \/>3.1.6. All informasjon om personopplysningene som behandles er konfidensiell.<\/p><p>3.2. Kj\u00f8peren samtykker i at personopplysningene som han\/hun frivillig oppgir i forbindelse med bestillingen, behandles i samsvar med f\u00f8lgende regler:<\/p><p>3.2.1. Kj\u00f8peren har rett til \u00e5 f\u00e5 tilgang til personopplysningene sine, har rett til \u00e5 vite hva slags personopplysninger vi har samlet inn om ham\/henne, har rett til \u00e5 finne ut hvilke datamottakere som har f\u00e5tt personopplysninger om ham\/henne i l\u00f8pet av det siste \u00e5ret, har rett til \u00e5 kreve retting av uriktige, ufullstendige og un\u00f8yaktige personopplysninger, har rett til \u00e5 be om sletting av innsamlede opplysninger om ham\/henne og har rett til \u00e5 be om at behandlingen av de innsamlede personopplysningene stanses, og alt dette kan bes om ved \u00e5 sende en e-post til <a href=\"mailto:info@yourwoodenmap.com\">info@yourwoodenmap.com<\/a>. I s\u00e5 fall m\u00e5 selgeren umiddelbart gjennomf\u00f8re kj\u00f8perens foresp\u00f8rsel (innen 1-2 dager) og slette eller avpersonifisere kj\u00f8perens data p\u00e5 en p\u00e5litelig m\u00e5te. Hvis selgeren ser en trussel mot personopplysninger, har han rett til \u00e5 be om bekreftelse av identitetsdokumentet, som gj\u00f8r det mulig \u00e5 identifisere kj\u00f8peren korrekt.<\/p><p>3.3. Den behandlingsansvarlige anerkjenner og respekterer retten til personvern for alle kj\u00f8pere som bestiller i nettbutikken. <a href=\"https:\/\/yourwoodenmap.com\/no\/\">https:\/\/yourwoodenmap.com\/<\/a>. Den behandlingsansvarlige samler inn og bruker kj\u00f8perens personopplysninger (navn eller personnavn, adresse, telefonnummer, e-postadresse og annen informasjon som oppgis i nettbutikken ved bestilling) for \u00e5 behandle bestillinger av varer eller tjenester eller for \u00e5 oppfylle andre kontraktsforpliktelser som er inng\u00e5tt.  I forbindelse med bestilling kan kunden gi uttrykk for at han\/hun samtykker\/ikke samtykker til bruk av personopplysningene til direkte markedsf\u00f8ring. Dette gj\u00f8r han\/hun ved \u00e5 krysse av (jeg samtykker til bruk av personopplysninger til direkte markedsf\u00f8ring) eller ved \u00e5 ikke krysse av (ikke enig). Vi sender ukentlige nyhetsbrev til den e-posten kunden har oppgitt, og gir mulighet til \u00e5 melde seg av nyhetsbrevet (p\u00e5 slutten av nyhetsbrevet er det et valg: \"unsubscribe\" - etter \u00e5 ha klikket p\u00e5 denne lenken vil kunden ikke lenger motta nyhetsbrevet).<\/p><p>OVERF\u00d8RING AV PERSONOPPLYSNINGER TIL TREDJEPARTER<\/p><p>4.1. Den behandlingsansvarlige forplikter seg til ikke \u00e5 utlevere kj\u00f8pers personopplysninger til tredjeparter, med unntak av den behandlingsansvarliges samarbeidspartnere som leverer varer eller andre tjenester knyttet til korrekt utf\u00f8relse av kj\u00f8pers bestilling. I alle andre tilfeller kan kj\u00f8pers personopplysninger kun utleveres til tredjeparter i samsvar med prosedyrene som er fastsatt i Republikken Litauens lovgivning.<\/p><p>REGLER FOR INNLEVERING AV REGISTRERING<\/p><p>5.1. Kj\u00f8peren m\u00e5 oppgi fullstendig og korrekt informasjon om seg selv i registreringsskjemaet. Hvis kj\u00f8peren har oppgitt un\u00f8yaktige, falske eller villedende opplysninger i registreringsskjemaet, har den behandlingsansvarlige rett til \u00e5 kansellere kj\u00f8perens registrering og slette opplysningene eller begrense kj\u00f8perens mulighet til \u00e5 bruke nettbutikken.<\/p><p>5.2. Kj\u00f8peren har til enhver tid rett til \u00e5 endre og\/eller oppdatere opplysningene i registreringsskjemaet.<\/p><p>ENDRING AV REGLER<\/p><p>6.1. Den behandlingsansvarlige har rett til \u00e5 endre Reglene helt eller delvis etter \u00e5 ha informert alle som er oppf\u00f8rt p\u00e5 <a href=\"https:\/\/yourwoodenmap.com\/no\/\">https:\/\/yourwoodenmap.com\/<\/a> nettbutikk.<\/p><p>6.2. Tilf\u00f8yelser eller endringer i reglene trer i kraft fra publiseringsdatoen, dvs. fra den datoen de vises i nettbutikken. <a href=\"https:\/\/yourwoodenmap.com\/no\/\">https:\/\/yourwoodenmap.com\/<\/a>.<\/p><p>6.3. Hvis kj\u00f8peren ikke er enig i den nye versjonen av reglene, har han\/hun rett til \u00e5 avvise dem skriftlig.<\/p><p>6.4. Hvis kj\u00f8peren fortsetter \u00e5 bruke tjenestene som tilbys av nettbutikken (e-butikken) etter at reglene er supplert eller endret, anses det som at kj\u00f8peren godtar den nye versjonen av reglene.<\/p><p>PRESENTASJON OG LAGRING AV INFORMASJON<\/p><p>7.1. Alle meldinger om behandling av personopplysninger sendes til den behandlingsansvarlige via e-post. <a href=\"mailto:info@yourwoodenmap.com\">info@yourwoodenmap.com<\/a><\/p><p>7.2. Den behandlingsansvarlige sender inn svaret i samme form som meldingen eller kravet ble mottatt.<\/p><p>Hvis du har sp\u00f8rsm\u00e5l eller forslag, kan du sende oss en e-post p\u00e5 <a href=\"mailto:info@yourwoodenmap.com\">info@yourwoodenmap.com<\/a><\/p><p>Informasjon om selskapet:<\/p><ul><li>Domo lazeriai, MB<\/li><li>Selskapets ID: 305344823<\/li><li>U\u017eugriovio g. 5, U\u017eugriovis, LT-14256 Vilniaus r.<\/li><li>+37060991045<\/li><li>info@yourwoodenmap.com<\/li><\/ul><div id=\"simple-translate\"><div><div class=\"simple-translate-button isShow\" style=\"background-image: url('chrome-extension:\/\/ibplnjkanclpjokhdolnendpplpjiace\/icons\/512.png'); height: 22px; width: 22px; top: 176px; left: 191px;\">\u00a0<\/div><div class=\"simple-translate-panel\" style=\"width: 300px; height: 200px; top: 0px; left: 0px; font-size: 13px; background-color: #ffffff;\"><div class=\"simple-translate-result-wrapper\" style=\"overflow: hidden;\"><div class=\"simple-translate-move\" draggable=\"true\">\u00a0<\/div><div class=\"simple-translate-result-contents\"><p class=\"simple-translate-result\" dir=\"auto\" style=\"color: #000000;\">\u00a0<\/p><p class=\"simple-translate-candidate\" dir=\"auto\" style=\"color: #737373;\">\u00a0<\/p><\/div><\/div><\/div><\/div><\/div>\t\t\t\t\t\t\t\t<\/div>\n\t\t\t\t<\/div>\n\t\t\t\t\t<\/div>\n\t\t<\/div>\n\t\t\t\t\t<\/div>\n\t\t<\/section>\n\t\t\t\t<\/div>","protected":false},"excerpt":{"rendered":"<p>Personvernpolicy Sist oppdatert 2021-11-05 DEFINISJONER Behandlingsansvarlig og operat\u00f8r av nettstedet https:\/\/yourwoodenmap.com\/ (senere referert til som behandlingsansvarlig) er MB \"Domo lazeriai\", registreringskode 305344823, e-postadresse info@yourwoodenmap.com. Domo lazeriai, MB Company ID: 305344823 U\u017eugriovio g. 5, U\u017eugriovis, LT-14256 Vilniaus r. +37060991045 info@yourwoodenmap.com 1.2. Kj\u00f8per - en fysisk eller juridisk [...]<\/p>","protected":false},"author":1,"featured_media":0,"parent":0,"menu_order":0,"comment_status":"closed","ping_status":"closed","template":"","meta":{"_seopress_robots_primary_cat":"","_seopress_titles_title":"Protecting Your Information: Explore YourWoodenMap&#039;s Privacy Policy","_seopress_titles_desc":"Understand your data rights and how we protect your privacy when using YourWoodenMap. Read our comprehensive Privacy Policy now. ","_seopress_robots_index":"","_monsterinsights_skip_tracking":false,"_monsterinsights_sitenote_active":false,"_monsterinsights_sitenote_note":"","_monsterinsights_sitenote_category":0,"site-sidebar-layout":"no-sidebar","site-content-layout":"page-builder","ast-site-content-layout":"full-width-container","site-content-style":"unboxed","site-sidebar-style":"unboxed","ast-global-header-display":"","ast-banner-title-visibility":"","ast-main-header-display":"","ast-hfb-above-header-display":"","ast-hfb-below-header-display":"","ast-hfb-mobile-header-display":"","site-post-title":"disabled","ast-breadcrumbs-content":"","ast-featured-img":"disabled","footer-sml-layout":"","theme-transparent-header-meta":"enabled","adv-header-id-meta":"","stick-header-meta":"","header-above-stick-meta":"","header-main-stick-meta":"","header-below-stick-meta":"","astra-migrate-meta-layouts":"set","ast-page-background-enabled":"default","ast-page-background-meta":{"desktop":{"background-color":"","background-image":"","background-repeat":"repeat","background-position":"center center","background-size":"auto","background-attachment":"scroll","background-type":"","background-media":"","overlay-type":"","overlay-color":"","overlay-opacity":"","overlay-gradient":""},"tablet":{"background-color":"","background-image":"","background-repeat":"repeat","background-position":"center center","background-size":"auto","background-attachment":"scroll","background-type":"","background-media":"","overlay-type":"","overlay-color":"","overlay-opacity":"","overlay-gradient":""},"mobile":{"background-color":"","background-image":"","background-repeat":"repeat","background-position":"center center","background-size":"auto","background-attachment":"scroll","background-type":"","background-media":"","overlay-type":"","overlay-color":"","overlay-opacity":"","overlay-gradient":""}},"ast-content-background-meta":{"desktop":{"background-color":"var(--ast-global-color-5)","background-image":"","background-repeat":"repeat","background-position":"center center","background-size":"auto","background-attachment":"scroll","background-type":"","background-media":"","overlay-type":"","overlay-color":"","overlay-opacity":"","overlay-gradient":""},"tablet":{"background-color":"var(--ast-global-color-5)","background-image":"","background-repeat":"repeat","background-position":"center center","background-size":"auto","background-attachment":"scroll","background-type":"","background-media":"","overlay-type":"","overlay-color":"","overlay-opacity":"","overlay-gradient":""},"mobile":{"background-color":"var(--ast-global-color-5)","background-image":"","background-repeat":"repeat","background-position":"center center","background-size":"auto","background-attachment":"scroll","background-type":"","background-media":"","overlay-type":"","overlay-color":"","overlay-opacity":"","overlay-gradient":""}},"footnotes":""},"class_list":["post-3214","page","type-page","status-publish","hentry"],"_links":{"self":[{"href":"https:\/\/yourwoodenmap.com\/no\/wp-json\/wp\/v2\/pages\/3214","targetHints":{"allow":["GET"]}}],"collection":[{"href":"https:\/\/yourwoodenmap.com\/no\/wp-json\/wp\/v2\/pages"}],"about":[{"href":"https:\/\/yourwoodenmap.com\/no\/wp-json\/wp\/v2\/types\/page"}],"author":[{"embeddable":true,"href":"https:\/\/yourwoodenmap.com\/no\/wp-json\/wp\/v2\/users\/1"}],"replies":[{"embeddable":true,"href":"https:\/\/yourwoodenmap.com\/no\/wp-json\/wp\/v2\/comments?post=3214"}],"version-history":[{"count":2,"href":"https:\/\/yourwoodenmap.com\/no\/wp-json\/wp\/v2\/pages\/3214\/revisions"}],"predecessor-version":[{"id":4753,"href":"https:\/\/yourwoodenmap.com\/no\/wp-json\/wp\/v2\/pages\/3214\/revisions\/4753"}],"wp:attachment":[{"href":"https:\/\/yourwoodenmap.com\/no\/wp-json\/wp\/v2\/media?parent=3214"}],"curies":[{"name":"wp","href":"https:\/\/api.w.org\/{rel}","templated":true}]}}