{"id":3225,"date":"2021-11-05T19:36:49","date_gmt":"2021-11-05T16:36:49","guid":{"rendered":"https:\/\/yourwoodenmap.com\/?page_id=3225"},"modified":"2024-02-23T15:05:54","modified_gmt":"2024-02-23T12:05:54","slug":"shipping-and-returns","status":"publish","type":"page","link":"https:\/\/yourwoodenmap.com\/no\/shipping-and-returns\/","title":{"rendered":"Frakt og retur"},"content":{"rendered":"<div data-elementor-type=\"wp-post\" data-elementor-id=\"3225\" class=\"elementor elementor-3225\">\n\t\t\t\t\t\t<section class=\"elementor-section elementor-top-section elementor-element elementor-element-4850fc6 elementor-section-content-middle elementor-section-boxed elementor-section-height-default elementor-section-height-default\" data-id=\"4850fc6\" data-element_type=\"section\" data-settings=\"{&quot;background_background&quot;:&quot;gradient&quot;}\">\n\t\t\t\t\t\t\t<div class=\"elementor-background-overlay\"><\/div>\n\t\t\t\t\t\t\t<div class=\"elementor-container elementor-column-gap-default\">\n\t\t\t\t\t<div class=\"elementor-column elementor-col-100 elementor-top-column elementor-element elementor-element-0eb4899\" data-id=\"0eb4899\" data-element_type=\"column\">\n\t\t\t<div class=\"elementor-widget-wrap elementor-element-populated\">\n\t\t\t\t\t\t<div class=\"elementor-element elementor-element-112010a elementor-widget elementor-widget-heading\" data-id=\"112010a\" data-element_type=\"widget\" data-widget_type=\"heading.default\">\n\t\t\t\t<div class=\"elementor-widget-container\">\n\t\t\t\t\t<h1 class=\"elementor-heading-title elementor-size-default\">Frakt og retur<\/h1>\t\t\t\t<\/div>\n\t\t\t\t<\/div>\n\t\t\t\t\t<\/div>\n\t\t<\/div>\n\t\t\t\t\t<\/div>\n\t\t<\/section>\n\t\t\t\t<section class=\"elementor-section elementor-top-section elementor-element elementor-element-80ece1f elementor-section-boxed elementor-section-height-default elementor-section-height-default\" data-id=\"80ece1f\" data-element_type=\"section\">\n\t\t\t\t\t\t<div class=\"elementor-container elementor-column-gap-default\">\n\t\t\t\t\t<div class=\"elementor-column elementor-col-100 elementor-top-column elementor-element elementor-element-04d6479\" data-id=\"04d6479\" data-element_type=\"column\">\n\t\t\t<div class=\"elementor-widget-wrap elementor-element-populated\">\n\t\t\t\t\t\t<div class=\"elementor-element elementor-element-e92b72d elementor-widget elementor-widget-spacer\" data-id=\"e92b72d\" data-element_type=\"widget\" data-widget_type=\"spacer.default\">\n\t\t\t\t<div class=\"elementor-widget-container\">\n\t\t\t\t\t\t\t<div class=\"elementor-spacer\">\n\t\t\t<div class=\"elementor-spacer-inner\"><\/div>\n\t\t<\/div>\n\t\t\t\t\t\t<\/div>\n\t\t\t\t<\/div>\n\t\t\t\t\t<\/div>\n\t\t<\/div>\n\t\t\t\t\t<\/div>\n\t\t<\/section>\n\t\t\t\t<section class=\"elementor-section elementor-top-section elementor-element elementor-element-8853c1b elementor-section-boxed elementor-section-height-default elementor-section-height-default\" data-id=\"8853c1b\" data-element_type=\"section\">\n\t\t\t\t\t\t<div class=\"elementor-container elementor-column-gap-default\">\n\t\t\t\t\t<div class=\"elementor-column elementor-col-100 elementor-top-column elementor-element elementor-element-3499a99\" data-id=\"3499a99\" data-element_type=\"column\">\n\t\t\t<div class=\"elementor-widget-wrap elementor-element-populated\">\n\t\t\t\t\t\t<div class=\"elementor-element elementor-element-9f362e4 elementor-widget elementor-widget-text-editor\" data-id=\"9f362e4\" data-element_type=\"widget\" data-widget_type=\"text-editor.default\">\n\t\t\t\t<div class=\"elementor-widget-container\">\n\t\t\t\t\t\t\t\t\t<p>POLITIKK FOR TILBAKEBETALING<\/p><p>Vi er s\u00e5 overbevist om at du kommer til \u00e5 elske tjenestene v\u00e5re, at vi er villige til \u00e5 tilby 30 dagers risikofri pengene tilbake-garanti. Hvis du av en eller annen grunn ikke er forn\u00f8yd med tjenesten, kan du f\u00e5 pengene tilbake innen 30 dager etter kj\u00f8pet. V\u00e6r oppmerksom p\u00e5 at selv om vi tilbyr full pengene tilbake-garanti, refunderer vi kun ubrukte varer.<\/p><p>Kontakt oss<\/p><p>Hvis du \u00f8nsker \u00e5 kontakte oss ang\u00e5ende sp\u00f8rsm\u00e5l knyttet til disse retningslinjene for refusjon, kan du sende en e-post til <a href=\"mailto:info@yourwoodenmap.com\">info@yourwoodenmap.com<\/a><\/p><p>Vilk\u00e5r for retur:<\/p><p>Defekte varer skal returneres i samsvar med reglene for retur og bytte av varer, godkjent ved \u00f8konomiministerens forordning av 29. juni 2001 nr. 217 \"Om godkjenning av reglene for retur og bytte av varer\".<\/p><p>Ved retur av kvalitetsvarer m\u00e5 f\u00f8lgende betingelser v\u00e6re oppfylt:<\/p><p>Kj\u00f8perens melding til selgeren om retur av varene skal gis i samsvar med vilk\u00e5rene for retur av varene - 14 dager fra datoen for mottak av varene.<\/p><p>Varen m\u00e5 ikke v\u00e6re skadet\/\u00f8delagt av kj\u00f8peren.<\/p><p>Den returnerte varen m\u00e5 v\u00e6re i ordnet originalemballasje, ubrukt (ikke testet), skal ikke ha mistet sitt handelsmessige utseende (uskadde etiketter, ubeskyttet beskyttelsesfilm osv.) (dette punktet gjelder ikke ved retur av en defekt vare).<\/p><p>Den returnerte varen m\u00e5 v\u00e6re av samme sett som den ble mottatt.<\/p><p>Ved retur av varene er det n\u00f8dvendig \u00e5 fremlegge mottatt faktura eller annet dokument som beviser kj\u00f8pet.<\/p><p>Hvis varen ikke er komplett, skadet, uryddig eller mangelfullt emballert, har selgeren rett til \u00e5 nekte \u00e5 ta imot produktet, nekte \u00e5 endre det og ikke refundere pengene kj\u00f8peren har betalt for produktet.<\/p><p>Retur av varer:<\/p><p>Varene m\u00e5 returneres til selgeren p\u00e5 f\u00f8lgende adresse: Uzugriovio g. 5,<br \/>Uzugriovis, LT-14256 Vilniaus r., og sender varene p\u00e5 en hvilken som helst standard m\u00e5te som er akseptabel for kj\u00f8peren (litauisk post, porto, budtjenester).<\/p><p>Kostnadene ved retur av kvalitetsvarer betales av kj\u00f8peren.<\/p><p>Defekte varer returneres eller byttes ut for selgers regning. Ved retur eller bytte av varer er det n\u00f8dvendig \u00e5 fremlegge kj\u00f8psfaktura og kvittering\/faktura mottatt etter betaling for returforsendelsen.<\/p><p>Betingelser for pengene tilbake<\/p><p>Etter \u00e5 ha mottatt varene og vurdert deres tilstand, skal bel\u00f8pet som er betalt for varene returneres innen 30 dager fra datoen for retur av varene til bankkontoen som er oppgitt av kj\u00f8peren.<\/p><p>Hvis kvalitetsvarer returneres, skal kun verdien av de kj\u00f8pte varene returneres (fraktkostnadene dekkes av kj\u00f8peren).<\/p><p>Hvis defekte varer returneres, skal summen av verdien av alle varene og fraktkostnadene som kj\u00f8peren har p\u00e5dratt seg, refunderes.<\/p><p>Hvis kj\u00f8peren \u00f8nsker \u00e5 bytte ut mangelfulle varer med kvalitetsvarer, betaler selgeren kun fraktkostnadene som kj\u00f8peren har p\u00e5dratt seg, og leverer kvalitetsvarer til kj\u00f8peren for egen regning.<\/p><p>Hva gj\u00f8r jeg hvis jeg har klager p\u00e5 produktet?<\/p><p>Hvis du har problemer med produktene v\u00e5re, kan du kontakte oss p\u00e5 <a href=\"mailto:info@yourwoodenmap.com\">info@yourwoodenmap.com<\/a> eller p\u00e5 telefon: <a href=\"tel: 37060991045\">+370 609 91045<\/a><\/p><p>Frakt<\/p><p>Generelt Nedenst\u00e5ende gjelder for nettsiden til <a href=\"https:\/\/yourwoodenmap.com\/no\/\">https:\/\/yourwoodenmap.com\/<\/a><\/p><p>Ved \u00e5 bruke denne nettsiden godtar du ansvarsfraskrivelsen.<\/p><p>EU FRIENDLY (unntatt Kypros, Malta, Sveits, Norge) - bestill kart til EU og betal ikke tollavgifter (siden 5. august 2020).<\/p><p>For resten av landene, v\u00e6r oppmerksom p\u00e5 at p\u00e5 grunn av pakkens store dimensjoner m\u00e5 du betale toll og importavgifter.<\/p><p>Avgiftsbel\u00f8pet avhenger av ditt lands lover. Vi er ikke ansvarlige for dem.<\/p>\t\t\t\t\t\t\t\t<\/div>\n\t\t\t\t<\/div>\n\t\t\t\t\t<\/div>\n\t\t<\/div>\n\t\t\t\t\t<\/div>\n\t\t<\/section>\n\t\t\t\t<\/div>","protected":false},"excerpt":{"rendered":"<p>Frakt og retur REFUNDERINGSPOLITIKK Vi er s\u00e5 overbevist om at du vil elske tjenestene v\u00e5re, at vi er villige til \u00e5 tilby en 30 dagers risikofri pengene tilbake-garanti. Hvis du av en eller annen grunn ikke er forn\u00f8yd med tjenesten, kan du f\u00e5 pengene tilbake innen 30 dager etter kj\u00f8pet. V\u00e6r oppmerksom p\u00e5 at selv om [...]<\/p>","protected":false},"author":1,"featured_media":0,"parent":0,"menu_order":0,"comment_status":"closed","ping_status":"closed","template":"","meta":{"_seopress_robots_primary_cat":"","_seopress_titles_title":"Know Before You Buy: Shipping &amp; Returns Info for Your Wooden Map","_seopress_titles_desc":"Get all the info you need before buying! Explore transparent shipping costs, estimated delivery times, &amp; our return policy for your wooden map.","_seopress_robots_index":"","_monsterinsights_skip_tracking":false,"_monsterinsights_sitenote_active":false,"_monsterinsights_sitenote_note":"","_monsterinsights_sitenote_category":0,"site-sidebar-layout":"no-sidebar","site-content-layout":"page-builder","ast-site-content-layout":"full-width-container","site-content-style":"unboxed","site-sidebar-style":"unboxed","ast-global-header-display":"","ast-banner-title-visibility":"","ast-main-header-display":"","ast-hfb-above-header-display":"","ast-hfb-below-header-display":"","ast-hfb-mobile-header-display":"","site-post-title":"disabled","ast-breadcrumbs-content":"","ast-featured-img":"disabled","footer-sml-layout":"","theme-transparent-header-meta":"enabled","adv-header-id-meta":"","stick-header-meta":"","header-above-stick-meta":"","header-main-stick-meta":"","header-below-stick-meta":"","astra-migrate-meta-layouts":"set","ast-page-background-enabled":"default","ast-page-background-meta":{"desktop":{"background-color":"","background-image":"","background-repeat":"repeat","background-position":"center center","background-size":"auto","background-attachment":"scroll","background-type":"","background-media":"","overlay-type":"","overlay-color":"","overlay-opacity":"","overlay-gradient":""},"tablet":{"background-color":"","background-image":"","background-repeat":"repeat","background-position":"center center","background-size":"auto","background-attachment":"scroll","background-type":"","background-media":"","overlay-type":"","overlay-color":"","overlay-opacity":"","overlay-gradient":""},"mobile":{"background-color":"","background-image":"","background-repeat":"repeat","background-position":"center center","background-size":"auto","background-attachment":"scroll","background-type":"","background-media":"","overlay-type":"","overlay-color":"","overlay-opacity":"","overlay-gradient":""}},"ast-content-background-meta":{"desktop":{"background-color":"var(--ast-global-color-5)","background-image":"","background-repeat":"repeat","background-position":"center center","background-size":"auto","background-attachment":"scroll","background-type":"","background-media":"","overlay-type":"","overlay-color":"","overlay-opacity":"","overlay-gradient":""},"tablet":{"background-color":"var(--ast-global-color-5)","background-image":"","background-repeat":"repeat","background-position":"center center","background-size":"auto","background-attachment":"scroll","background-type":"","background-media":"","overlay-type":"","overlay-color":"","overlay-opacity":"","overlay-gradient":""},"mobile":{"background-color":"var(--ast-global-color-5)","background-image":"","background-repeat":"repeat","background-position":"center center","background-size":"auto","background-attachment":"scroll","background-type":"","background-media":"","overlay-type":"","overlay-color":"","overlay-opacity":"","overlay-gradient":""}},"footnotes":""},"class_list":["post-3225","page","type-page","status-publish","hentry"],"_links":{"self":[{"href":"https:\/\/yourwoodenmap.com\/no\/wp-json\/wp\/v2\/pages\/3225","targetHints":{"allow":["GET"]}}],"collection":[{"href":"https:\/\/yourwoodenmap.com\/no\/wp-json\/wp\/v2\/pages"}],"about":[{"href":"https:\/\/yourwoodenmap.com\/no\/wp-json\/wp\/v2\/types\/page"}],"author":[{"embeddable":true,"href":"https:\/\/yourwoodenmap.com\/no\/wp-json\/wp\/v2\/users\/1"}],"replies":[{"embeddable":true,"href":"https:\/\/yourwoodenmap.com\/no\/wp-json\/wp\/v2\/comments?post=3225"}],"version-history":[{"count":1,"href":"https:\/\/yourwoodenmap.com\/no\/wp-json\/wp\/v2\/pages\/3225\/revisions"}],"predecessor-version":[{"id":4749,"href":"https:\/\/yourwoodenmap.com\/no\/wp-json\/wp\/v2\/pages\/3225\/revisions\/4749"}],"wp:attachment":[{"href":"https:\/\/yourwoodenmap.com\/no\/wp-json\/wp\/v2\/media?parent=3225"}],"curies":[{"name":"wp","href":"https:\/\/api.w.org\/{rel}","templated":true}]}}