{"id":4782,"date":"2024-02-24T09:05:17","date_gmt":"2024-02-24T06:05:17","guid":{"rendered":"https:\/\/yourwoodenmap.com\/?post_type=product&#038;p=4782"},"modified":"2026-02-03T18:13:38","modified_gmt":"2026-02-03T15:13:38","slug":"led-wooden-map","status":"publish","type":"product","link":"https:\/\/yourwoodenmap.com\/no\/produkt\/led-wooden-map\/","title":{"rendered":"LED-kart i tre"},"content":{"rendered":"<p>&nbsp;<\/p>\n<p><strong>EGENSKAPER:<\/strong><\/p>\n<p><img decoding=\"async\" class=\"alignnone size-full wp-image-3530\" src=\"http:\/\/yourwoodenmap.com\/wp-content\/uploads\/2021\/10\/mini-logo-40-x-40-px-1.png\" alt=\"\" width=\"20\" height=\"20\" srcset=\"https:\/\/yourwoodenmap.com\/wp-content\/uploads\/2021\/10\/mini-logo-40-x-40-px-1.png 20w, https:\/\/yourwoodenmap.com\/wp-content\/uploads\/2021\/10\/mini-logo-40-x-40-px-1-12x12.png 12w\" sizes=\"(max-width: 20px) 100vw, 20px\" \/> Materiale: Bj\u00f8rk av h\u00f8yeste kvalitet<\/p>\n<p><img decoding=\"async\" class=\"alignnone size-full wp-image-3530\" src=\"http:\/\/yourwoodenmap.com\/wp-content\/uploads\/2021\/10\/mini-logo-40-x-40-px-1.png\" alt=\"\" width=\"20\" height=\"20\" srcset=\"https:\/\/yourwoodenmap.com\/wp-content\/uploads\/2021\/10\/mini-logo-40-x-40-px-1.png 20w, https:\/\/yourwoodenmap.com\/wp-content\/uploads\/2021\/10\/mini-logo-40-x-40-px-1-12x12.png 12w\" sizes=\"(max-width: 20px) 100vw, 20px\" \/> Standardspr\u00e5k: Engelsk<\/p>\n<p><img decoding=\"async\" class=\"alignnone size-full wp-image-3530\" src=\"http:\/\/yourwoodenmap.com\/wp-content\/uploads\/2021\/10\/mini-logo-40-x-40-px-1.png\" alt=\"\" width=\"20\" height=\"20\" srcset=\"https:\/\/yourwoodenmap.com\/wp-content\/uploads\/2021\/10\/mini-logo-40-x-40-px-1.png 20w, https:\/\/yourwoodenmap.com\/wp-content\/uploads\/2021\/10\/mini-logo-40-x-40-px-1-12x12.png 12w\" sizes=\"(max-width: 20px) 100vw, 20px\" \/> Tykkelse: 6 mm (0,23\")<\/p>\n<p><img decoding=\"async\" class=\"alignnone size-full wp-image-3530\" src=\"http:\/\/yourwoodenmap.com\/wp-content\/uploads\/2021\/10\/mini-logo-40-x-40-px-1.png\" alt=\"\" width=\"20\" height=\"20\" srcset=\"https:\/\/yourwoodenmap.com\/wp-content\/uploads\/2021\/10\/mini-logo-40-x-40-px-1.png 20w, https:\/\/yourwoodenmap.com\/wp-content\/uploads\/2021\/10\/mini-logo-40-x-40-px-1-12x12.png 12w\" sizes=\"(max-width: 20px) 100vw, 20px\" \/> Hvert kart er unikt fordi det er laget av naturlig tre!<\/p>\n<p><strong>HVORDAN VELGE?<\/strong><\/p>\n<p><img decoding=\"async\" class=\"alignnone size-full wp-image-3550\" src=\"http:\/\/yourwoodenmap.com\/wp-content\/uploads\/2021\/10\/set-up-guide-icon.png\" alt=\"\" width=\"20\" height=\"20\" srcset=\"https:\/\/yourwoodenmap.com\/wp-content\/uploads\/2021\/10\/set-up-guide-icon.png 20w, https:\/\/yourwoodenmap.com\/wp-content\/uploads\/2021\/10\/set-up-guide-icon-12x12.png 12w\" sizes=\"(max-width: 20px) 100vw, 20px\" \/> <a href=\"https:\/\/www.youtube.com\/watch?v=QncUPP1g3hg\" target=\"_blank\" rel=\"noopener\">INSTALLASJONSVEILEDNING (VIDEO)<\/a><\/p>\n<div class=\"ast-oembed-container\" style=\"height: 100%;\"><iframe title=\"Surinkimas\" width=\"500\" height=\"281\" src=\"https:\/\/www.youtube.com\/embed\/WQn5L149PBg?feature=oembed\" frameborder=\"0\" allow=\"accelerometer; autoplay; clipboard-write; encrypted-media; gyroscope; picture-in-picture; web-share\" referrerpolicy=\"strict-origin-when-cross-origin\" allowfullscreen><\/iframe><\/div>\n<p><img fetchpriority=\"high\" decoding=\"async\" class=\"alignnone wp-image-3518\" src=\"https:\/\/yourwoodenmap.com\/wp-content\/uploads\/2021\/11\/Size-guide-new--1024x1024.png\" alt=\"\" width=\"600\" height=\"600\" \/><\/p>\n<p><img loading=\"lazy\" decoding=\"async\" class=\"alignnone wp-image-5104\" src=\"https:\/\/yourwoodenmap.com\/wp-content\/uploads\/2024\/02\/Size-guide-3XL-.png\" alt=\"\" width=\"600\" height=\"600\" srcset=\"https:\/\/yourwoodenmap.com\/wp-content\/uploads\/2024\/02\/Size-guide-3XL-.png 2000w, https:\/\/yourwoodenmap.com\/wp-content\/uploads\/2024\/02\/Size-guide-3XL--300x300.png 300w, https:\/\/yourwoodenmap.com\/wp-content\/uploads\/2024\/02\/Size-guide-3XL--1024x1024.png 1024w, https:\/\/yourwoodenmap.com\/wp-content\/uploads\/2024\/02\/Size-guide-3XL--150x150.png 150w, https:\/\/yourwoodenmap.com\/wp-content\/uploads\/2024\/02\/Size-guide-3XL--768x768.png 768w, https:\/\/yourwoodenmap.com\/wp-content\/uploads\/2024\/02\/Size-guide-3XL--1536x1536.png 1536w, https:\/\/yourwoodenmap.com\/wp-content\/uploads\/2024\/02\/Size-guide-3XL--12x12.png 12w, https:\/\/yourwoodenmap.com\/wp-content\/uploads\/2024\/02\/Size-guide-3XL--600x600.png 600w, https:\/\/yourwoodenmap.com\/wp-content\/uploads\/2024\/02\/Size-guide-3XL--100x100.png 100w, https:\/\/yourwoodenmap.com\/wp-content\/uploads\/2024\/02\/Size-guide-3XL--50x50.png 50w\" sizes=\"(max-width: 600px) 100vw, 600px\" \/><\/p>\n<p><img loading=\"lazy\" decoding=\"async\" class=\"alignnone wp-image-3522\" src=\"https:\/\/yourwoodenmap.com\/wp-content\/uploads\/2024\/02\/Norwegian.png\" alt=\"\" width=\"600\" height=\"600\" \/><\/p>\n<p>&nbsp;<\/p>\n<p><img loading=\"lazy\" decoding=\"async\" class=\"alignnone wp-image-4475\" src=\"https:\/\/yourwoodenmap.com\/wp-content\/uploads\/2024\/02\/Norwegian-shipping.png\" alt=\"\" width=\"600\" height=\"338\" srcset=\"https:\/\/yourwoodenmap.com\/wp-content\/uploads\/2024\/02\/Norwegian-shipping.png 1920w, https:\/\/yourwoodenmap.com\/wp-content\/uploads\/2024\/02\/Norwegian-shipping-300x169.png 300w, https:\/\/yourwoodenmap.com\/wp-content\/uploads\/2024\/02\/Norwegian-shipping-1024x576.png 1024w, https:\/\/yourwoodenmap.com\/wp-content\/uploads\/2024\/02\/Norwegian-shipping-768x432.png 768w, https:\/\/yourwoodenmap.com\/wp-content\/uploads\/2024\/02\/Norwegian-shipping-1536x864.png 1536w, https:\/\/yourwoodenmap.com\/wp-content\/uploads\/2024\/02\/Norwegian-shipping-18x10.png 18w, https:\/\/yourwoodenmap.com\/wp-content\/uploads\/2024\/02\/Norwegian-shipping-600x338.png 600w\" sizes=\"(max-width: 600px) 100vw, 600px\" \/><\/p>","protected":false},"excerpt":{"rendered":"<p>Leter du etter en perfekt gave til en stor reiseentusiast eller en som elsker originale interi\u00f8rdetaljer? Hvis svaret er ja, har du kommet til rett sted. Dette unike, h\u00e5ndlagde verdenskartet med trykknapper i tre er en ekstraordin\u00e6r gave, som ikke bare er en flott m\u00e5te \u00e5 skape gode minner p\u00e5 mens du markerer spesielle steder eller bes\u00f8kte land, men som ogs\u00e5 er et fantastisk dekorasjonsobjekt i leiligheten eller huset ditt.<\/p>","protected":false},"featured_media":5082,"template":"","meta":{"_seopress_robots_primary_cat":"none","_seopress_titles_title":"Explore the World in Style: Sustainable Wooden world Map Wall Art.","_seopress_titles_desc":"Add warmth and character to your home with a handcrafted wooden world map. Shop various styles & sizes. Sustainable materials, shop Now!","_seopress_robots_index":"","_monsterinsights_skip_tracking":false,"_monsterinsights_sitenote_active":false,"_monsterinsights_sitenote_note":"","_monsterinsights_sitenote_category":0,"site-sidebar-layout":"default","site-content-layout":"","ast-site-content-layout":"default","site-content-style":"default","site-sidebar-style":"default","ast-global-header-display":"","ast-banner-title-visibility":"","ast-main-header-display":"","ast-hfb-above-header-display":"","ast-hfb-below-header-display":"","ast-hfb-mobile-header-display":"","site-post-title":"","ast-breadcrumbs-content":"","ast-featured-img":"","footer-sml-layout":"","theme-transparent-header-meta":"default","adv-header-id-meta":"","stick-header-meta":"","header-above-stick-meta":"","header-main-stick-meta":"","header-below-stick-meta":"","astra-migrate-meta-layouts":"set","ast-page-background-enabled":"default","ast-page-background-meta":{"desktop":{"background-color":"","background-image":"","background-repeat":"repeat","background-position":"center center","background-size":"auto","background-attachment":"scroll","background-type":"","background-media":"","overlay-type":"","overlay-color":"","overlay-opacity":"","overlay-gradient":""},"tablet":{"background-color":"","background-image":"","background-repeat":"repeat","background-position":"center center","background-size":"auto","background-attachment":"scroll","background-type":"","background-media":"","overlay-type":"","overlay-color":"","overlay-opacity":"","overlay-gradient":""},"mobile":{"background-color":"","background-image":"","background-repeat":"repeat","background-position":"center center","background-size":"auto","background-attachment":"scroll","background-type":"","background-media":"","overlay-type":"","overlay-color":"","overlay-opacity":"","overlay-gradient":""}},"ast-content-background-meta":{"desktop":{"background-color":"var(--ast-global-color-5)","background-image":"","background-repeat":"repeat","background-position":"center center","background-size":"auto","background-attachment":"scroll","background-type":"","background-media":"","overlay-type":"","overlay-color":"","overlay-opacity":"","overlay-gradient":""},"tablet":{"background-color":"var(--ast-global-color-5)","background-image":"","background-repeat":"repeat","background-position":"center center","background-size":"auto","background-attachment":"scroll","background-type":"","background-media":"","overlay-type":"","overlay-color":"","overlay-opacity":"","overlay-gradient":""},"mobile":{"background-color":"var(--ast-global-color-5)","background-image":"","background-repeat":"repeat","background-position":"center center","background-size":"auto","background-attachment":"scroll","background-type":"","background-media":"","overlay-type":"","overlay-color":"","overlay-opacity":"","overlay-gradient":""}}},"product_brand":[],"product_cat":[76],"product_tag":[],"class_list":{"0":"post-4782","1":"product","2":"type-product","3":"status-publish","4":"has-post-thumbnail","6":"product_cat-led-maps","7":"pa_color-black","8":"pa_color-dark-walnut","9":"pa_color-grey","10":"pa_color-light","11":"pa_color-light-walnut","12":"pa_color-multicolor","13":"pa_color-palisander","14":"pa_color-white","15":"pa_size-3xl","16":"pa_size-l","17":"pa_size-m","18":"pa_size-xl","19":"pa_size-xxl","20":"pa_style-exclusive","21":"pa_style-premium","22":"pa_style-standart","23":"desktop-align-left","24":"tablet-align-left","25":"mobile-align-left","27":"first","28":"instock","29":"sale","30":"shipping-taxable","31":"purchasable","32":"product-type-variable","33":"has-default-attributes"},"_links":{"self":[{"href":"https:\/\/yourwoodenmap.com\/no\/wp-json\/wp\/v2\/product\/4782","targetHints":{"allow":["GET"]}}],"collection":[{"href":"https:\/\/yourwoodenmap.com\/no\/wp-json\/wp\/v2\/product"}],"about":[{"href":"https:\/\/yourwoodenmap.com\/no\/wp-json\/wp\/v2\/types\/product"}],"wp:featuredmedia":[{"embeddable":true,"href":"https:\/\/yourwoodenmap.com\/no\/wp-json\/wp\/v2\/media\/5082"}],"wp:attachment":[{"href":"https:\/\/yourwoodenmap.com\/no\/wp-json\/wp\/v2\/media?parent=4782"}],"wp:term":[{"taxonomy":"product_brand","embeddable":true,"href":"https:\/\/yourwoodenmap.com\/no\/wp-json\/wp\/v2\/product_brand?post=4782"},{"taxonomy":"product_cat","embeddable":true,"href":"https:\/\/yourwoodenmap.com\/no\/wp-json\/wp\/v2\/product_cat?post=4782"},{"taxonomy":"product_tag","embeddable":true,"href":"https:\/\/yourwoodenmap.com\/no\/wp-json\/wp\/v2\/product_tag?post=4782"}],"curies":[{"name":"wp","href":"https:\/\/api.w.org\/{rel}","templated":true}]}}