{"id":3214,"date":"2021-11-05T19:30:57","date_gmt":"2021-11-05T16:30:57","guid":{"rendered":"https:\/\/yourwoodenmap.com\/?page_id=3214"},"modified":"2024-02-23T15:18:20","modified_gmt":"2024-02-23T12:18:20","slug":"privacy-policy","status":"publish","type":"page","link":"https:\/\/yourwoodenmap.com\/se\/privacy-policy\/","title":{"rendered":"Integritetspolicy"},"content":{"rendered":"<div data-elementor-type=\"wp-post\" data-elementor-id=\"3214\" class=\"elementor elementor-3214\">\n\t\t\t\t\t\t<section class=\"elementor-section elementor-top-section elementor-element elementor-element-4850fc6 elementor-section-content-middle elementor-section-boxed elementor-section-height-default elementor-section-height-default\" data-id=\"4850fc6\" data-element_type=\"section\" data-settings=\"{&quot;background_background&quot;:&quot;gradient&quot;}\">\n\t\t\t\t\t\t\t<div class=\"elementor-background-overlay\"><\/div>\n\t\t\t\t\t\t\t<div class=\"elementor-container elementor-column-gap-default\">\n\t\t\t\t\t<div class=\"elementor-column elementor-col-100 elementor-top-column elementor-element elementor-element-0eb4899\" data-id=\"0eb4899\" data-element_type=\"column\">\n\t\t\t<div class=\"elementor-widget-wrap elementor-element-populated\">\n\t\t\t\t\t\t<div class=\"elementor-element elementor-element-112010a elementor-widget elementor-widget-heading\" data-id=\"112010a\" data-element_type=\"widget\" data-widget_type=\"heading.default\">\n\t\t\t\t<div class=\"elementor-widget-container\">\n\t\t\t\t\t<h1 class=\"elementor-heading-title elementor-size-default\">Integritetspolicy<\/h1>\t\t\t\t<\/div>\n\t\t\t\t<\/div>\n\t\t\t\t\t<\/div>\n\t\t<\/div>\n\t\t\t\t\t<\/div>\n\t\t<\/section>\n\t\t\t\t<section class=\"elementor-section elementor-top-section elementor-element elementor-element-80ece1f elementor-section-boxed elementor-section-height-default elementor-section-height-default\" data-id=\"80ece1f\" data-element_type=\"section\">\n\t\t\t\t\t\t<div class=\"elementor-container elementor-column-gap-default\">\n\t\t\t\t\t<div class=\"elementor-column elementor-col-100 elementor-top-column elementor-element elementor-element-04d6479\" data-id=\"04d6479\" data-element_type=\"column\">\n\t\t\t<div class=\"elementor-widget-wrap elementor-element-populated\">\n\t\t\t\t\t\t<div class=\"elementor-element elementor-element-e92b72d elementor-widget elementor-widget-spacer\" data-id=\"e92b72d\" data-element_type=\"widget\" data-widget_type=\"spacer.default\">\n\t\t\t\t<div class=\"elementor-widget-container\">\n\t\t\t\t\t\t\t<div class=\"elementor-spacer\">\n\t\t\t<div class=\"elementor-spacer-inner\"><\/div>\n\t\t<\/div>\n\t\t\t\t\t\t<\/div>\n\t\t\t\t<\/div>\n\t\t\t\t\t<\/div>\n\t\t<\/div>\n\t\t\t\t\t<\/div>\n\t\t<\/section>\n\t\t\t\t<section class=\"elementor-section elementor-top-section elementor-element elementor-element-55543e5 elementor-section-boxed elementor-section-height-default elementor-section-height-default\" data-id=\"55543e5\" data-element_type=\"section\">\n\t\t\t\t\t\t<div class=\"elementor-container elementor-column-gap-default\">\n\t\t\t\t\t<div class=\"elementor-column elementor-col-100 elementor-top-column elementor-element elementor-element-5f2cf34\" data-id=\"5f2cf34\" data-element_type=\"column\">\n\t\t\t<div class=\"elementor-widget-wrap elementor-element-populated\">\n\t\t\t\t\t\t<div class=\"elementor-element elementor-element-645bf0d elementor-widget elementor-widget-text-editor\" data-id=\"645bf0d\" data-element_type=\"widget\" data-widget_type=\"text-editor.default\">\n\t\t\t\t<div class=\"elementor-widget-container\">\n\t\t\t\t\t\t\t\t\t<p>Senast uppdaterad 2021-11-05<\/p><p>DEFINITIONER<\/p><p>Personuppgiftsansvarig och operat\u00f6r av webbplatsen <a href=\"https:\/\/yourwoodenmap.com\/se\/\">https:\/\/yourwoodenmap.com\/<\/a> (nedan kallad den personuppgiftsansvarige) \u00e4r MB \"Domo lazeriai\", registreringsnummer 305344823, e-postadress <a href=\"mailto:info@yourwoodenmap.com\">info@yourwoodenmap.com<\/a>.<\/p><p>Domo lazeriai, MB<\/p><p>F\u00f6retagsID: 305344823<\/p><p>U\u017eugriovio g. 5, U\u017eugriovis, LT-14256 Vilniaus r.<\/p><p>+37060991045<\/p><p>info@yourwoodenmap.com<\/p><p>1.2. K\u00f6pare - en fysisk eller juridisk person som har f\u00f6rv\u00e4rvat varor i onlinebutiken <a href=\"https:\/\/yourwoodenmap.com\/se\/\">https:\/\/yourwoodenmap.com\/<\/a><\/p><p>1.3. Regler f\u00f6r behandling av personuppgifter (nedan kallade Reglerna), reglerar de grundl\u00e4ggande principerna f\u00f6r insamling, behandling och lagring av personuppgifter, vilka den Personuppgiftsansvarige anv\u00e4nder som grund f\u00f6r behandling av K\u00f6parens personuppgifter.<\/p><p>ALLM\u00c4NNA BEST\u00c4MMELSER<\/p><p>2.1. Denna integritetspolicy reglerar de grundl\u00e4ggande principerna och f\u00f6rfarandena f\u00f6r insamling, behandling och lagring av personuppgifter i den elektroniska butiken <a href=\"https:\/\/yourwoodenmap.com\/se\/\">https:\/\/yourwoodenmap.com\/<\/a> (nedan kallad \"den personuppgiftsansvarige\") och av <a href=\"https:\/\/yourwoodenmap.com\/se\/\">https:\/\/yourwoodenmap.com\/<\/a> kund (nedan kallad \"k\u00f6paren\").<\/p><p>2.2. Insamling, behandling och lagring av K\u00f6parens personuppgifter regleras av denna Integritetspolicy, Republiken Litauens lag om r\u00e4ttsligt skydd av personuppgifter och andra r\u00e4ttsakter.<\/p><p>2.3. Genom att ange dina personuppgifter i E-shopen samtycker du till att den personuppgiftsansvarige hanterar och behandlar dem f\u00f6r de \u00e4ndam\u00e5l, medel och f\u00f6rfaranden som anges i denna integritetspolicy och i lagstiftningen.<\/p><p>2.4. Den personuppgiftsansvarige \u00e5tar sig att s\u00e4lja varorna till fysiska personer som inte \u00e4r yngre \u00e4n 16 \u00e5r. Om K\u00f6paren \u00e4r under 16 \u00e5r f\u00e5r K\u00f6paren endast k\u00f6pa med samtycke fr\u00e5n f\u00f6r\u00e4ldrar eller v\u00e5rdnadshavare.<\/p><p>INSAMLING, BEHANDLING OCH LAGRING AV PERSONUPPGIFTER<\/p><p>3.1. Den personuppgiftsansvarige f\u00f6ljer f\u00f6ljande grundl\u00e4ggande principer f\u00f6r behandling av personuppgifter:<br \/>3.1.1. Personuppgifter samlas in f\u00f6r definierade och legitima \u00e4ndam\u00e5l.<br \/>3.1.2. Personuppgifter ska behandlas p\u00e5 ett korrekt och r\u00e4ttvist s\u00e4tt.<br \/>3.1.3. Personuppgifterna uppdateras kontinuerligt.<br \/>3.1.4. Personuppgifter f\u00e5r inte lagras l\u00e4ngre \u00e4n vad som kr\u00e4vs f\u00f6r de fastst\u00e4llda \u00e4ndam\u00e5len med behandlingen av uppgifterna.<br \/>3.1.5. Personuppgifter f\u00e5r endast behandlas av de anst\u00e4llda som har beviljats en s\u00e5dan r\u00e4tt.<br \/>3.1.6. All information om de personuppgifter som behandlas \u00e4r konfidentiell.<\/p><p>3.2. K\u00f6paren samtycker till att de personuppgifter som han frivilligt l\u00e4mnar vid best\u00e4llningstillf\u00e4llet kommer att behandlas i enlighet med f\u00f6ljande regler:<\/p><p>3.2.1. K\u00f6paren har r\u00e4tt att f\u00e5 tillg\u00e5ng till sina personuppgifter, har r\u00e4tt att f\u00e5 veta vilken typ av personuppgifter vi har samlat in, har r\u00e4tt att f\u00e5 reda p\u00e5 till vilka mottagare hans\/hennes personuppgifter har l\u00e4mnats och har l\u00e4mnats under det senaste \u00e5ret, har r\u00e4tt att kr\u00e4va r\u00e4ttelse av felaktiga, ofullst\u00e4ndiga, felaktiga personuppgifter, har r\u00e4tt att beg\u00e4ra radering av samlade uppgifter om honom\/henne och har r\u00e4tt att beg\u00e4ra att behandlingen av de samlade personuppgifterna upph\u00f6r, med allt detta beg\u00e4rt genom att skriva ett e-postmeddelande till <a href=\"mailto:info@yourwoodenmap.com\">info@yourwoodenmap.com<\/a>. I detta fall m\u00e5ste s\u00e4ljaren omedelbart genomf\u00f6ra k\u00f6parens beg\u00e4ran (inom 1-2 dagar) och radera eller p\u00e5 ett tillf\u00f6rlitligt s\u00e4tt avpersonifiera k\u00f6parens uppgifter. Om s\u00e4ljaren ser ett hot mot personuppgifter har han r\u00e4tt att beg\u00e4ra bekr\u00e4ftelse av identitetshandlingen, vilket g\u00f6r det m\u00f6jligt att korrekt identifiera k\u00f6paren.<\/p><p>3.3. Den personuppgiftsansvarige erk\u00e4nner och respekterar r\u00e4tten till privatliv f\u00f6r varje k\u00f6pare som g\u00f6r en best\u00e4llning i onlinebutiken <a href=\"https:\/\/yourwoodenmap.com\/se\/\">https:\/\/yourwoodenmap.com\/<\/a>. Den personuppgiftsansvarige samlar in och anv\u00e4nder K\u00f6parens personuppgifter (namn eller personnamn, adress, telefonnummer, e-postadress och annan information som anges i onlinebutiken vid best\u00e4llning) f\u00f6r att behandla best\u00e4llningar av varor eller tj\u00e4nster eller f\u00f6r att fullg\u00f6ra andra avtalsf\u00f6rpliktelser som ing\u00e5tts.  N\u00e4r Kunden g\u00f6r en best\u00e4llning kan han\/hon uttrycka sitt samtycke\/inte samtycke till att hans\/hennes personuppgifter anv\u00e4nds f\u00f6r direkt marknadsf\u00f6ring. Han\/hon g\u00f6r detta genom att kryssa i (jag samtycker till att hans\/hennes personuppgifter anv\u00e4nds f\u00f6r direkt marknadsf\u00f6ring) eller genom att inte kryssa i (samtycker inte). Vi skickar veckovisa nyhetsbrev till den e-postadress som kunden har angett och ger m\u00f6jlighet att avregistrera sig fr\u00e5n nyhetsbrevet (i slutet av nyhetsbrevet finns ett val: \"unsubscribe\" - efter att ha klickat p\u00e5 denna l\u00e4nk kommer kunden inte l\u00e4ngre att f\u00e5 nyhetsbrevet).<\/p><p>\u00d6VERF\u00d6RING AV PERSONUPPGIFTER TILL TREDJE PART<\/p><p>4.1. Den registeransvarige f\u00f6rbinder sig att inte l\u00e4mna ut K\u00f6parens personuppgifter till tredje part, med undantag f\u00f6r den registeransvariges partner som tillhandah\u00e5ller leverans av varor eller andra tj\u00e4nster relaterade till korrekt utf\u00f6rande av K\u00f6parens best\u00e4llning. I alla andra fall f\u00e5r K\u00f6parens personuppgifter endast l\u00e4mnas ut till tredje part i enlighet med det f\u00f6rfarande som f\u00f6reskrivs i Republiken Litauens r\u00e4ttsakter.<\/p><p>REGLER F\u00d6R INL\u00c4MNING AV REGISTRERING<\/p><p>5.1. K\u00f6paren m\u00e5ste tillhandah\u00e5lla fullst\u00e4ndig, fullst\u00e4ndig och korrekt information om sig sj\u00e4lv i registreringsformul\u00e4ret. Om K\u00f6paren har l\u00e4mnat felaktiga, falska eller vilseledande uppgifter i registreringsformul\u00e4ret har den Personuppgiftsansvarige r\u00e4tt att avbryta K\u00f6parens registrering och radera uppgifterna eller begr\u00e4nsa K\u00f6parens m\u00f6jlighet att anv\u00e4nda e-butiken.<\/p><p>5.2. K\u00f6paren har r\u00e4tt att n\u00e4r som helst \u00e4ndra och\/eller uppdatera den information som l\u00e4mnats i registreringsformul\u00e4ret.<\/p><p>\u00c4NDRING AV REGLER<\/p><p>6.1. Den personuppgiftsansvarige har r\u00e4tt att \u00e4ndra reglerna helt eller delvis efter att ha meddelat alla p\u00e5 <a href=\"https:\/\/yourwoodenmap.com\/se\/\">https:\/\/yourwoodenmap.com\/<\/a> onlinebutik.<\/p><p>6.2. Till\u00e4gg till eller \u00e4ndringar av reglerna ska g\u00e4lla fr\u00e5n och med dagen f\u00f6r deras offentligg\u00f6rande, dvs. fr\u00e5n och med den dag de visas i onlinebutiken <a href=\"https:\/\/yourwoodenmap.com\/se\/\">https:\/\/yourwoodenmap.com\/<\/a>.<\/p><p>6.3. Om K\u00f6paren inte samtycker till den nya versionen av Reglerna, har han\/hon r\u00e4tt att skriftligen avvisa dem.<\/p><p>6.4. Om K\u00f6paren efter till\u00e4gget eller \u00e4ndringen av Reglerna forts\u00e4tter att anv\u00e4nda de tj\u00e4nster som tillhandah\u00e5lls av onlinebutiken (e-shop), anses det att K\u00f6paren samtycker till den nya versionen av Reglerna.<\/p><p>PRESENTATION OCH LAGRING AV INFORMATION<\/p><p>7.1. Alla anm\u00e4lningar som r\u00f6r behandling av personuppgifter skickas till den personuppgiftsansvarige via e-post <a href=\"mailto:info@yourwoodenmap.com\">info@yourwoodenmap.com<\/a><\/p><p>7.2. Den personuppgiftsansvarige l\u00e4mnar svaret i samma form som anm\u00e4lan eller kravet mottogs.<\/p><p>Om du har n\u00e5gra fr\u00e5gor eller f\u00f6rslag, v\u00e4nligen maila oss p\u00e5 <a href=\"mailto:info@yourwoodenmap.com\">info@yourwoodenmap.com<\/a><\/p><p>Information om f\u00f6retaget:<\/p><ul><li>Domo lazeriai, MB<\/li><li>F\u00f6retagsID: 305344823<\/li><li>U\u017eugriovio g. 5, U\u017eugriovis, LT-14256 Vilniaus r.<\/li><li>+37060991045<\/li><li>info@yourwoodenmap.com<\/li><\/ul><div id=\"simple-translate\"><div><div class=\"simple-translate-button isShow\" style=\"background-image: url('chrome-extension:\/\/ibplnjkanclpjokhdolnendpplpjiace\/icons\/512.png'); height: 22px; width: 22px; top: 176px; left: 191px;\">\u00a0<\/div><div class=\"simple-translate-panel\" style=\"width: 300px; height: 200px; top: 0px; left: 0px; font-size: 13px; background-color: #ffffff;\"><div class=\"simple-translate-result-wrapper\" style=\"overflow: hidden;\"><div class=\"simple-translate-move\" draggable=\"true\">\u00a0<\/div><div class=\"simple-translate-result-contents\"><p class=\"simple-translate-result\" dir=\"auto\" style=\"color: #000000;\">\u00a0<\/p><p class=\"simple-translate-candidate\" dir=\"auto\" style=\"color: #737373;\">\u00a0<\/p><\/div><\/div><\/div><\/div><\/div>\t\t\t\t\t\t\t\t<\/div>\n\t\t\t\t<\/div>\n\t\t\t\t\t<\/div>\n\t\t<\/div>\n\t\t\t\t\t<\/div>\n\t\t<\/section>\n\t\t\t\t<\/div>","protected":false},"excerpt":{"rendered":"<p>Integritetspolicy Senast uppdaterad 2021-11-05 DEFINITIONER Den personuppgiftsansvarige och operat\u00f6ren av webbplatsen https:\/\/yourwoodenmap.com\/ (nedan kallad den personuppgiftsansvarige) \u00e4r MB \"Domo lazeriai\", registreringsnummer 305344823, e-postadress info@yourwoodenmap.com. Domo lazeriai, MB F\u00f6retagsID: 305344823 U\u017eugriovio g. 5, U\u017eugriovis, LT-14256 Vilniaus r. +37060991045 info@yourwoodenmap.com 1.2. K\u00f6pare - en fysisk eller juridisk [...]<\/p>","protected":false},"author":1,"featured_media":0,"parent":0,"menu_order":0,"comment_status":"closed","ping_status":"closed","template":"","meta":{"_seopress_robots_primary_cat":"","_seopress_titles_title":"Protecting Your Information: Explore YourWoodenMap&#039;s Privacy Policy","_seopress_titles_desc":"Understand your data rights and how we protect your privacy when using YourWoodenMap. Read our comprehensive Privacy Policy now. ","_seopress_robots_index":"","_monsterinsights_skip_tracking":false,"_monsterinsights_sitenote_active":false,"_monsterinsights_sitenote_note":"","_monsterinsights_sitenote_category":0,"site-sidebar-layout":"no-sidebar","site-content-layout":"page-builder","ast-site-content-layout":"full-width-container","site-content-style":"unboxed","site-sidebar-style":"unboxed","ast-global-header-display":"","ast-banner-title-visibility":"","ast-main-header-display":"","ast-hfb-above-header-display":"","ast-hfb-below-header-display":"","ast-hfb-mobile-header-display":"","site-post-title":"disabled","ast-breadcrumbs-content":"","ast-featured-img":"disabled","footer-sml-layout":"","theme-transparent-header-meta":"enabled","adv-header-id-meta":"","stick-header-meta":"","header-above-stick-meta":"","header-main-stick-meta":"","header-below-stick-meta":"","astra-migrate-meta-layouts":"set","ast-page-background-enabled":"default","ast-page-background-meta":{"desktop":{"background-color":"","background-image":"","background-repeat":"repeat","background-position":"center center","background-size":"auto","background-attachment":"scroll","background-type":"","background-media":"","overlay-type":"","overlay-color":"","overlay-opacity":"","overlay-gradient":""},"tablet":{"background-color":"","background-image":"","background-repeat":"repeat","background-position":"center center","background-size":"auto","background-attachment":"scroll","background-type":"","background-media":"","overlay-type":"","overlay-color":"","overlay-opacity":"","overlay-gradient":""},"mobile":{"background-color":"","background-image":"","background-repeat":"repeat","background-position":"center center","background-size":"auto","background-attachment":"scroll","background-type":"","background-media":"","overlay-type":"","overlay-color":"","overlay-opacity":"","overlay-gradient":""}},"ast-content-background-meta":{"desktop":{"background-color":"var(--ast-global-color-5)","background-image":"","background-repeat":"repeat","background-position":"center center","background-size":"auto","background-attachment":"scroll","background-type":"","background-media":"","overlay-type":"","overlay-color":"","overlay-opacity":"","overlay-gradient":""},"tablet":{"background-color":"var(--ast-global-color-5)","background-image":"","background-repeat":"repeat","background-position":"center center","background-size":"auto","background-attachment":"scroll","background-type":"","background-media":"","overlay-type":"","overlay-color":"","overlay-opacity":"","overlay-gradient":""},"mobile":{"background-color":"var(--ast-global-color-5)","background-image":"","background-repeat":"repeat","background-position":"center center","background-size":"auto","background-attachment":"scroll","background-type":"","background-media":"","overlay-type":"","overlay-color":"","overlay-opacity":"","overlay-gradient":""}},"footnotes":""},"class_list":["post-3214","page","type-page","status-publish","hentry"],"_links":{"self":[{"href":"https:\/\/yourwoodenmap.com\/se\/wp-json\/wp\/v2\/pages\/3214","targetHints":{"allow":["GET"]}}],"collection":[{"href":"https:\/\/yourwoodenmap.com\/se\/wp-json\/wp\/v2\/pages"}],"about":[{"href":"https:\/\/yourwoodenmap.com\/se\/wp-json\/wp\/v2\/types\/page"}],"author":[{"embeddable":true,"href":"https:\/\/yourwoodenmap.com\/se\/wp-json\/wp\/v2\/users\/1"}],"replies":[{"embeddable":true,"href":"https:\/\/yourwoodenmap.com\/se\/wp-json\/wp\/v2\/comments?post=3214"}],"version-history":[{"count":2,"href":"https:\/\/yourwoodenmap.com\/se\/wp-json\/wp\/v2\/pages\/3214\/revisions"}],"predecessor-version":[{"id":4753,"href":"https:\/\/yourwoodenmap.com\/se\/wp-json\/wp\/v2\/pages\/3214\/revisions\/4753"}],"wp:attachment":[{"href":"https:\/\/yourwoodenmap.com\/se\/wp-json\/wp\/v2\/media?parent=3214"}],"curies":[{"name":"wp","href":"https:\/\/api.w.org\/{rel}","templated":true}]}}