{"id":3225,"date":"2021-11-05T19:36:49","date_gmt":"2021-11-05T16:36:49","guid":{"rendered":"https:\/\/yourwoodenmap.com\/?page_id=3225"},"modified":"2024-02-23T15:05:54","modified_gmt":"2024-02-23T12:05:54","slug":"shipping-and-returns","status":"publish","type":"page","link":"https:\/\/yourwoodenmap.com\/se\/shipping-and-returns\/","title":{"rendered":"Frakt och returer"},"content":{"rendered":"<div data-elementor-type=\"wp-post\" data-elementor-id=\"3225\" class=\"elementor elementor-3225\">\n\t\t\t\t\t\t<section class=\"elementor-section elementor-top-section elementor-element elementor-element-4850fc6 elementor-section-content-middle elementor-section-boxed elementor-section-height-default elementor-section-height-default\" data-id=\"4850fc6\" data-element_type=\"section\" data-settings=\"{&quot;background_background&quot;:&quot;gradient&quot;}\">\n\t\t\t\t\t\t\t<div class=\"elementor-background-overlay\"><\/div>\n\t\t\t\t\t\t\t<div class=\"elementor-container elementor-column-gap-default\">\n\t\t\t\t\t<div class=\"elementor-column elementor-col-100 elementor-top-column elementor-element elementor-element-0eb4899\" data-id=\"0eb4899\" data-element_type=\"column\">\n\t\t\t<div class=\"elementor-widget-wrap elementor-element-populated\">\n\t\t\t\t\t\t<div class=\"elementor-element elementor-element-112010a elementor-widget elementor-widget-heading\" data-id=\"112010a\" data-element_type=\"widget\" data-widget_type=\"heading.default\">\n\t\t\t\t<div class=\"elementor-widget-container\">\n\t\t\t\t\t<h1 class=\"elementor-heading-title elementor-size-default\">Frakt och returer<\/h1>\t\t\t\t<\/div>\n\t\t\t\t<\/div>\n\t\t\t\t\t<\/div>\n\t\t<\/div>\n\t\t\t\t\t<\/div>\n\t\t<\/section>\n\t\t\t\t<section class=\"elementor-section elementor-top-section elementor-element elementor-element-80ece1f elementor-section-boxed elementor-section-height-default elementor-section-height-default\" data-id=\"80ece1f\" data-element_type=\"section\">\n\t\t\t\t\t\t<div class=\"elementor-container elementor-column-gap-default\">\n\t\t\t\t\t<div class=\"elementor-column elementor-col-100 elementor-top-column elementor-element elementor-element-04d6479\" data-id=\"04d6479\" data-element_type=\"column\">\n\t\t\t<div class=\"elementor-widget-wrap elementor-element-populated\">\n\t\t\t\t\t\t<div class=\"elementor-element elementor-element-e92b72d elementor-widget elementor-widget-spacer\" data-id=\"e92b72d\" data-element_type=\"widget\" data-widget_type=\"spacer.default\">\n\t\t\t\t<div class=\"elementor-widget-container\">\n\t\t\t\t\t\t\t<div class=\"elementor-spacer\">\n\t\t\t<div class=\"elementor-spacer-inner\"><\/div>\n\t\t<\/div>\n\t\t\t\t\t\t<\/div>\n\t\t\t\t<\/div>\n\t\t\t\t\t<\/div>\n\t\t<\/div>\n\t\t\t\t\t<\/div>\n\t\t<\/section>\n\t\t\t\t<section class=\"elementor-section elementor-top-section elementor-element elementor-element-8853c1b elementor-section-boxed elementor-section-height-default elementor-section-height-default\" data-id=\"8853c1b\" data-element_type=\"section\">\n\t\t\t\t\t\t<div class=\"elementor-container elementor-column-gap-default\">\n\t\t\t\t\t<div class=\"elementor-column elementor-col-100 elementor-top-column elementor-element elementor-element-3499a99\" data-id=\"3499a99\" data-element_type=\"column\">\n\t\t\t<div class=\"elementor-widget-wrap elementor-element-populated\">\n\t\t\t\t\t\t<div class=\"elementor-element elementor-element-9f362e4 elementor-widget elementor-widget-text-editor\" data-id=\"9f362e4\" data-element_type=\"widget\" data-widget_type=\"text-editor.default\">\n\t\t\t\t<div class=\"elementor-widget-container\">\n\t\t\t\t\t\t\t\t\t<p>\u00c5TERBETALNINGSPOLICY<\/p><p>Vi \u00e4r s\u00e5 \u00f6vertygade om att du kommer att \u00e4lska v\u00e5ra tj\u00e4nster att vi \u00e4r villiga att erbjuda en 30 dagars riskfri pengarna-tillbaka-garanti. Om du av n\u00e5gon anledning inte \u00e4r n\u00f6jd med tj\u00e4nsten kan du f\u00e5 en \u00e5terbetalning inom 30 dagar efter k\u00f6pet. T\u00e4nk p\u00e5 att \u00e4ven om vi erbjuder en fullst\u00e4ndig pengarna-tillbaka-garanti, kommer vi endast att utf\u00e4rda en \u00e5terbetalning f\u00f6r de oanv\u00e4nda varorna.<\/p><p>Kontakta oss<\/p><p>Om du vill kontakta oss ang\u00e5ende n\u00e5got som r\u00f6r denna \u00e5terbetalningspolicy kan du skicka ett e-postmeddelande till <a href=\"mailto:info@yourwoodenmap.com\">info@yourwoodenmap.com<\/a><\/p><p>Villkor f\u00f6r retur:<\/p><p>Felaktiga varor ska returneras i enlighet med reglerna f\u00f6r retur och byte av varor, godk\u00e4nda genom ekonomiministerns f\u00f6rordning av den 29 juni 2001 nr 217 \"Om godk\u00e4nnande av reglerna f\u00f6r retur och byte av varor\".<\/p><p>Vid retur av kvalitetsvaror m\u00e5ste f\u00f6ljande villkor uppfyllas:<\/p><p>K\u00f6parens meddelande till s\u00e4ljaren om retur av varorna ska tillhandah\u00e5llas i enlighet med de villkor som fastst\u00e4llts f\u00f6r retur av varorna - 14 dagar fr\u00e5n dagen f\u00f6r mottagandet av varorna.<\/p><p>Varan f\u00e5r inte ha skadats\/g\u00e5tt s\u00f6nder av K\u00f6paren.<\/p><p>Den returnerade varan m\u00e5ste vara i ordnad originalf\u00f6rpackning, oanv\u00e4nd (ej testad), f\u00e5r inte ha f\u00f6rlorat sitt s\u00e4ljande utseende (oskadade etiketter, oavskalade skyddsfilmer etc.) (denna punkt g\u00e4ller inte vid retur av en defekt vara).<\/p><p>Den returnerade varan m\u00e5ste vara av samma upps\u00e4ttning som den mottogs.<\/p><p>Vid retur av varor \u00e4r det n\u00f6dv\u00e4ndigt att tillhandah\u00e5lla den mottagna fakturan eller annan handling som styrker k\u00f6pet.<\/p><p>Om varan inte \u00e4r komplett, skadad, oordnad eller inte korrekt f\u00f6rpackad har s\u00e4ljaren r\u00e4tt att inte acceptera produkten, v\u00e4gra att \u00e4ndra den och inte \u00e5terbetala de pengar som k\u00f6paren har betalat f\u00f6r produkten.<\/p><p>Retur av varor:<\/p><p>Varorna m\u00e5ste returneras till s\u00e4ljaren p\u00e5 f\u00f6ljande adress: Uzugriovio g. 5,<br \/>Uzugriovis, LT-14256 Vilniaus r., skicka varorna p\u00e5 ett standardiserat s\u00e4tt som godtas av k\u00f6paren (litauiska posten, porto, kurirtj\u00e4nster).<\/p><p>Kostnaden f\u00f6r retur av kvalitetsvaror betalas av k\u00f6paren.<\/p><p>Felaktiga varor returneras eller byts ut p\u00e5 s\u00e4ljarens bekostnad. Vid retur eller byte av varor \u00e4r det n\u00f6dv\u00e4ndigt att uppvisa en ink\u00f6psfaktura och ett kvitto\/faktura som erh\u00e5llits efter betalning f\u00f6r returs\u00e4ndningstj\u00e4nsterna.<\/p><p>Villkor om pengarna tillbaka<\/p><p>Efter att ha mottagit varorna och bed\u00f6mt deras skick ska det belopp som betalats f\u00f6r varorna \u00e5terbetalas inom 30 dagar fr\u00e5n den dag d\u00e5 varorna returnerades till det bankkonto som anges av k\u00f6paren.<\/p><p>Om kvalitetsvaror returneras ska endast v\u00e4rdet av de k\u00f6pta varorna returneras (fraktkostnaderna ska b\u00e4ras av k\u00f6paren)<\/p><p>Om defekta varor returneras ska summan av v\u00e4rdet p\u00e5 alla varor och de fraktkostnader som k\u00f6paren \u00e5dragit sig \u00e5terbetalas.<\/p><p>Om k\u00f6paren vill byta ut defekta varor mot kvalitetsvaror (artiklar) betalar s\u00e4ljaren endast de fraktkostnader som k\u00f6paren \u00e5dragit sig och levererar kvalitetsvaror till k\u00f6paren p\u00e5 egen bekostnad.<\/p><p>Vad ska jag g\u00f6ra om jag har klagom\u00e5l p\u00e5 produkten?<\/p><p>Om du har n\u00e5gra problem med v\u00e5ra produkter, v\u00e4nligen kontakta oss p\u00e5 <a href=\"mailto:info@yourwoodenmap.com\">info@yourwoodenmap.com<\/a> eller per telefon: <a href=\"tel: 37060991045\">+370 609 91045<\/a><\/p><p>Frakt<\/p><p>Allm\u00e4nt Nedanst\u00e5ende \u00e4r till\u00e4mpligt p\u00e5 webbsidan f\u00f6r <a href=\"https:\/\/yourwoodenmap.com\/se\/\">https:\/\/yourwoodenmap.com\/<\/a><\/p><p>Genom att anv\u00e4nda denna webbsida godk\u00e4nner du ansvarsfriskrivningen<\/p><p>EU FRIENDLY (utom Cypern, Malta, Schweiz, Norge) - best\u00e4ll karta till EU och betala inte tullavgifter (sedan Aug 5th, 2020).<\/p><p>F\u00f6r \u00f6vriga l\u00e4nder, v\u00e4nligen notera att p\u00e5 grund av paketets stora dimensioner kommer du att betala tull- och importskatter.<\/p><p>Skattebeloppet beror p\u00e5 ditt lands lagar. Vi \u00e4r inte ansvariga f\u00f6r dem.<\/p>\t\t\t\t\t\t\t\t<\/div>\n\t\t\t\t<\/div>\n\t\t\t\t\t<\/div>\n\t\t<\/div>\n\t\t\t\t\t<\/div>\n\t\t<\/section>\n\t\t\t\t<\/div>","protected":false},"excerpt":{"rendered":"<p>Frakt och retur \u00c5TERBETALNINGSPOLICY Vi \u00e4r s\u00e5 \u00f6vertygade om att du kommer att \u00e4lska v\u00e5ra tj\u00e4nster att vi \u00e4r villiga att erbjuda en 30 dagars riskfri pengarna tillbaka-garanti. Om du av n\u00e5gon anledning inte \u00e4r n\u00f6jd med tj\u00e4nsten kan du f\u00e5 en \u00e5terbetalning inom 30 dagar efter k\u00f6pet. T\u00e4nk p\u00e5 att \u00e4ven om [...]<\/p>","protected":false},"author":1,"featured_media":0,"parent":0,"menu_order":0,"comment_status":"closed","ping_status":"closed","template":"","meta":{"_seopress_robots_primary_cat":"","_seopress_titles_title":"Know Before You Buy: Shipping &amp; Returns Info for Your Wooden Map","_seopress_titles_desc":"Get all the info you need before buying! Explore transparent shipping costs, estimated delivery times, &amp; our return policy for your wooden map.","_seopress_robots_index":"","_monsterinsights_skip_tracking":false,"_monsterinsights_sitenote_active":false,"_monsterinsights_sitenote_note":"","_monsterinsights_sitenote_category":0,"site-sidebar-layout":"no-sidebar","site-content-layout":"page-builder","ast-site-content-layout":"full-width-container","site-content-style":"unboxed","site-sidebar-style":"unboxed","ast-global-header-display":"","ast-banner-title-visibility":"","ast-main-header-display":"","ast-hfb-above-header-display":"","ast-hfb-below-header-display":"","ast-hfb-mobile-header-display":"","site-post-title":"disabled","ast-breadcrumbs-content":"","ast-featured-img":"disabled","footer-sml-layout":"","theme-transparent-header-meta":"enabled","adv-header-id-meta":"","stick-header-meta":"","header-above-stick-meta":"","header-main-stick-meta":"","header-below-stick-meta":"","astra-migrate-meta-layouts":"set","ast-page-background-enabled":"default","ast-page-background-meta":{"desktop":{"background-color":"","background-image":"","background-repeat":"repeat","background-position":"center center","background-size":"auto","background-attachment":"scroll","background-type":"","background-media":"","overlay-type":"","overlay-color":"","overlay-opacity":"","overlay-gradient":""},"tablet":{"background-color":"","background-image":"","background-repeat":"repeat","background-position":"center center","background-size":"auto","background-attachment":"scroll","background-type":"","background-media":"","overlay-type":"","overlay-color":"","overlay-opacity":"","overlay-gradient":""},"mobile":{"background-color":"","background-image":"","background-repeat":"repeat","background-position":"center center","background-size":"auto","background-attachment":"scroll","background-type":"","background-media":"","overlay-type":"","overlay-color":"","overlay-opacity":"","overlay-gradient":""}},"ast-content-background-meta":{"desktop":{"background-color":"var(--ast-global-color-5)","background-image":"","background-repeat":"repeat","background-position":"center center","background-size":"auto","background-attachment":"scroll","background-type":"","background-media":"","overlay-type":"","overlay-color":"","overlay-opacity":"","overlay-gradient":""},"tablet":{"background-color":"var(--ast-global-color-5)","background-image":"","background-repeat":"repeat","background-position":"center center","background-size":"auto","background-attachment":"scroll","background-type":"","background-media":"","overlay-type":"","overlay-color":"","overlay-opacity":"","overlay-gradient":""},"mobile":{"background-color":"var(--ast-global-color-5)","background-image":"","background-repeat":"repeat","background-position":"center center","background-size":"auto","background-attachment":"scroll","background-type":"","background-media":"","overlay-type":"","overlay-color":"","overlay-opacity":"","overlay-gradient":""}},"footnotes":""},"class_list":["post-3225","page","type-page","status-publish","hentry"],"_links":{"self":[{"href":"https:\/\/yourwoodenmap.com\/se\/wp-json\/wp\/v2\/pages\/3225","targetHints":{"allow":["GET"]}}],"collection":[{"href":"https:\/\/yourwoodenmap.com\/se\/wp-json\/wp\/v2\/pages"}],"about":[{"href":"https:\/\/yourwoodenmap.com\/se\/wp-json\/wp\/v2\/types\/page"}],"author":[{"embeddable":true,"href":"https:\/\/yourwoodenmap.com\/se\/wp-json\/wp\/v2\/users\/1"}],"replies":[{"embeddable":true,"href":"https:\/\/yourwoodenmap.com\/se\/wp-json\/wp\/v2\/comments?post=3225"}],"version-history":[{"count":1,"href":"https:\/\/yourwoodenmap.com\/se\/wp-json\/wp\/v2\/pages\/3225\/revisions"}],"predecessor-version":[{"id":4749,"href":"https:\/\/yourwoodenmap.com\/se\/wp-json\/wp\/v2\/pages\/3225\/revisions\/4749"}],"wp:attachment":[{"href":"https:\/\/yourwoodenmap.com\/se\/wp-json\/wp\/v2\/media?parent=3225"}],"curies":[{"name":"wp","href":"https:\/\/api.w.org\/{rel}","templated":true}]}}